{"id":41093,"date":"2022-07-19T19:06:10","date_gmt":"2022-07-19T15:06:10","guid":{"rendered":"https:\/\/www.commissionoceanindien.org\/?page_id=41093"},"modified":"2022-11-14T13:05:12","modified_gmt":"2022-11-14T09:05:12","slug":"caoi","status":"publish","type":"page","link":"https:\/\/www.commissionoceanindien.org\/pt-pt\/caoi\/","title":{"rendered":"CAOI"},"content":{"rendered":"<p><div class=\"fusion-fullwidth fullwidth-box fusion-builder-row-1 nonhundred-percent-fullwidth non-hundred-percent-height-scrolling\" style=\"--awb-border-radius-top-left:0px;--awb-border-radius-top-right:0px;--awb-border-radius-bottom-right:0px;--awb-border-radius-bottom-left:0px;--awb-flex-wrap:wrap;\" ><div class=\"fusion-builder-row fusion-row\"><div class=\"fusion-layout-column fusion_builder_column fusion-builder-column-0 fusion_builder_column_1_1 1_1 fusion-one-full fusion-column-first fusion-column-last\" style=\"--awb-bg-size:cover;\"><div class=\"fusion-column-wrapper fusion-column-has-shadow fusion-flex-column-wrapper-legacy\"><div class=\"fusion-title title fusion-title-1 fusion-sep-none fusion-title-text fusion-title-size-one\" style=\"--awb-text-color:#707400;--awb-margin-bottom:0px;\"><h1 class=\"fusion-title-heading title-heading-left\" style=\"margin:0;\">Primeiro subcomponente<\/h1><\/div><div class=\"fusion-title title fusion-title-2 fusion-sep-none fusion-title-text fusion-title-size-two\" style=\"--awb-text-color:#004169;--awb-margin-top:10px;--awb-margin-bottom:10px;\"><h2 class=\"fusion-title-heading title-heading-left\" style=\"margin:0;\">Implementa\u00e7\u00e3o das resolu\u00e7\u00f5es da Comiss\u00e3o do Atum do Oceano \u00cdndico (CAOI) nos pa\u00edses do sudoeste do Oceano \u00cdndico<\/h2><\/div><div class=\"fusion-clearfix\"><\/div><\/div><\/div><div class=\"fusion-layout-column fusion_builder_column fusion-builder-column-1 fusion_builder_column_1_6 1_6 fusion-one-sixth fusion-column-first\" style=\"--awb-bg-size:cover;width:16.666666666667%;width:calc(16.666666666667% - ( ( 4% + 4% ) * 0.16666666666667 ) );margin-right: 4%;\"><div class=\"fusion-column-wrapper fusion-column-has-shadow fusion-flex-column-wrapper-legacy\"><div class=\"fusion-clearfix\"><\/div><\/div><\/div><div class=\"fusion-layout-column fusion_builder_column fusion-builder-column-2 fusion_builder_column_3_5 3_5 fusion-three-fifth\" style=\"--awb-bg-size:cover;width:60%;width:calc(60% - ( ( 4% + 4% ) * 0.6 ) );margin-right: 4%;\"><div class=\"fusion-column-wrapper fusion-column-has-shadow fusion-flex-column-wrapper-legacy\"><div class=\"fusion-title title fusion-title-3 fusion-sep-none fusion-title-center fusion-title-text fusion-title-size-one\" style=\"--awb-text-color:#004169;--awb-margin-bottom:0px;\"><h1 class=\"fusion-title-heading title-heading-center\" style=\"margin:0;\">Budget<\/h1><\/div><div class=\"fusion-counters-box counters-box row fusion-clearfix fusion-columns-1\" style=\"--awb-body-color:#000000;--awb-border-color:rgba(224,222,222,0);--awb-color:#004169;--awb-border-color:rgba(224,222,222,0);\"><div class=\"fusion-counter-box fusion-column col-counter-box counter-box-wrapper col-lg-12 col-md-12 col-sm-12\" data-animationOffset=\"top-into-view\"><div class=\"counter-box-container\"><div class=\"content-box-percentage content-box-counter\"><span class=\"display-counter\" data-value=\"3600000\" data-delimiter=\" \" data-direction=\"up\" data-decimals=\"0\">0<\/span><span class=\"unit\"> USD <\/span><\/div><div class=\"counter-box-content\"><\/div><\/div><\/div><\/div><div class=\"clearfix\"><\/div><div class=\"fusion-clearfix\"><\/div><\/div><\/div><div class=\"fusion-layout-column fusion_builder_column fusion-builder-column-3 fusion_builder_column_1_6 1_6 fusion-one-sixth fusion-column-last\" style=\"--awb-bg-size:cover;width:16.666666666667%;width:calc(16.666666666667% - ( ( 4% + 4% ) * 0.16666666666667 ) );\"><div class=\"fusion-column-wrapper fusion-column-has-shadow fusion-flex-column-wrapper-legacy\"><div class=\"fusion-clearfix\"><\/div><\/div><\/div><\/div><\/div><div class=\"fusion-fullwidth fullwidth-box fusion-builder-row-2 fusion-flex-container nonhundred-percent-fullwidth non-hundred-percent-height-scrolling\" style=\"--awb-border-radius-top-left:0px;--awb-border-radius-top-right:0px;--awb-border-radius-bottom-right:0px;--awb-border-radius-bottom-left:0px;--awb-flex-wrap:wrap;\" ><div class=\"fusion-builder-row fusion-row fusion-flex-align-items-flex-start fusion-flex-content-wrap\" style=\"max-width:1144px;margin-left: calc(-4% \/ 2 );margin-right: calc(-4% \/ 2 );\"><div class=\"fusion-layout-column fusion_builder_column fusion-builder-column-4 fusion_builder_column_1_1 1_1 fusion-flex-column\" style=\"--awb-bg-size:cover;--awb-width-large:100%;--awb-margin-top-large:0px;--awb-spacing-right-large:1.92%;--awb-margin-bottom-large:20px;--awb-spacing-left-large:1.92%;--awb-width-medium:100%;--awb-order-medium:0;--awb-spacing-right-medium:1.92%;--awb-spacing-left-medium:1.92%;--awb-width-small:100%;--awb-order-small:0;--awb-spacing-right-small:1.92%;--awb-spacing-left-small:1.92%;\"><div class=\"fusion-column-wrapper fusion-column-has-shadow fusion-flex-justify-content-flex-start fusion-content-layout-column\"><div class=\"fusion-content-boxes content-boxes columns row fusion-columns-1 fusion-columns-total-1 fusion-content-boxes-1 content-boxes-clean-horizontal content-left content-boxes-icon-on-side fusion-delayed-animation\" style=\"--awb-backgroundcolor:#f9f9fb;--awb-body-color:#212326;--awb-title-color:#141617;--awb-iconcolor:#ffffff;--awb-margin-bottom:0px;--awb-hover-accent-color:#141617;--awb-circle-hover-accent-color:#141617;--awb-item-margin-bottom:40px;\" data-animation-delay=\"500\" data-animationOffset=\"top-into-view\"><div style=\"--awb-backgroundcolor:#f9f9fb;--awb-iconcolor:#ffffff;--awb-content-padding-left:68px;border-color:rgba(255,255,255,0);\" class=\"fusion-column content-box-column content-box-column content-box-column-1 col-lg-12 col-md-12 col-sm-12 fusion-content-box-hover content-box-column-last content-box-column-last-in-row\"><div class=\"col content-box-wrapper content-wrapper-background link-area-link-icon icon-hover-animation-slide fusion-animated\" data-animationType=\"fadeInLeft\" data-animationDuration=\"2.0\" data-animationOffset=\"top-into-view\"><div class=\"heading heading-with-icon icon-left\"><div class=\"icon\" style=\"-webkit-animation-duration: 500ms;animation-duration: 500ms;\"><i style=\"border-color:#333333;border-width:0px;background-color:#004169;box-sizing:content-box;height:48px;width:48px;line-height:48px;border-radius:8px;font-size:24px;\" aria-hidden=\"true\" class=\"fontawesome-icon fa-bullseye fas circle-yes\"><\/i><\/div><h3 class=\"content-box-heading\" style=\"--h3_typography-font-size:24px;line-height:29px;padding-left:68px;\">Objectivos<\/h3><\/div><div class=\"fusion-clearfix\"><\/div><div class=\"content-container\">\n<div style=\"text-align: justify;\">\n<p><span style=\"font-family: var(--body_typography-font-family); font-size: var(--body_typography-font-size); font-style: var(--body_typography-font-style,normal); font-weight: var(--body_typography-font-weight); letter-spacing: var(--body_typography-letter-spacing);\">1. Refor\u00e7ar o apoio \u00e0 coordena\u00e7\u00e3o regional no \u00e2mbito da SWIOFish1, visando a gest\u00e3o do atum e esp\u00e9cies afins atrav\u00e9s da CAOI.<\/span><\/p>\n<p>2. Apoiar a participa\u00e7\u00e3o dos pa\u00edses da Comiss\u00e3o das Pescas do Sudoeste do Oceano \u00cdndico (SBSC) no F\u00f3rum da CAOI.<\/p>\n<p>3. Refor\u00e7ar o cumprimento das obriga\u00e7\u00f5es internacionais em mat\u00e9ria de pescas ao abrigo da CAOI.<\/p>\n<p>4. Apoiar a CAOI na presta\u00e7\u00e3o de apoio e forma\u00e7\u00e3o aos Estados-Membros para a implementa\u00e7\u00e3o das resolu\u00e7\u00f5es da CAOI para a gest\u00e3o sustent\u00e1vel da pesca do atum.<\/p>\n<\/div>\n<\/div><\/div><\/div><div class=\"fusion-clearfix\"><\/div><\/div><div class=\"fusion-content-boxes content-boxes columns row fusion-columns-1 fusion-columns-total-1 fusion-content-boxes-2 content-boxes-clean-horizontal content-left content-boxes-icon-on-side fusion-delayed-animation\" style=\"--awb-backgroundcolor:#f9f9fb;--awb-body-color:#212326;--awb-title-color:#141617;--awb-iconcolor:#ffffff;--awb-margin-bottom:0px;--awb-hover-accent-color:#141617;--awb-circle-hover-accent-color:#141617;--awb-item-margin-bottom:40px;\" data-animation-delay=\"500\" data-animationOffset=\"top-into-view\"><div style=\"--awb-backgroundcolor:#f9f9fb;--awb-iconcolor:#ffffff;--awb-content-padding-left:68px;border-color:rgba(255,255,255,0);\" class=\"fusion-column content-box-column content-box-column content-box-column-1 col-lg-12 col-md-12 col-sm-12 fusion-content-box-hover content-box-column-last content-box-column-last-in-row\"><div class=\"col content-box-wrapper content-wrapper-background link-area-link-icon icon-hover-animation-slide fusion-animated\" data-animationType=\"fadeInLeft\" data-animationDuration=\"2.0\" data-animationOffset=\"top-into-view\"><div class=\"heading heading-with-icon icon-left\"><div class=\"icon\" style=\"-webkit-animation-duration: 500ms;animation-duration: 500ms;\"><i style=\"border-color:#333333;border-width:0px;background-color:#004169;box-sizing:content-box;height:48px;width:48px;line-height:48px;border-radius:8px;font-size:24px;\" aria-hidden=\"true\" class=\"fontawesome-icon fa-tasks fas circle-yes\"><\/i><\/div><h3 class=\"content-box-heading\" style=\"--h3_typography-font-size:24px;line-height:29px;padding-left:68px;\">Actividades<\/h3><\/div><div class=\"fusion-clearfix\"><\/div><div class=\"content-container\">\n<p style=\"text-align: justify;\">1. Refor\u00e7o da capacidade do Secretariado da CAOI com pessoal t\u00e9cnico\/administrativo e de apoio a longo prazo para a implementa\u00e7\u00e3o do subcomponente;<\/p>\n<p style=\"text-align: justify;\">2. Realiza\u00e7\u00e3o de sess\u00f5es, reuni\u00f5es entre estas sess\u00f5es, e estudos para informar os Parceiros e Grupos de Trabalho no seio da CAOI e para refor\u00e7ar a capacidade dos pa\u00edses benefici\u00e1rios em mat\u00e9ria de conformidade;<\/p>\n<p style=\"text-align: justify;\">3. Refor\u00e7o do cumprimento das Resolu\u00e7\u00f5es da CAOI nos pa\u00edses benefici\u00e1rios, incluindo o financiamento de miss\u00f5es de cumprimento das MMC, a realiza\u00e7\u00e3o de workshops e de forma\u00e7\u00e3o, o desenvolvimento de directrizes e um comp\u00eandio, a transcri\u00e7\u00e3o das Resolu\u00e7\u00f5es da CAOI para as legisla\u00e7\u00e3o nacionais, o desenvolvimento de um sistema de informa\u00e7\u00e3o, a cria\u00e7\u00e3o de um sistema de registo di\u00e1rio, e a promo\u00e7\u00e3o da sensibiliza\u00e7\u00e3o para os processos da CAOI e MMC;<\/p>\n<p style=\"text-align: justify;\">4. refor\u00e7o do desempenho do Estado de bandeira dos pa\u00edses benefici\u00e1rios atrav\u00e9s de uma melhor compreens\u00e3o e implementa\u00e7\u00e3o das suas obriga\u00e7\u00f5es; (e) refor\u00e7o da implementa\u00e7\u00e3o das medidas de combate \u00e0 pesca ilegal, n\u00e3o declarada e n\u00e3o regulamentada por parte dos Estados do porto, atrav\u00e9s do necess\u00e1rio apoio administrativo e operacional, da presta\u00e7\u00e3o de forma\u00e7\u00e3o regional para a coopera\u00e7\u00e3o nacional interag\u00eancias e a coopera\u00e7\u00e3o regional, do desenvolvimento e melhoria de uma aplica\u00e7\u00e3o electr\u00f3nica e da forma\u00e7\u00e3o dos pa\u00edses costeiros na sua utiliza\u00e7\u00e3o, e da promo\u00e7\u00e3o da sensibiliza\u00e7\u00e3o e da presta\u00e7\u00e3o de apoio jur\u00eddico; e<\/p>\n<p style=\"text-align: justify;\">5. Refor\u00e7o da capacidade dos pa\u00edses benefici\u00e1rios em mat\u00e9ria de MCS da pesca do atum e esp\u00e9cies afins, atrav\u00e9s da produ\u00e7\u00e3o de um manual de boas pr\u00e1ticas e orienta\u00e7\u00f5es conexas e de assist\u00eancia t\u00e9cnica para a implementa\u00e7\u00e3o das resolu\u00e7\u00f5es da CAOI recentemente adoptadas.<\/p>\n<\/div><\/div><\/div><div class=\"fusion-clearfix\"><\/div><\/div><\/div><\/div><\/div><\/div><\/p>\n","protected":false},"excerpt":{"rendered":"","protected":false},"author":2,"featured_media":0,"parent":0,"menu_order":0,"comment_status":"closed","ping_status":"closed","template":"","meta":{"footnotes":""},"class_list":["post-41093","page","type-page","status-publish","hentry"],"yoast_head":"<!-- This site is optimized with the Yoast SEO Premium plugin v26.5 (Yoast SEO v27.2) - https:\/\/yoast.com\/product\/yoast-seo-premium-wordpress\/ -->\n<title>CAOI - Commission de l&#039;oc\u00e9an Indien<\/title>\n<meta name=\"description\" content=\"Implementa\u00e7\u00e3o das resolu\u00e7\u00f5es da Comiss\u00e3o do Atum do Oceano \u00cdndico (CAOI) nos pa\u00edses do sudoeste do Oceano \u00cdndico\" \/>\n<meta name=\"robots\" content=\"index, follow, max-snippet:-1, max-image-preview:large, max-video-preview:-1\" \/>\n<link rel=\"canonical\" href=\"https:\/\/www.commissionoceanindien.org\/ctoi\/\" \/>\n<meta property=\"og:locale\" content=\"pt_PT\" \/>\n<meta property=\"og:type\" content=\"article\" \/>\n<meta property=\"og:title\" content=\"CAOI\" \/>\n<meta property=\"og:description\" content=\"Implementa\u00e7\u00e3o das resolu\u00e7\u00f5es da Comiss\u00e3o do Atum do Oceano \u00cdndico (CAOI) nos pa\u00edses do sudoeste do Oceano \u00cdndico\" \/>\n<meta property=\"og:url\" content=\"https:\/\/www.commissionoceanindien.org\/ctoi\/\" \/>\n<meta property=\"og:site_name\" content=\"Commission de l&#039;oc\u00e9an Indien\" \/>\n<meta property=\"article:modified_time\" content=\"2022-11-14T09:05:12+00:00\" \/>\n<meta name=\"twitter:card\" content=\"summary_large_image\" \/>\n<meta name=\"twitter:label1\" content=\"Tempo estimado de leitura\" \/>\n\t<meta name=\"twitter:data1\" content=\"6 minutos\" \/>\n<script type=\"application\/ld+json\" class=\"yoast-schema-graph\">{\"@context\":\"https:\/\/schema.org\",\"@graph\":[{\"@type\":\"WebPage\",\"@id\":\"https:\/\/www.commissionoceanindien.org\/ctoi\/\",\"url\":\"https:\/\/www.commissionoceanindien.org\/ctoi\/\",\"name\":\"CAOI - Commission de l&#039;oc\u00e9an Indien\",\"isPartOf\":{\"@id\":\"https:\/\/www.commissionoceanindien.org\/#website\"},\"datePublished\":\"2022-07-19T15:06:10+00:00\",\"dateModified\":\"2022-11-14T09:05:12+00:00\",\"description\":\"Implementa\u00e7\u00e3o das resolu\u00e7\u00f5es da Comiss\u00e3o do Atum do Oceano \u00cdndico (CAOI) nos pa\u00edses do sudoeste do Oceano \u00cdndico\",\"breadcrumb\":{\"@id\":\"https:\/\/www.commissionoceanindien.org\/ctoi\/#breadcrumb\"},\"inLanguage\":\"pt-PT\",\"potentialAction\":[{\"@type\":\"ReadAction\",\"target\":[\"https:\/\/www.commissionoceanindien.org\/ctoi\/\"]}]},{\"@type\":\"BreadcrumbList\",\"@id\":\"https:\/\/www.commissionoceanindien.org\/ctoi\/#breadcrumb\",\"itemListElement\":[{\"@type\":\"ListItem\",\"position\":1,\"name\":\"Accueil\",\"item\":\"https:\/\/www.commissionoceanindien.org\/\"},{\"@type\":\"ListItem\",\"position\":2,\"name\":\"CAOI\"}]},{\"@type\":\"WebSite\",\"@id\":\"https:\/\/www.commissionoceanindien.org\/#website\",\"url\":\"https:\/\/www.commissionoceanindien.org\/\",\"name\":\"Commission de l&#039;oc\u00e9an Indien\",\"description\":\"Assurer la s\u00e9curit\u00e9 de l\u2019Indianoc\u00e9anie sur tous les fronts\",\"publisher\":{\"@id\":\"https:\/\/www.commissionoceanindien.org\/#organization\"},\"potentialAction\":[{\"@type\":\"SearchAction\",\"target\":{\"@type\":\"EntryPoint\",\"urlTemplate\":\"https:\/\/www.commissionoceanindien.org\/?s={search_term_string}\"},\"query-input\":{\"@type\":\"PropertyValueSpecification\",\"valueRequired\":true,\"valueName\":\"search_term_string\"}}],\"inLanguage\":\"pt-PT\"},{\"@type\":\"Organization\",\"@id\":\"https:\/\/www.commissionoceanindien.org\/#organization\",\"name\":\"Commission de l'oc\u00e9an Indien\",\"url\":\"https:\/\/www.commissionoceanindien.org\/\",\"logo\":{\"@type\":\"ImageObject\",\"inLanguage\":\"pt-PT\",\"@id\":\"https:\/\/www.commissionoceanindien.org\/#\/schema\/logo\/image\/\",\"url\":\"https:\/\/www.commissionoceanindien.org\/wp-content\/uploads\/2019\/10\/french-coi-logo-100px-french-logo.png\",\"contentUrl\":\"https:\/\/www.commissionoceanindien.org\/wp-content\/uploads\/2019\/10\/french-coi-logo-100px-french-logo.png\",\"width\":276,\"height\":100,\"caption\":\"Commission de l'oc\u00e9an Indien\"},\"image\":{\"@id\":\"https:\/\/www.commissionoceanindien.org\/#\/schema\/logo\/image\/\"}}]}<\/script>\n<!-- \/ Yoast SEO Premium plugin. -->","yoast_head_json":{"title":"CAOI - Commission de l&#039;oc\u00e9an Indien","description":"Implementa\u00e7\u00e3o das resolu\u00e7\u00f5es da Comiss\u00e3o do Atum do Oceano \u00cdndico (CAOI) nos pa\u00edses do sudoeste do Oceano \u00cdndico","robots":{"index":"index","follow":"follow","max-snippet":"max-snippet:-1","max-image-preview":"max-image-preview:large","max-video-preview":"max-video-preview:-1"},"canonical":"https:\/\/www.commissionoceanindien.org\/ctoi\/","og_locale":"pt_PT","og_type":"article","og_title":"CAOI","og_description":"Implementa\u00e7\u00e3o das resolu\u00e7\u00f5es da Comiss\u00e3o do Atum do Oceano \u00cdndico (CAOI) nos pa\u00edses do sudoeste do Oceano \u00cdndico","og_url":"https:\/\/www.commissionoceanindien.org\/ctoi\/","og_site_name":"Commission de l&#039;oc\u00e9an Indien","article_modified_time":"2022-11-14T09:05:12+00:00","twitter_card":"summary_large_image","twitter_misc":{"Tempo estimado de leitura":"6 minutos"},"schema":{"@context":"https:\/\/schema.org","@graph":[{"@type":"WebPage","@id":"https:\/\/www.commissionoceanindien.org\/ctoi\/","url":"https:\/\/www.commissionoceanindien.org\/ctoi\/","name":"CAOI - Commission de l&#039;oc\u00e9an Indien","isPartOf":{"@id":"https:\/\/www.commissionoceanindien.org\/#website"},"datePublished":"2022-07-19T15:06:10+00:00","dateModified":"2022-11-14T09:05:12+00:00","description":"Implementa\u00e7\u00e3o das resolu\u00e7\u00f5es da Comiss\u00e3o do Atum do Oceano \u00cdndico (CAOI) nos pa\u00edses do sudoeste do Oceano \u00cdndico","breadcrumb":{"@id":"https:\/\/www.commissionoceanindien.org\/ctoi\/#breadcrumb"},"inLanguage":"pt-PT","potentialAction":[{"@type":"ReadAction","target":["https:\/\/www.commissionoceanindien.org\/ctoi\/"]}]},{"@type":"BreadcrumbList","@id":"https:\/\/www.commissionoceanindien.org\/ctoi\/#breadcrumb","itemListElement":[{"@type":"ListItem","position":1,"name":"Accueil","item":"https:\/\/www.commissionoceanindien.org\/"},{"@type":"ListItem","position":2,"name":"CAOI"}]},{"@type":"WebSite","@id":"https:\/\/www.commissionoceanindien.org\/#website","url":"https:\/\/www.commissionoceanindien.org\/","name":"Commission de l&#039;oc\u00e9an Indien","description":"Assurer la s\u00e9curit\u00e9 de l\u2019Indianoc\u00e9anie sur tous les fronts","publisher":{"@id":"https:\/\/www.commissionoceanindien.org\/#organization"},"potentialAction":[{"@type":"SearchAction","target":{"@type":"EntryPoint","urlTemplate":"https:\/\/www.commissionoceanindien.org\/?s={search_term_string}"},"query-input":{"@type":"PropertyValueSpecification","valueRequired":true,"valueName":"search_term_string"}}],"inLanguage":"pt-PT"},{"@type":"Organization","@id":"https:\/\/www.commissionoceanindien.org\/#organization","name":"Commission de l'oc\u00e9an Indien","url":"https:\/\/www.commissionoceanindien.org\/","logo":{"@type":"ImageObject","inLanguage":"pt-PT","@id":"https:\/\/www.commissionoceanindien.org\/#\/schema\/logo\/image\/","url":"https:\/\/www.commissionoceanindien.org\/wp-content\/uploads\/2019\/10\/french-coi-logo-100px-french-logo.png","contentUrl":"https:\/\/www.commissionoceanindien.org\/wp-content\/uploads\/2019\/10\/french-coi-logo-100px-french-logo.png","width":276,"height":100,"caption":"Commission de l'oc\u00e9an Indien"},"image":{"@id":"https:\/\/www.commissionoceanindien.org\/#\/schema\/logo\/image\/"}}]}},"_links":{"self":[{"href":"https:\/\/www.commissionoceanindien.org\/pt-pt\/wp-json\/wp\/v2\/pages\/41093","targetHints":{"allow":["GET"]}}],"collection":[{"href":"https:\/\/www.commissionoceanindien.org\/pt-pt\/wp-json\/wp\/v2\/pages"}],"about":[{"href":"https:\/\/www.commissionoceanindien.org\/pt-pt\/wp-json\/wp\/v2\/types\/page"}],"author":[{"embeddable":true,"href":"https:\/\/www.commissionoceanindien.org\/pt-pt\/wp-json\/wp\/v2\/users\/2"}],"replies":[{"embeddable":true,"href":"https:\/\/www.commissionoceanindien.org\/pt-pt\/wp-json\/wp\/v2\/comments?post=41093"}],"version-history":[{"count":1,"href":"https:\/\/www.commissionoceanindien.org\/pt-pt\/wp-json\/wp\/v2\/pages\/41093\/revisions"}],"predecessor-version":[{"id":41094,"href":"https:\/\/www.commissionoceanindien.org\/pt-pt\/wp-json\/wp\/v2\/pages\/41093\/revisions\/41094"}],"wp:attachment":[{"href":"https:\/\/www.commissionoceanindien.org\/pt-pt\/wp-json\/wp\/v2\/media?parent=41093"}],"curies":[{"name":"wp","href":"https:\/\/api.w.org\/{rel}","templated":true}]}}