{"id":41090,"date":"2022-07-21T13:20:42","date_gmt":"2022-07-21T09:20:42","guid":{"rendered":"https:\/\/www.commissionoceanindien.org\/?page_id=41090"},"modified":"2023-04-12T12:01:13","modified_gmt":"2023-04-12T08:01:13","slug":"fpaoi","status":"publish","type":"page","link":"https:\/\/www.commissionoceanindien.org\/pt-pt\/fpaoi\/","title":{"rendered":"FPAOI"},"content":{"rendered":"<p><div class=\"fusion-fullwidth fullwidth-box fusion-builder-row-1 nonhundred-percent-fullwidth non-hundred-percent-height-scrolling\" style=\"--awb-border-radius-top-left:0px;--awb-border-radius-top-right:0px;--awb-border-radius-bottom-right:0px;--awb-border-radius-bottom-left:0px;--awb-flex-wrap:wrap;\" ><div class=\"fusion-builder-row fusion-row\"><div class=\"fusion-layout-column fusion_builder_column fusion-builder-column-0 fusion_builder_column_1_1 1_1 fusion-one-full fusion-column-first fusion-column-last\" style=\"--awb-bg-size:cover;\"><div class=\"fusion-column-wrapper fusion-column-has-shadow fusion-flex-column-wrapper-legacy\"><div class=\"fusion-title title fusion-title-1 fusion-sep-none fusion-title-text fusion-title-size-one\" style=\"--awb-text-color:#707400;--awb-margin-bottom:0px;--awb-font-size:33px;\"><h1 class=\"fusion-title-heading title-heading-left\" style=\"margin:0;font-size:1em;\">Terceiro subcomponente<\/h1><\/div><div class=\"fusion-title title fusion-title-2 fusion-sep-none fusion-title-text fusion-title-size-two\" style=\"--awb-text-color:#004169;--awb-margin-top:10px;--awb-margin-bottom:10px;\"><h2 class=\"fusion-title-heading title-heading-left\" style=\"margin:0;\">Apoio \u00e0 Federa\u00e7\u00e3o dos Pescadores Artesanais do Oceano \u00cdndico (FPAOI)<\/h2><\/div><div class=\"fusion-clearfix\"><\/div><\/div><\/div><div class=\"fusion-layout-column fusion_builder_column fusion-builder-column-1 fusion_builder_column_1_6 1_6 fusion-one-sixth fusion-column-first\" style=\"--awb-bg-size:cover;width:16.666666666667%;width:calc(16.666666666667% - ( ( 4% + 4% ) * 0.16666666666667 ) );margin-right: 4%;\"><div class=\"fusion-column-wrapper fusion-column-has-shadow fusion-flex-column-wrapper-legacy\"><div class=\"fusion-clearfix\"><\/div><\/div><\/div><div class=\"fusion-layout-column fusion_builder_column fusion-builder-column-2 fusion_builder_column_3_5 3_5 fusion-three-fifth\" style=\"--awb-bg-size:cover;width:60%;width:calc(60% - ( ( 4% + 4% ) * 0.6 ) );margin-right: 4%;\"><div class=\"fusion-column-wrapper fusion-column-has-shadow fusion-flex-column-wrapper-legacy\"><div class=\"fusion-title title fusion-title-3 fusion-sep-none fusion-title-center fusion-title-text fusion-title-size-one\" style=\"--awb-text-color:#004169;--awb-margin-bottom:0px;\"><h1 class=\"fusion-title-heading title-heading-center\" style=\"margin:0;\">Budget<\/h1><\/div><div class=\"fusion-counters-box counters-box row fusion-clearfix fusion-columns-1\" style=\"--awb-body-color:#000000;--awb-border-color:rgba(224,222,222,0);--awb-color:#004169;--awb-border-color:rgba(224,222,222,0);\"><div class=\"fusion-counter-box fusion-column col-counter-box counter-box-wrapper col-lg-12 col-md-12 col-sm-12\" data-animationOffset=\"top-into-view\"><div class=\"counter-box-container\"><div class=\"content-box-percentage content-box-counter\"><span class=\"display-counter\" data-value=\"2300000\" data-delimiter=\" \" data-direction=\"up\" data-decimals=\"0\">0<\/span><span class=\"unit\"> USD <\/span><\/div><div class=\"counter-box-content\"><\/div><\/div><\/div><\/div><div class=\"clearfix\"><\/div><div class=\"fusion-clearfix\"><\/div><\/div><\/div><div class=\"fusion-layout-column fusion_builder_column fusion-builder-column-3 fusion_builder_column_1_6 1_6 fusion-one-sixth fusion-column-last\" style=\"--awb-bg-size:cover;width:16.666666666667%;width:calc(16.666666666667% - ( ( 4% + 4% ) * 0.16666666666667 ) );\"><div class=\"fusion-column-wrapper fusion-column-has-shadow fusion-flex-column-wrapper-legacy\"><div class=\"fusion-clearfix\"><\/div><\/div><\/div><\/div><\/div><div class=\"fusion-fullwidth fullwidth-box fusion-builder-row-2 fusion-flex-container nonhundred-percent-fullwidth non-hundred-percent-height-scrolling\" style=\"--awb-border-radius-top-left:0px;--awb-border-radius-top-right:0px;--awb-border-radius-bottom-right:0px;--awb-border-radius-bottom-left:0px;--awb-flex-wrap:wrap;\" ><div class=\"fusion-builder-row fusion-row fusion-flex-align-items-flex-start fusion-flex-content-wrap\" style=\"max-width:1144px;margin-left: calc(-4% \/ 2 );margin-right: calc(-4% \/ 2 );\"><div class=\"fusion-layout-column fusion_builder_column fusion-builder-column-4 fusion_builder_column_1_1 1_1 fusion-flex-column\" style=\"--awb-bg-size:cover;--awb-width-large:100%;--awb-margin-top-large:0px;--awb-spacing-right-large:1.92%;--awb-margin-bottom-large:20px;--awb-spacing-left-large:1.92%;--awb-width-medium:100%;--awb-order-medium:0;--awb-spacing-right-medium:1.92%;--awb-spacing-left-medium:1.92%;--awb-width-small:100%;--awb-order-small:0;--awb-spacing-right-small:1.92%;--awb-spacing-left-small:1.92%;\"><div class=\"fusion-column-wrapper fusion-column-has-shadow fusion-flex-justify-content-flex-start fusion-content-layout-column\"><div class=\"fusion-content-boxes content-boxes columns row fusion-columns-2 fusion-columns-total-2 fusion-content-boxes-1 content-boxes-clean-horizontal content-left content-boxes-icon-on-side fusion-delayed-animation\" style=\"--awb-backgroundcolor:#f9f9fb;--awb-body-color:#212326;--awb-title-color:#141617;--awb-iconcolor:#ffffff;--awb-margin-bottom:0px;--awb-hover-accent-color:#141617;--awb-circle-hover-accent-color:#141617;\" data-animation-delay=\"500\" data-animationOffset=\"top-into-view\"><div style=\"--awb-backgroundcolor:#f9f9fb;--awb-iconcolor:#ffffff;--awb-content-padding-left:68px;border-color:rgba(255,255,255,0);\" class=\"fusion-column content-box-column content-box-column content-box-column-1 col-lg-6 col-md-6 col-sm-6 fusion-content-box-hover content-box-column-first-in-row\"><div class=\"col content-box-wrapper content-wrapper-background link-area-link-icon icon-hover-animation-slide fusion-animated\" data-animationType=\"fadeInLeft\" data-animationDuration=\"2.0\" data-animationOffset=\"top-into-view\"><div class=\"heading heading-with-icon icon-left\"><div class=\"icon\" style=\"-webkit-animation-duration: 500ms;animation-duration: 500ms;\"><i style=\"border-color:#333333;border-width:0px;background-color:#004169;box-sizing:content-box;height:48px;width:48px;line-height:48px;border-radius:8px;font-size:24px;\" aria-hidden=\"true\" class=\"fontawesome-icon fa-bullseye fas circle-yes\"><\/i><\/div><h3 class=\"content-box-heading\" style=\"--h3_typography-font-size:24px;line-height:29px;padding-left:68px;\">Objectivos<\/h3><\/div><div class=\"fusion-clearfix\"><\/div><div class=\"content-container\">\n<p style=\"text-align: justify;\">1. Facilitar a coordena\u00e7\u00e3o e o refor\u00e7o do secretariado da FPAOI,<\/p>\n<p style=\"text-align: justify;\">2. Incentivar a participa\u00e7\u00e3o de associa\u00e7\u00f5es de pescadores artesanais da regi\u00e3o da SWIO em f\u00f3runs regionais e internacionais.<\/p>\n<p style=\"text-align: justify;\">3. Apoiar uma abordagem mais inclusiva da pol\u00edtica e gest\u00e3o das pescas.<\/p>\n<\/div><\/div><\/div><div style=\"--awb-backgroundcolor:#f9f9fb;--awb-iconcolor:#ffffff;--awb-content-padding-left:68px;border-color:rgba(255,255,255,0);\" class=\"fusion-column content-box-column content-box-column content-box-column-2 col-lg-6 col-md-6 col-sm-6 fusion-content-box-hover content-box-column-last content-box-column-last-in-row\"><div class=\"col content-box-wrapper content-wrapper-background link-area-link-icon icon-hover-animation-slide fusion-animated\" data-animationType=\"fadeInLeft\" data-animationDuration=\"2.0\" data-animationOffset=\"top-into-view\"><div class=\"heading heading-with-icon icon-left\"><div class=\"icon\" style=\"-webkit-animation-duration: 500ms;animation-duration: 500ms;\"><i style=\"border-color:#333333;border-width:0px;background-color:#004169;box-sizing:content-box;height:48px;width:48px;line-height:48px;border-radius:8px;font-size:24px;\" aria-hidden=\"true\" class=\"fontawesome-icon fa-tasks fas circle-yes\"><\/i><\/div><h3 class=\"content-box-heading\" style=\"--h3_typography-font-size:24px;line-height:29px;padding-left:68px;\">Actividades<\/h3><\/div><div class=\"fusion-clearfix\"><\/div><div class=\"content-container\">\n<p style=\"text-align: justify;\">1. Refor\u00e7o da capacidade do Secretariado da FPAOI;<\/p>\n<p style=\"text-align: justify;\">2. Reuni\u00f5es estatut\u00e1rias e consultas regionais;<\/p>\n<p style=\"text-align: justify;\">3. Participa\u00e7\u00e3o em eventos-chave regionais e internacionais, em especial reuni\u00f5es de organismos regionais de pesca; e<\/p>\n<div style=\"text-align: justify;\"><span style=\"font-family: var(--body_typography-font-family); font-size: var(--body_typography-font-size); font-style: var(--body_typography-font-style,normal); font-weight: var(--body_typography-font-weight); letter-spacing: var(--body_typography-letter-spacing);\">4. Programa de interc\u00e2mbio de pescadores entre as organiza\u00e7\u00f5es nacionais de pescadores participantes atrav\u00e9s da presta\u00e7\u00e3o de servi\u00e7os de consultoria, forma\u00e7\u00e3o, e aprendizagem e outras oportunidades de aprendizagem semelhantes, apenas para benef\u00edcio directo dos pa\u00edses eleg\u00edveis para o IDA.<\/span><\/div>\n<\/div><\/div><\/div><div class=\"fusion-clearfix\"><\/div><\/div><\/div><\/div><\/div><\/div><div class=\"fusion-fullwidth fullwidth-box fusion-builder-row-3 fusion-flex-container has-pattern-background has-mask-background nonhundred-percent-fullwidth non-hundred-percent-height-scrolling\" style=\"--awb-border-radius-top-left:0px;--awb-border-radius-top-right:0px;--awb-border-radius-bottom-right:0px;--awb-border-radius-bottom-left:0px;--awb-flex-wrap:wrap;\" ><div class=\"fusion-builder-row fusion-row fusion-flex-align-items-flex-start fusion-flex-content-wrap\" style=\"max-width:1144px;margin-left: calc(-4% \/ 2 );margin-right: calc(-4% \/ 2 );\"><div class=\"fusion-layout-column fusion_builder_column fusion-builder-column-5 fusion_builder_column_1_1 1_1 fusion-flex-column\" style=\"--awb-bg-size:cover;--awb-width-large:100%;--awb-margin-top-large:0px;--awb-spacing-right-large:1.92%;--awb-margin-bottom-large:20px;--awb-spacing-left-large:1.92%;--awb-width-medium:100%;--awb-order-medium:0;--awb-spacing-right-medium:1.92%;--awb-spacing-left-medium:1.92%;--awb-width-small:100%;--awb-order-small:0;--awb-spacing-right-small:1.92%;--awb-spacing-left-small:1.92%;\"><div class=\"fusion-column-wrapper fusion-column-has-shadow fusion-flex-justify-content-flex-start fusion-content-layout-column\"><div class=\"fusion-title title fusion-title-4 fusion-sep-none fusion-title-center fusion-title-text fusion-title-size-one\" style=\"--awb-text-color:var(--awb-custom15);\"><h1 class=\"fusion-title-heading title-heading-center\" style=\"margin:0;\">Hist\u00f3ria<\/h1><\/div><\/div><\/div><div class=\"fusion-layout-column fusion_builder_column fusion-builder-column-6 fusion_builder_column_1_1 1_1 fusion-flex-column\" style=\"--awb-bg-size:cover;--awb-width-large:100%;--awb-margin-top-large:0px;--awb-spacing-right-large:1.92%;--awb-margin-bottom-large:20px;--awb-spacing-left-large:1.92%;--awb-width-medium:100%;--awb-order-medium:0;--awb-spacing-right-medium:1.92%;--awb-spacing-left-medium:1.92%;--awb-width-small:100%;--awb-order-small:0;--awb-spacing-right-small:1.92%;--awb-spacing-left-small:1.92%;\"><div class=\"fusion-column-wrapper fusion-column-has-shadow fusion-flex-justify-content-flex-start fusion-content-layout-column\"><\/div><\/div><\/div><\/div><\/p>\n","protected":false},"excerpt":{"rendered":"","protected":false},"author":2,"featured_media":0,"parent":0,"menu_order":0,"comment_status":"closed","ping_status":"closed","template":"","meta":{"footnotes":""},"class_list":["post-41090","page","type-page","status-publish","hentry"],"yoast_head":"<!-- This site is optimized with the Yoast SEO Premium plugin v26.5 (Yoast SEO v27.2) - https:\/\/yoast.com\/product\/yoast-seo-premium-wordpress\/ -->\n<title>FPAOI - Commission de l&#039;oc\u00e9an Indien<\/title>\n<meta name=\"description\" content=\"Apoio \u00e0 Federa\u00e7\u00e3o dos Pescadores Artesanais do Oceano \u00cdndico (FPAOI)\" \/>\n<meta name=\"robots\" content=\"index, follow, max-snippet:-1, max-image-preview:large, max-video-preview:-1\" \/>\n<link rel=\"canonical\" href=\"https:\/\/www.commissionoceanindien.org\/fpaoi\/\" \/>\n<meta property=\"og:locale\" content=\"pt_PT\" \/>\n<meta property=\"og:type\" content=\"article\" \/>\n<meta property=\"og:title\" content=\"FPAOI\" \/>\n<meta property=\"og:description\" content=\"Apoio \u00e0 Federa\u00e7\u00e3o dos Pescadores Artesanais do Oceano \u00cdndico (FPAOI)\" \/>\n<meta property=\"og:url\" content=\"https:\/\/www.commissionoceanindien.org\/fpaoi\/\" \/>\n<meta property=\"og:site_name\" content=\"Commission de l&#039;oc\u00e9an Indien\" \/>\n<meta property=\"article:modified_time\" content=\"2023-04-12T08:01:13+00:00\" \/>\n<meta name=\"twitter:card\" content=\"summary_large_image\" \/>\n<meta name=\"twitter:label1\" content=\"Tempo estimado de leitura\" \/>\n\t<meta name=\"twitter:data1\" content=\"6 minutos\" \/>\n<script type=\"application\/ld+json\" class=\"yoast-schema-graph\">{\"@context\":\"https:\/\/schema.org\",\"@graph\":[{\"@type\":\"WebPage\",\"@id\":\"https:\/\/www.commissionoceanindien.org\/fpaoi\/\",\"url\":\"https:\/\/www.commissionoceanindien.org\/fpaoi\/\",\"name\":\"FPAOI - Commission de l&#039;oc\u00e9an Indien\",\"isPartOf\":{\"@id\":\"https:\/\/www.commissionoceanindien.org\/#website\"},\"datePublished\":\"2022-07-21T09:20:42+00:00\",\"dateModified\":\"2023-04-12T08:01:13+00:00\",\"description\":\"Apoio \u00e0 Federa\u00e7\u00e3o dos Pescadores Artesanais do Oceano \u00cdndico (FPAOI)\",\"breadcrumb\":{\"@id\":\"https:\/\/www.commissionoceanindien.org\/fpaoi\/#breadcrumb\"},\"inLanguage\":\"pt-PT\",\"potentialAction\":[{\"@type\":\"ReadAction\",\"target\":[\"https:\/\/www.commissionoceanindien.org\/fpaoi\/\"]}]},{\"@type\":\"BreadcrumbList\",\"@id\":\"https:\/\/www.commissionoceanindien.org\/fpaoi\/#breadcrumb\",\"itemListElement\":[{\"@type\":\"ListItem\",\"position\":1,\"name\":\"Accueil\",\"item\":\"https:\/\/www.commissionoceanindien.org\/\"},{\"@type\":\"ListItem\",\"position\":2,\"name\":\"FPAOI\"}]},{\"@type\":\"WebSite\",\"@id\":\"https:\/\/www.commissionoceanindien.org\/#website\",\"url\":\"https:\/\/www.commissionoceanindien.org\/\",\"name\":\"Commission de l&#039;oc\u00e9an Indien\",\"description\":\"Assurer la s\u00e9curit\u00e9 de l\u2019Indianoc\u00e9anie sur tous les fronts\",\"publisher\":{\"@id\":\"https:\/\/www.commissionoceanindien.org\/#organization\"},\"potentialAction\":[{\"@type\":\"SearchAction\",\"target\":{\"@type\":\"EntryPoint\",\"urlTemplate\":\"https:\/\/www.commissionoceanindien.org\/?s={search_term_string}\"},\"query-input\":{\"@type\":\"PropertyValueSpecification\",\"valueRequired\":true,\"valueName\":\"search_term_string\"}}],\"inLanguage\":\"pt-PT\"},{\"@type\":\"Organization\",\"@id\":\"https:\/\/www.commissionoceanindien.org\/#organization\",\"name\":\"Commission de l'oc\u00e9an Indien\",\"url\":\"https:\/\/www.commissionoceanindien.org\/\",\"logo\":{\"@type\":\"ImageObject\",\"inLanguage\":\"pt-PT\",\"@id\":\"https:\/\/www.commissionoceanindien.org\/#\/schema\/logo\/image\/\",\"url\":\"https:\/\/www.commissionoceanindien.org\/wp-content\/uploads\/2019\/10\/french-coi-logo-100px-french-logo.png\",\"contentUrl\":\"https:\/\/www.commissionoceanindien.org\/wp-content\/uploads\/2019\/10\/french-coi-logo-100px-french-logo.png\",\"width\":276,\"height\":100,\"caption\":\"Commission de l'oc\u00e9an Indien\"},\"image\":{\"@id\":\"https:\/\/www.commissionoceanindien.org\/#\/schema\/logo\/image\/\"}}]}<\/script>\n<!-- \/ Yoast SEO Premium plugin. -->","yoast_head_json":{"title":"FPAOI - Commission de l&#039;oc\u00e9an Indien","description":"Apoio \u00e0 Federa\u00e7\u00e3o dos Pescadores Artesanais do Oceano \u00cdndico (FPAOI)","robots":{"index":"index","follow":"follow","max-snippet":"max-snippet:-1","max-image-preview":"max-image-preview:large","max-video-preview":"max-video-preview:-1"},"canonical":"https:\/\/www.commissionoceanindien.org\/fpaoi\/","og_locale":"pt_PT","og_type":"article","og_title":"FPAOI","og_description":"Apoio \u00e0 Federa\u00e7\u00e3o dos Pescadores Artesanais do Oceano \u00cdndico (FPAOI)","og_url":"https:\/\/www.commissionoceanindien.org\/fpaoi\/","og_site_name":"Commission de l&#039;oc\u00e9an Indien","article_modified_time":"2023-04-12T08:01:13+00:00","twitter_card":"summary_large_image","twitter_misc":{"Tempo estimado de leitura":"6 minutos"},"schema":{"@context":"https:\/\/schema.org","@graph":[{"@type":"WebPage","@id":"https:\/\/www.commissionoceanindien.org\/fpaoi\/","url":"https:\/\/www.commissionoceanindien.org\/fpaoi\/","name":"FPAOI - Commission de l&#039;oc\u00e9an Indien","isPartOf":{"@id":"https:\/\/www.commissionoceanindien.org\/#website"},"datePublished":"2022-07-21T09:20:42+00:00","dateModified":"2023-04-12T08:01:13+00:00","description":"Apoio \u00e0 Federa\u00e7\u00e3o dos Pescadores Artesanais do Oceano \u00cdndico (FPAOI)","breadcrumb":{"@id":"https:\/\/www.commissionoceanindien.org\/fpaoi\/#breadcrumb"},"inLanguage":"pt-PT","potentialAction":[{"@type":"ReadAction","target":["https:\/\/www.commissionoceanindien.org\/fpaoi\/"]}]},{"@type":"BreadcrumbList","@id":"https:\/\/www.commissionoceanindien.org\/fpaoi\/#breadcrumb","itemListElement":[{"@type":"ListItem","position":1,"name":"Accueil","item":"https:\/\/www.commissionoceanindien.org\/"},{"@type":"ListItem","position":2,"name":"FPAOI"}]},{"@type":"WebSite","@id":"https:\/\/www.commissionoceanindien.org\/#website","url":"https:\/\/www.commissionoceanindien.org\/","name":"Commission de l&#039;oc\u00e9an Indien","description":"Assurer la s\u00e9curit\u00e9 de l\u2019Indianoc\u00e9anie sur tous les fronts","publisher":{"@id":"https:\/\/www.commissionoceanindien.org\/#organization"},"potentialAction":[{"@type":"SearchAction","target":{"@type":"EntryPoint","urlTemplate":"https:\/\/www.commissionoceanindien.org\/?s={search_term_string}"},"query-input":{"@type":"PropertyValueSpecification","valueRequired":true,"valueName":"search_term_string"}}],"inLanguage":"pt-PT"},{"@type":"Organization","@id":"https:\/\/www.commissionoceanindien.org\/#organization","name":"Commission de l'oc\u00e9an Indien","url":"https:\/\/www.commissionoceanindien.org\/","logo":{"@type":"ImageObject","inLanguage":"pt-PT","@id":"https:\/\/www.commissionoceanindien.org\/#\/schema\/logo\/image\/","url":"https:\/\/www.commissionoceanindien.org\/wp-content\/uploads\/2019\/10\/french-coi-logo-100px-french-logo.png","contentUrl":"https:\/\/www.commissionoceanindien.org\/wp-content\/uploads\/2019\/10\/french-coi-logo-100px-french-logo.png","width":276,"height":100,"caption":"Commission de l'oc\u00e9an Indien"},"image":{"@id":"https:\/\/www.commissionoceanindien.org\/#\/schema\/logo\/image\/"}}]}},"_links":{"self":[{"href":"https:\/\/www.commissionoceanindien.org\/pt-pt\/wp-json\/wp\/v2\/pages\/41090","targetHints":{"allow":["GET"]}}],"collection":[{"href":"https:\/\/www.commissionoceanindien.org\/pt-pt\/wp-json\/wp\/v2\/pages"}],"about":[{"href":"https:\/\/www.commissionoceanindien.org\/pt-pt\/wp-json\/wp\/v2\/types\/page"}],"author":[{"embeddable":true,"href":"https:\/\/www.commissionoceanindien.org\/pt-pt\/wp-json\/wp\/v2\/users\/2"}],"replies":[{"embeddable":true,"href":"https:\/\/www.commissionoceanindien.org\/pt-pt\/wp-json\/wp\/v2\/comments?post=41090"}],"version-history":[{"count":3,"href":"https:\/\/www.commissionoceanindien.org\/pt-pt\/wp-json\/wp\/v2\/pages\/41090\/revisions"}],"predecessor-version":[{"id":45746,"href":"https:\/\/www.commissionoceanindien.org\/pt-pt\/wp-json\/wp\/v2\/pages\/41090\/revisions\/45746"}],"wp:attachment":[{"href":"https:\/\/www.commissionoceanindien.org\/pt-pt\/wp-json\/wp\/v2\/media?parent=41090"}],"curies":[{"name":"wp","href":"https:\/\/api.w.org\/{rel}","templated":true}]}}