{"id":45273,"date":"2019-03-08T15:55:09","date_gmt":"2019-03-08T11:55:09","guid":{"rendered":"https:\/\/www.commissionoceanindien.org\/?page_id=45273"},"modified":"2025-08-19T14:11:03","modified_gmt":"2025-08-19T10:11:03","slug":"the-ioc-general-secretariat","status":"publish","type":"page","link":"https:\/\/www.commissionoceanindien.org\/en\/the-ioc-general-secretariat\/","title":{"rendered":"The IOC General Secretariat"},"content":{"rendered":"<p><div class=\"fusion-fullwidth fullwidth-box fusion-builder-row-1 nonhundred-percent-fullwidth non-hundred-percent-height-scrolling\" style=\"--awb-border-radius-top-left:0px;--awb-border-radius-top-right:0px;--awb-border-radius-bottom-right:0px;--awb-border-radius-bottom-left:0px;--awb-flex-wrap:wrap;\" ><div class=\"fusion-builder-row fusion-row\"><div class=\"fusion-layout-column fusion_builder_column fusion-builder-column-0 fusion_builder_column_1_1 1_1 fusion-one-full fusion-column-first fusion-column-last\" style=\"--awb-bg-blend:overlay;--awb-bg-size:cover;\"><div class=\"fusion-column-wrapper fusion-flex-column-wrapper-legacy\"><div class=\"fusion-text fusion-text-1\"><h2>The General Secretariat is the executive branch of the Indian Ocean Commission.<\/h2>\n<p>Located in Eb\u00e8ne (Mauritius) since July 2012, in modern premises made available by the Mauritian government, the General Secretariat <strong>embodies the continuity of the institution and represents the executive branch of the Indian Ocean Commission<\/strong>. It prepares the programmes and projects resulting from the decisions of the authorities, monitors their progress and management, and proposes new orientations to the Member States. As a <strong>hub for regional cooperation<\/strong>, the General Secretariat liaises with donors.<\/p>\n<h3>The General Secretary<\/h3>\n<p>Nominated as head of the General Secretariat by the Council of Ministers for a four-year, non-renewable term.<\/p>\n<div class=\"mceTemp\"><\/div>\n<\/div><div class=\"fusion-clearfix\"><\/div><\/div><\/div><\/div><\/div><div class=\"fusion-fullwidth fullwidth-box fusion-builder-row-2 nonhundred-percent-fullwidth non-hundred-percent-height-scrolling\" style=\"--awb-border-radius-top-left:0px;--awb-border-radius-top-right:0px;--awb-border-radius-bottom-right:0px;--awb-border-radius-bottom-left:0px;--awb-flex-wrap:wrap;\" ><div class=\"fusion-builder-row fusion-row\"><div class=\"fusion-layout-column fusion_builder_column fusion-builder-column-1 fusion_builder_column_1_3 1_3 fusion-one-third fusion-column-first\" style=\"--awb-bg-size:cover;width:33.333333333333%;width:calc(33.333333333333% - ( ( 4% ) * 0.33333333333333 ) );margin-right: 4%;\"><div class=\"fusion-column-wrapper fusion-column-has-shadow fusion-flex-column-wrapper-legacy\"><div class=\"fusion-image-element in-legacy-container\" style=\"--awb-caption-title-font-family:var(--h2_typography-font-family);--awb-caption-title-font-weight:var(--h2_typography-font-weight);--awb-caption-title-font-style:var(--h2_typography-font-style);--awb-caption-title-size:var(--h2_typography-font-size);--awb-caption-title-transform:var(--h2_typography-text-transform);--awb-caption-title-line-height:var(--h2_typography-line-height);--awb-caption-title-letter-spacing:var(--h2_typography-letter-spacing);\"><span class=\" fusion-imageframe imageframe-none imageframe-1 hover-type-none\"><img decoding=\"async\" width=\"333\" height=\"500\" title=\"SG COI &#8211; 2 &#8211; Copie\" src=\"https:\/\/www.commissionoceanindien.org\/wp-content\/uploads\/2024\/11\/SG-COI-2-Copie.jpg\" alt class=\"img-responsive wp-image-63822\" srcset=\"https:\/\/www.commissionoceanindien.org\/wp-content\/uploads\/2024\/11\/SG-COI-2-Copie-200x300.jpg 200w, https:\/\/www.commissionoceanindien.org\/wp-content\/uploads\/2024\/11\/SG-COI-2-Copie.jpg 333w\" sizes=\"(max-width: 800px) 100vw, 333px\" \/><\/span><\/div><div class=\"fusion-text fusion-text-2\"><pre><b>Edgard Razafindravahy\r\nIOC Secretary General\r\n<\/b><\/pre>\n<\/div><div class=\"fusion-clearfix\"><\/div><\/div><\/div><div class=\"fusion-layout-column fusion_builder_column fusion-builder-column-2 fusion_builder_column_2_3 2_3 fusion-two-third fusion-column-last\" style=\"--awb-bg-size:cover;width:66.666666666667%;width:calc(66.666666666667% - ( ( 4% ) * 0.66666666666667 ) );\"><div class=\"fusion-column-wrapper fusion-column-has-shadow fusion-flex-column-wrapper-legacy\"><div class=\"fusion-text fusion-text-3\"><p style=\"text-align: justify;\">Edgard Razafindravahy is the 10th Secretary General of the Indian Ocean Commission. He was appointed on July 15, 2024.<\/p>\n<p>Born in 1961 in Antananarivo, Edgard Razafindravahy is well known in the economic landscape of Madagascar. A graduate of ESSEC (France) in Business Management and Marketing, he is Chairman and CEO of the PREY Group. This group owns two daily newspapers, L&#8217;Express de Madagascar and Ao Raha, two radio stations, a television station, a printing company, and a flour mill.<br \/>\nEdgard Razafindravahy has also been involved in local and national politics, serving as president of the Ambohimalaza Avaradrano Municipal Council from 1996 to 2004 and then as president of the Antananarivo Special Delegation from 2009 to 2014, acting as mayor.<br \/>\nFrom 2021 until very recently, Edgard Razafindravahy was Minister of Industrialization, Trade, and Consumer Affairs of Madagascar.<\/p>\n<\/div><div class=\"fusion-clearfix\"><\/div><\/div><\/div><\/div><\/div><div class=\"fusion-fullwidth fullwidth-box fusion-builder-row-3 nonhundred-percent-fullwidth non-hundred-percent-height-scrolling\" style=\"--awb-border-radius-top-left:0px;--awb-border-radius-top-right:0px;--awb-border-radius-bottom-right:0px;--awb-border-radius-bottom-left:0px;--awb-flex-wrap:wrap;\" ><div class=\"fusion-builder-row fusion-row\"><div class=\"fusion-layout-column fusion_builder_column fusion-builder-column-3 fusion_builder_column_1_1 1_1 fusion-one-full fusion-column-first fusion-column-last\" style=\"--awb-bg-size:cover;\"><div class=\"fusion-column-wrapper fusion-column-has-shadow fusion-flex-column-wrapper-legacy\"><div class=\"fusion-text fusion-text-4\"><h2 class=\"fusion-responsive-typography-calculated\" style=\"--fontsize: 18; line-height: 1.5; --minfontsize: 18;\" data-fontsize=\"18\" data-lineheight=\"27px\">The Management Committee of the Indian Ocean Commission<\/h2>\n<h3 class=\"fusion-responsive-typography-calculated\" style=\"--fontsize: 16; line-height: 1.5; --minfontsize: 16;\" data-fontsize=\"16\" data-lineheight=\"24px\">Director at the General Secretariat<\/h3>\n<p>The Member States agreed in 2012 to the creation of a Director&#8217;s post at the General Secretariat, financed by the secondment of an executive from a Member State. The Director provides coordination, administration and support to the General Secretariat. As from July 2023, the Director at the General Secretariat is Ms Alice N&#8217;Diaye, Diplomat of the Ministry of Foreign Affairs of the Republic of Madagascar.<\/p>\n<h3 class=\"fusion-responsive-typography-calculated\" style=\"--fontsize: 16; line-height: 1.5; --minfontsize: 16;\" data-fontsize=\"16\" data-lineheight=\"24px\">The project officers<\/h3>\n<p>They are responsible for the appraisal and monitoring of projects within the intervention areas. They draw on the expertise of the project management units and focal points in the member countries.<\/p>\n<h3 class=\"fusion-responsive-typography-calculated\" style=\"--fontsize: 16; line-height: 1.5; --minfontsize: 16;\" data-fontsize=\"16\" data-lineheight=\"24px\"><\/h3>\n<\/div><div class=\"fusion-flip-boxes flip-boxes row fusion-columns-5 flip-effect-classic equal-heights\"><div class=\"fusion-flip-box-wrapper col-lg-2 col-md-2 col-sm-2\"><div class=\"fusion-flip-box flip-right\" tabindex=\"0\"><div class=\"flip-box-inner-wrapper\"><div class=\"flip-box-front\" style=\"--awb-background-color-front:#00bcd4;--awb-title-front-color:#ffffff;--awb-text-front-color:#ffffff;\"><div class=\"flip-box-front-inner\"><h2 class=\"flip-box-heading\">DI 1 <\/h2>Energy and ecological transition, tourism and migration<\/div><\/div><div class=\"flip-box-back\" style=\"--awb-background-color-back:#ff9800;\"><div class=\"flip-box-back-inner\">\n<p>Mr. Anfani Msoili<\/p>\n<\/div><\/div><\/div><\/div><\/div><div class=\"fusion-flip-box-wrapper col-lg-2 col-md-2 col-sm-2\"><div class=\"fusion-flip-box flip-right\" tabindex=\"0\"><div class=\"flip-box-inner-wrapper\"><div class=\"flip-box-front\" style=\"--awb-background-color-front:#00bcd4;--awb-title-front-color:#ffffff;--awb-text-front-color:#ffffff;\"><div class=\"flip-box-front-inner\"><h2 class=\"flip-box-heading\">DI 2 <\/h2>Economy, island interests, connectivity and maritime security<\/div><\/div><div class=\"flip-box-back\" style=\"--awb-background-color-back:#ff9800;\"><div class=\"flip-box-back-inner\">\n<p>Mr. Raj Mohabeer<\/p>\n<\/div><\/div><\/div><\/div><\/div><div class=\"fusion-flip-box-wrapper col-lg-2 col-md-2 col-sm-2\"><div class=\"fusion-flip-box flip-right\" tabindex=\"0\"><div class=\"flip-box-inner-wrapper\"><div class=\"flip-box-front\" style=\"--awb-background-color-front:#00bcd4;--awb-title-front-color:#ffffff;--awb-text-front-color:#ffffff;\"><div class=\"flip-box-front-inner\"><h2 class=\"flip-box-heading\">DI 3 <\/h2>Governance and parliamentary diplomacy, sustainable agriculture and fisheries<\/div><\/div><div class=\"flip-box-back\" style=\"--awb-background-color-back:#ff9800;\"><div class=\"flip-box-back-inner\">\n<p>Mr. Marc Maminiaina<\/p>\n<\/div><\/div><\/div><\/div><\/div><div class=\"fusion-flip-box-wrapper col-lg-2 col-md-2 col-sm-2\"><div class=\"fusion-flip-box flip-right\" tabindex=\"0\"><div class=\"flip-box-inner-wrapper\"><div class=\"flip-box-front\" style=\"--awb-background-color-front:#00bcd4;--awb-title-front-color:#ffffff;--awb-text-front-color:#ffffff;\"><div class=\"flip-box-front-inner\"><h2 class=\"flip-box-heading\">DI 4 <\/h2>Environmental sustainability and climate<\/div><\/div><div class=\"flip-box-back\" style=\"--awb-background-color-back:#ff9800;\"><div class=\"flip-box-back-inner\">\n<p>Ms. Gina Bonne<\/p>\n<\/div><\/div><\/div><\/div><\/div><div class=\"fusion-flip-box-wrapper col-lg-2 col-md-2 col-sm-2\"><div class=\"fusion-flip-box flip-right\" tabindex=\"0\"><div class=\"flip-box-inner-wrapper\"><div class=\"flip-box-front\" style=\"--awb-background-color-front:#00bcd4;--awb-title-front-color:#ffffff;--awb-text-front-color:#ffffff;\"><div class=\"flip-box-front-inner\"><h2 class=\"flip-box-heading\">DI 5 <\/h2>Health, education and training, culture, gender and entrepreneurship<\/div><\/div><div class=\"flip-box-back\" style=\"--awb-background-color-back:#ff9800;\"><div class=\"flip-box-back-inner\">\n<p>Ms. Juliette Janin<\/p>\n<\/div><\/div><\/div><\/div><\/div><\/div><div class=\"clearfix\"><\/div><div class=\"fusion-text fusion-text-5\"><h3>Heads of departments<\/h3>\n<\/div><div class=\"fusion-flip-boxes flip-boxes row fusion-columns-5 flip-effect-classic equal-heights\"><div class=\"fusion-flip-box-wrapper col-lg-2 col-md-2 col-sm-2\"><div class=\"fusion-flip-box flip-right\" tabindex=\"0\"><div class=\"flip-box-inner-wrapper\"><div class=\"flip-box-front\" style=\"--awb-background-color-front:#00bcd4;--awb-title-front-color:#ffffff;--awb-text-front-color:#ffffff;\"><div class=\"flip-box-front-inner\">Procurement and Contracts Department<\/div><\/div><div class=\"flip-box-back\" style=\"--awb-background-color-back:#ff9800;\"><div class=\"flip-box-back-inner\">\n<p>Mr. Innocent Lalao Miada<\/p>\n<\/div><\/div><\/div><\/div><\/div><div class=\"fusion-flip-box-wrapper col-lg-2 col-md-2 col-sm-2\"><div class=\"fusion-flip-box flip-right\" tabindex=\"0\"><div class=\"flip-box-inner-wrapper\"><div class=\"flip-box-front\" style=\"--awb-background-color-front:#00bcd4;--awb-title-front-color:#ffffff;--awb-text-front-color:#ffffff;\"><div class=\"flip-box-front-inner\">Administrative and financial department <\/div><\/div><div class=\"flip-box-back\" style=\"--awb-background-color-back:#ff9800;\"><div class=\"flip-box-back-inner\">\n<p>Mr. Vicky Cushmajee<\/p>\n<\/div><\/div><\/div><\/div><\/div><div class=\"fusion-flip-box-wrapper col-lg-2 col-md-2 col-sm-2\"><div class=\"fusion-flip-box flip-right\" tabindex=\"0\"><div class=\"flip-box-inner-wrapper\"><div class=\"flip-box-front\" style=\"--awb-background-color-front:#00bcd4;--awb-title-front-color:#ffffff;--awb-text-front-color:#ffffff;\"><div class=\"flip-box-front-inner\">Human resources<\/div><\/div><div class=\"flip-box-back\" style=\"--awb-background-color-back:#ff9800;\"><div class=\"flip-box-back-inner\">Ms Klervi Congard<\/div><\/div><\/div><\/div><\/div><div class=\"fusion-flip-box-wrapper col-lg-2 col-md-2 col-sm-2\"><div class=\"fusion-flip-box flip-right\" tabindex=\"0\"><div class=\"flip-box-inner-wrapper\"><div class=\"flip-box-front\" style=\"--awb-background-color-front:#00bcd4;--awb-title-front-color:#ffffff;--awb-text-front-color:#ffffff;\"><div class=\"flip-box-front-inner\">Unit\u00e9 de communication<\/div><\/div><div class=\"flip-box-back\" style=\"--awb-background-color-back:#ff9800;\"><div class=\"flip-box-back-inner\">\n<p>M. Gilles Ribouet<\/p>\n<\/div><\/div><\/div><\/div><\/div><div class=\"fusion-flip-box-wrapper col-lg-2 col-md-2 col-sm-2\"><div class=\"fusion-flip-box flip-right\" tabindex=\"0\"><div class=\"flip-box-inner-wrapper\"><div class=\"flip-box-front\" style=\"--awb-background-color-front:#00bcd4;--awb-title-front-color:#ffffff;--awb-text-front-color:#ffffff;\"><div class=\"flip-box-front-inner\">Auditing<\/div><\/div><div class=\"flip-box-back\" style=\"--awb-background-color-back:#ff9800;\"><div class=\"flip-box-back-inner\">\n<p>Mr. Nirina Razafintsalama<\/p>\n<\/div><\/div><\/div><\/div><\/div><\/div><div class=\"clearfix\"><\/div><div class=\"fusion-text fusion-text-6\"><h2>Technical units<\/h2>\n<p>As part of its activities, the IOC has established technical units to support the General Secretariat in the implementation of certain projects.<\/p>\n<h3>The Health Monitoring Unit<\/h3>\n<p>In 2016, the IOC established a Health Watch Unit (HWU) to implement the public health activities of the INEE2 project. The Health Surveillance Unit implements the project cycles in the field of health (&#8220;RSIE3&#8221; and &#8220;RSIE4&#8221;) and, most importantly, ensures the coordination of the SEGA &#8211; One Health network, the health arm of the Indian Ocean region set up by the IOC and its Member States.<\/p>\n<h3>The Regional Food Security and Nutrition Unit<\/h3>\n<p>In 2017, the IOC authorities approved the establishment of a Regional Food Security and Nutrition Unit (RFSNU) in Antananarivo to support the implementation of PRESAN.<\/p>\n<\/div><div class=\"fusion-sep-clear\"><\/div><div class=\"fusion-separator fusion-full-width-sep\" style=\"margin-left: auto;margin-right: auto;margin-bottom:10px;width:100%;\"><div class=\"fusion-separator-border sep-shadow\" style=\"--awb-height:20px;--awb-amount:20px;background:radial-gradient(ellipse at 50% -50% , #e0dede 0px, rgba(255, 255, 255, 0) 80%) repeat scroll 0 0 rgba(0, 0, 0, 0);background:-webkit-radial-gradient(ellipse at 50% -50% , #e0dede 0px, rgba(255, 255, 255, 0) 80%) repeat scroll 0 0 rgba(0, 0, 0, 0);background:-moz-radial-gradient(ellipse at 50% -50% , #e0dede 0px, rgba(255, 255, 255, 0) 80%) repeat scroll 0 0 rgba(0, 0, 0, 0);background:-o-radial-gradient(ellipse at 50% -50% , #e0dede 0px, rgba(255, 255, 255, 0) 80%) repeat scroll 0 0 rgba(0, 0, 0, 0);\"><\/div><\/div><div class=\"fusion-sep-clear\"><\/div><div class=\"fusion-text fusion-text-7\"><h2 style=\"text-align: center;\">Organization chart<\/h2>\n<\/div><div class=\"fusion-clearfix\"><\/div><\/div><\/div><\/div><\/div><\/p>\n","protected":false},"excerpt":{"rendered":"","protected":false},"author":32,"featured_media":37730,"parent":0,"menu_order":0,"comment_status":"closed","ping_status":"closed","template":"","meta":{"footnotes":""},"class_list":["post-45273","page","type-page","status-publish","has-post-thumbnail","hentry"],"yoast_head":"<!-- This site is optimized with the Yoast SEO Premium plugin v26.5 (Yoast SEO v27.2) - https:\/\/yoast.com\/product\/yoast-seo-premium-wordpress\/ -->\n<title>The IOC General Secretariat - Commission de l&#039;oc\u00e9an Indien<\/title>\n<meta name=\"robots\" content=\"index, follow, max-snippet:-1, max-image-preview:large, max-video-preview:-1\" \/>\n<link rel=\"canonical\" href=\"https:\/\/www.commissionoceanindien.org\/en\/the-ioc-general-secretariat\/\" \/>\n<meta property=\"og:locale\" content=\"en_US\" \/>\n<meta property=\"og:type\" content=\"article\" \/>\n<meta property=\"og:title\" content=\"The IOC General Secretariat\" \/>\n<meta property=\"og:url\" content=\"https:\/\/www.commissionoceanindien.org\/en\/the-ioc-general-secretariat\/\" \/>\n<meta property=\"og:site_name\" content=\"Commission de l&#039;oc\u00e9an Indien\" \/>\n<meta property=\"article:modified_time\" content=\"2025-08-19T10:11:03+00:00\" \/>\n<meta property=\"og:image\" content=\"https:\/\/www.commissionoceanindien.org\/wp-content\/uploads\/2020\/03\/DirectionOrganigramme.png\" \/>\n\t<meta property=\"og:image:width\" content=\"800\" \/>\n\t<meta property=\"og:image:height\" content=\"530\" \/>\n\t<meta property=\"og:image:type\" content=\"image\/png\" \/>\n<meta name=\"twitter:card\" content=\"summary_large_image\" \/>\n<meta name=\"twitter:label1\" content=\"Est. reading time\" \/>\n\t<meta name=\"twitter:data1\" content=\"4 minutes\" \/>\n<script type=\"application\/ld+json\" class=\"yoast-schema-graph\">{\"@context\":\"https:\/\/schema.org\",\"@graph\":[{\"@type\":\"WebPage\",\"@id\":\"https:\/\/www.commissionoceanindien.org\/en\/the-ioc-general-secretariat\/\",\"url\":\"https:\/\/www.commissionoceanindien.org\/en\/the-ioc-general-secretariat\/\",\"name\":\"The IOC General Secretariat - Commission de l&#039;oc\u00e9an Indien\",\"isPartOf\":{\"@id\":\"https:\/\/www.commissionoceanindien.org\/#website\"},\"primaryImageOfPage\":{\"@id\":\"https:\/\/www.commissionoceanindien.org\/en\/the-ioc-general-secretariat\/#primaryimage\"},\"image\":{\"@id\":\"https:\/\/www.commissionoceanindien.org\/en\/the-ioc-general-secretariat\/#primaryimage\"},\"thumbnailUrl\":\"https:\/\/www.commissionoceanindien.org\/wp-content\/uploads\/2020\/03\/DirectionOrganigramme.png\",\"datePublished\":\"2019-03-08T11:55:09+00:00\",\"dateModified\":\"2025-08-19T10:11:03+00:00\",\"breadcrumb\":{\"@id\":\"https:\/\/www.commissionoceanindien.org\/en\/the-ioc-general-secretariat\/#breadcrumb\"},\"inLanguage\":\"en-US\",\"potentialAction\":[{\"@type\":\"ReadAction\",\"target\":[\"https:\/\/www.commissionoceanindien.org\/en\/the-ioc-general-secretariat\/\"]}]},{\"@type\":\"ImageObject\",\"inLanguage\":\"en-US\",\"@id\":\"https:\/\/www.commissionoceanindien.org\/en\/the-ioc-general-secretariat\/#primaryimage\",\"url\":\"https:\/\/www.commissionoceanindien.org\/wp-content\/uploads\/2020\/03\/DirectionOrganigramme.png\",\"contentUrl\":\"https:\/\/www.commissionoceanindien.org\/wp-content\/uploads\/2020\/03\/DirectionOrganigramme.png\",\"width\":800,\"height\":530},{\"@type\":\"BreadcrumbList\",\"@id\":\"https:\/\/www.commissionoceanindien.org\/en\/the-ioc-general-secretariat\/#breadcrumb\",\"itemListElement\":[{\"@type\":\"ListItem\",\"position\":1,\"name\":\"Accueil\",\"item\":\"https:\/\/www.commissionoceanindien.org\/en\/\"},{\"@type\":\"ListItem\",\"position\":2,\"name\":\"The IOC General Secretariat\"}]},{\"@type\":\"WebSite\",\"@id\":\"https:\/\/www.commissionoceanindien.org\/#website\",\"url\":\"https:\/\/www.commissionoceanindien.org\/\",\"name\":\"Commission de l&#039;oc\u00e9an Indien\",\"description\":\"Assurer la s\u00e9curit\u00e9 de l\u2019Indianoc\u00e9anie sur tous les fronts\",\"publisher\":{\"@id\":\"https:\/\/www.commissionoceanindien.org\/#organization\"},\"potentialAction\":[{\"@type\":\"SearchAction\",\"target\":{\"@type\":\"EntryPoint\",\"urlTemplate\":\"https:\/\/www.commissionoceanindien.org\/?s={search_term_string}\"},\"query-input\":{\"@type\":\"PropertyValueSpecification\",\"valueRequired\":true,\"valueName\":\"search_term_string\"}}],\"inLanguage\":\"en-US\"},{\"@type\":\"Organization\",\"@id\":\"https:\/\/www.commissionoceanindien.org\/#organization\",\"name\":\"Commission de l'oc\u00e9an Indien\",\"url\":\"https:\/\/www.commissionoceanindien.org\/\",\"logo\":{\"@type\":\"ImageObject\",\"inLanguage\":\"en-US\",\"@id\":\"https:\/\/www.commissionoceanindien.org\/#\/schema\/logo\/image\/\",\"url\":\"https:\/\/www.commissionoceanindien.org\/wp-content\/uploads\/2019\/10\/french-coi-logo-100px-french-logo.png\",\"contentUrl\":\"https:\/\/www.commissionoceanindien.org\/wp-content\/uploads\/2019\/10\/french-coi-logo-100px-french-logo.png\",\"width\":276,\"height\":100,\"caption\":\"Commission de l'oc\u00e9an Indien\"},\"image\":{\"@id\":\"https:\/\/www.commissionoceanindien.org\/#\/schema\/logo\/image\/\"}}]}<\/script>\n<!-- \/ Yoast SEO Premium plugin. -->","yoast_head_json":{"title":"The IOC General Secretariat - Commission de l&#039;oc\u00e9an Indien","robots":{"index":"index","follow":"follow","max-snippet":"max-snippet:-1","max-image-preview":"max-image-preview:large","max-video-preview":"max-video-preview:-1"},"canonical":"https:\/\/www.commissionoceanindien.org\/en\/the-ioc-general-secretariat\/","og_locale":"en_US","og_type":"article","og_title":"The IOC General Secretariat","og_url":"https:\/\/www.commissionoceanindien.org\/en\/the-ioc-general-secretariat\/","og_site_name":"Commission de l&#039;oc\u00e9an Indien","article_modified_time":"2025-08-19T10:11:03+00:00","og_image":[{"width":800,"height":530,"url":"https:\/\/www.commissionoceanindien.org\/wp-content\/uploads\/2020\/03\/DirectionOrganigramme.png","type":"image\/png"}],"twitter_card":"summary_large_image","twitter_misc":{"Est. reading time":"4 minutes"},"schema":{"@context":"https:\/\/schema.org","@graph":[{"@type":"WebPage","@id":"https:\/\/www.commissionoceanindien.org\/en\/the-ioc-general-secretariat\/","url":"https:\/\/www.commissionoceanindien.org\/en\/the-ioc-general-secretariat\/","name":"The IOC General Secretariat - Commission de l&#039;oc\u00e9an Indien","isPartOf":{"@id":"https:\/\/www.commissionoceanindien.org\/#website"},"primaryImageOfPage":{"@id":"https:\/\/www.commissionoceanindien.org\/en\/the-ioc-general-secretariat\/#primaryimage"},"image":{"@id":"https:\/\/www.commissionoceanindien.org\/en\/the-ioc-general-secretariat\/#primaryimage"},"thumbnailUrl":"https:\/\/www.commissionoceanindien.org\/wp-content\/uploads\/2020\/03\/DirectionOrganigramme.png","datePublished":"2019-03-08T11:55:09+00:00","dateModified":"2025-08-19T10:11:03+00:00","breadcrumb":{"@id":"https:\/\/www.commissionoceanindien.org\/en\/the-ioc-general-secretariat\/#breadcrumb"},"inLanguage":"en-US","potentialAction":[{"@type":"ReadAction","target":["https:\/\/www.commissionoceanindien.org\/en\/the-ioc-general-secretariat\/"]}]},{"@type":"ImageObject","inLanguage":"en-US","@id":"https:\/\/www.commissionoceanindien.org\/en\/the-ioc-general-secretariat\/#primaryimage","url":"https:\/\/www.commissionoceanindien.org\/wp-content\/uploads\/2020\/03\/DirectionOrganigramme.png","contentUrl":"https:\/\/www.commissionoceanindien.org\/wp-content\/uploads\/2020\/03\/DirectionOrganigramme.png","width":800,"height":530},{"@type":"BreadcrumbList","@id":"https:\/\/www.commissionoceanindien.org\/en\/the-ioc-general-secretariat\/#breadcrumb","itemListElement":[{"@type":"ListItem","position":1,"name":"Accueil","item":"https:\/\/www.commissionoceanindien.org\/en\/"},{"@type":"ListItem","position":2,"name":"The IOC General Secretariat"}]},{"@type":"WebSite","@id":"https:\/\/www.commissionoceanindien.org\/#website","url":"https:\/\/www.commissionoceanindien.org\/","name":"Commission de l&#039;oc\u00e9an Indien","description":"Assurer la s\u00e9curit\u00e9 de l\u2019Indianoc\u00e9anie sur tous les fronts","publisher":{"@id":"https:\/\/www.commissionoceanindien.org\/#organization"},"potentialAction":[{"@type":"SearchAction","target":{"@type":"EntryPoint","urlTemplate":"https:\/\/www.commissionoceanindien.org\/?s={search_term_string}"},"query-input":{"@type":"PropertyValueSpecification","valueRequired":true,"valueName":"search_term_string"}}],"inLanguage":"en-US"},{"@type":"Organization","@id":"https:\/\/www.commissionoceanindien.org\/#organization","name":"Commission de l'oc\u00e9an Indien","url":"https:\/\/www.commissionoceanindien.org\/","logo":{"@type":"ImageObject","inLanguage":"en-US","@id":"https:\/\/www.commissionoceanindien.org\/#\/schema\/logo\/image\/","url":"https:\/\/www.commissionoceanindien.org\/wp-content\/uploads\/2019\/10\/french-coi-logo-100px-french-logo.png","contentUrl":"https:\/\/www.commissionoceanindien.org\/wp-content\/uploads\/2019\/10\/french-coi-logo-100px-french-logo.png","width":276,"height":100,"caption":"Commission de l'oc\u00e9an Indien"},"image":{"@id":"https:\/\/www.commissionoceanindien.org\/#\/schema\/logo\/image\/"}}]}},"_links":{"self":[{"href":"https:\/\/www.commissionoceanindien.org\/en\/wp-json\/wp\/v2\/pages\/45273","targetHints":{"allow":["GET"]}}],"collection":[{"href":"https:\/\/www.commissionoceanindien.org\/en\/wp-json\/wp\/v2\/pages"}],"about":[{"href":"https:\/\/www.commissionoceanindien.org\/en\/wp-json\/wp\/v2\/types\/page"}],"author":[{"embeddable":true,"href":"https:\/\/www.commissionoceanindien.org\/en\/wp-json\/wp\/v2\/users\/32"}],"replies":[{"embeddable":true,"href":"https:\/\/www.commissionoceanindien.org\/en\/wp-json\/wp\/v2\/comments?post=45273"}],"version-history":[{"count":13,"href":"https:\/\/www.commissionoceanindien.org\/en\/wp-json\/wp\/v2\/pages\/45273\/revisions"}],"predecessor-version":[{"id":69517,"href":"https:\/\/www.commissionoceanindien.org\/en\/wp-json\/wp\/v2\/pages\/45273\/revisions\/69517"}],"wp:featuredmedia":[{"embeddable":true,"href":"https:\/\/www.commissionoceanindien.org\/en\/wp-json\/wp\/v2\/media\/37730"}],"wp:attachment":[{"href":"https:\/\/www.commissionoceanindien.org\/en\/wp-json\/wp\/v2\/media?parent=45273"}],"curies":[{"name":"wp","href":"https:\/\/api.w.org\/{rel}","templated":true}]}}