{"id":45096,"date":"2018-12-18T10:21:55","date_gmt":"2018-12-18T06:21:55","guid":{"rendered":"https:\/\/www.commissionoceanindien.org\/?page_id=45096"},"modified":"2023-03-27T11:45:57","modified_gmt":"2023-03-27T07:45:57","slug":"message-of-the-secretary-general","status":"publish","type":"page","link":"https:\/\/www.commissionoceanindien.org\/en\/message-of-the-secretary-general\/","title":{"rendered":"Message of the Secretary General"},"content":{"rendered":"<p><div class=\"fusion-fullwidth fullwidth-box fusion-builder-row-1 nonhundred-percent-fullwidth non-hundred-percent-height-scrolling\" style=\"--awb-border-radius-top-left:0px;--awb-border-radius-top-right:0px;--awb-border-radius-bottom-right:0px;--awb-border-radius-bottom-left:0px;--awb-flex-wrap:wrap;\" ><div class=\"fusion-builder-row fusion-row\"><div class=\"fusion-layout-column fusion_builder_column fusion-builder-column-0 fusion_builder_column_1_1 1_1 fusion-one-full fusion-column-first fusion-column-last\" style=\"--awb-bg-size:cover;\"><div class=\"fusion-column-wrapper fusion-column-has-shadow fusion-flex-column-wrapper-legacy\"><div class=\"fusion-text fusion-text-1\"><h2>A pact for the region&#8217;s future<\/h2>\n<p><b>Message from Prof. V\u00ealayoudom Marimoutou, IOC Secretary General<\/b><\/p>\n<\/div><div class=\"fusion-clearfix\"><\/div><\/div><\/div><\/div><\/div><div class=\"fusion-fullwidth fullwidth-box fusion-builder-row-2 nonhundred-percent-fullwidth non-hundred-percent-height-scrolling\" style=\"--awb-border-radius-top-left:0px;--awb-border-radius-top-right:0px;--awb-border-radius-bottom-right:0px;--awb-border-radius-bottom-left:0px;--awb-flex-wrap:wrap;\" ><div class=\"fusion-builder-row fusion-row\"><div class=\"fusion-layout-column fusion_builder_column fusion-builder-column-1 fusion_builder_column_1_2 1_2 fusion-one-half fusion-column-first\" style=\"--awb-bg-size:cover;width:50%;width:calc(50% - ( ( 4% ) * 0.5 ) );margin-right: 4%;\"><div class=\"fusion-column-wrapper fusion-flex-column-wrapper-legacy\"><div class=\"fusion-image-element fusion-image-align-center in-legacy-container\" style=\"text-align:center;--awb-caption-title-font-family:var(--h2_typography-font-family);--awb-caption-title-font-weight:var(--h2_typography-font-weight);--awb-caption-title-font-style:var(--h2_typography-font-style);--awb-caption-title-size:var(--h2_typography-font-size);--awb-caption-title-transform:var(--h2_typography-text-transform);--awb-caption-title-line-height:var(--h2_typography-line-height);--awb-caption-title-letter-spacing:var(--h2_typography-letter-spacing);\"><div class=\"imageframe-align-center\"><span class=\" fusion-imageframe imageframe-none imageframe-1 hover-type-none\"><img decoding=\"async\" width=\"328\" height=\"495\" alt=\"(c) JD Maxwell Marie\" title=\"V. Marimoutou 2 &#8211; (c)JDMaxwell Marie\" src=\"https:\/\/www.commissionoceanindien.org\/wp-content\/uploads\/2023\/01\/V.-Marimoutou-2-cJDMaxwell-Marie.jpg\" class=\"img-responsive wp-image-42033\" srcset=\"https:\/\/www.commissionoceanindien.org\/wp-content\/uploads\/2023\/01\/V.-Marimoutou-2-cJDMaxwell-Marie-200x302.jpg 200w, https:\/\/www.commissionoceanindien.org\/wp-content\/uploads\/2023\/01\/V.-Marimoutou-2-cJDMaxwell-Marie.jpg 328w\" sizes=\"(max-width: 800px) 100vw, 328px\" \/><\/span><\/div><\/div><div class=\"fusion-clearfix\"><\/div><\/div><\/div><div class=\"fusion-layout-column fusion_builder_column fusion-builder-column-2 fusion_builder_column_1_2 1_2 fusion-one-half fusion-column-last\" style=\"--awb-bg-size:cover;width:50%;width:calc(50% - ( ( 4% ) * 0.5 ) );\"><div class=\"fusion-column-wrapper fusion-flex-column-wrapper-legacy\"><div class=\"fusion-text fusion-text-2\"><p>It is a real honour to become the 9th Secretary General of the Indian Ocean Commission. It is an honour that I owe to my country, France, which nominated me and to the members of the Council of Ministers who nominated me to succeed my esteemed predecessor, Mr Hamada Madi, at the 34th Council of Ministers of the IOC on 6 March 2020 in the Seychelles.<\/p>\n<p>This is a great honour and a great and noble responsibility.<\/p>\n<p>Our islands in the South West Indian Ocean that make up the IOC are the sentinel islands of East Africa. They emerge from the waves at the edge of the continent and thus form territories at the interface of the maritime routes from Africa to Asia. The women and men of these islands have created the social and economic conditions that have led to the emergence of a vast system of trans-oceanic exchanges that continue today and that we must rediscover in a renewed, sometimes disrupted, often turbulent globalized structure.<\/p>\n<\/div><div class=\"fusion-text fusion-text-3\"><h2>Writing new chapters of a common history<\/h2>\n<p>Beyond geography, <strong>we share a common history<\/strong>. And we have new chapters to write together, those of Indianocean and, beyond that, those of the Indo-Pacific, as shown by the new interest of Asian countries in the area. To write these new chapters, <strong>to build our common future<\/strong>, we need to spend more time together to identify in <strong>our differences what brings us together<\/strong>, to bring out <strong>collective solutions to common challenges<\/strong>.<\/p>\n<\/div><div class=\"fusion-clearfix\"><\/div><\/div><\/div><\/div><\/div><div class=\"fusion-fullwidth fullwidth-box fusion-builder-row-3 nonhundred-percent-fullwidth non-hundred-percent-height-scrolling\" style=\"--awb-border-radius-top-left:0px;--awb-border-radius-top-right:0px;--awb-border-radius-bottom-right:0px;--awb-border-radius-bottom-left:0px;--awb-flex-wrap:wrap;\" ><div class=\"fusion-builder-row fusion-row\"><div class=\"fusion-layout-column fusion_builder_column fusion-builder-column-3 fusion_builder_column_1_1 1_1 fusion-one-full fusion-column-first fusion-column-last\" style=\"--awb-bg-size:cover;\"><div class=\"fusion-column-wrapper fusion-flex-column-wrapper-legacy\"><div class=\"fusion-text fusion-text-4\"><h2>The IOC, an expression of a unique identity and a common future<\/h2>\n<p>The IOC offers us the opportunity to <strong>signify ourselves<\/strong> to the world in all our originality. This representation that we have of ourselves and of ourselves in the world must enable us to assume a <strong>common destiny<\/strong> and to fully assume that we have a region to build.<\/p>\n<p>Our space contains vital fish and energy reserves for our region and beyond that, it contains <strong>treasures of biodiversity<\/strong>. There is an agenda to be built, an agenda that is necessarily <strong>collaborative<\/strong>, <strong>cooperative<\/strong>, based on a strategy of genuine <strong>friendship, solidarity and openness<\/strong>, between our islands, and also with all the countries in the region.<\/p>\n<p style=\"text-align: justify;\">The IOC is strongly committed to <strong>building solidarity and sustainable development in this vast area of Indian Ocean<\/strong> area, which in many respects overlaps with the areas of Eastern and Southern Africa. My predecessors laid the foundations of a solid IOC, with a renewed and clearly defined architecture, with quality human resources, accompanied by financial resources from Member States and highly proactive partners. We still need to move the IOC forward, for as Heraclitus said, &#8220;a river is never the same river&#8221;.<\/p>\n<h2 style=\"text-align: justify;\">Security, climate and biodiversity, economy<\/h2>\n<p>I have therefore chosen to place my mandate under the sign of a triple set of challenges:<\/p>\n<ul>\n<li>Firstly, security, in line with the actions of my predecessor and the priority of our Member States:<\/li>\n<\/ul>\n<blockquote>\n<p>Indianocean must be a space of freedom and sovereignty respecting each other, and we must collectively ensure its security so that everyone can &#8220;have the freedom of sovereignty&#8221; and that no hegemony takes hold in the region. It is a common agenda with an oceanic vision for building that freedom. It is an agenda of maritime surveillance and protection of our marine areas. I hope that together with the Member States, the observer members, the regional organisations and the development partners, we will deepen the integration agenda around maritime security.<\/p>\n<\/blockquote>\n<ul style=\"list-style-type: square; text-align: justify;\">\n<li>Then there is the imperative of <strong>fighting global warming and protecting biodiversity.<\/strong><\/li>\n<\/ul>\n<blockquote>\n<p>This is not the smallest subject. The climate agenda is absolutely decisive for the future of our islands. It is about resilience, about resistance. It is simply about life. There is a framework for international cooperation, we need to mobilise funding and build common strategies with all IOC partners. <strong>The biodiversity agenda is a strategic agenda for the whole region<\/strong>. One of the region&#8217;s assets is its biodiversity capital. It is not an artificial capital, it is a natural capital. It must be fully exploited so that there is a return on the territories and for the populations.<\/p>\n<\/blockquote>\n<ul style=\"list-style-type: square; text-align: justify;\">\n<li>Finally, the third issue is the <strong>economy<\/strong>.<\/li>\n<\/ul>\n<blockquote>\n<p>Connectivity and both physical and digital infrastructure. <strong>Connectivity is essential because it opens up the possibilities<\/strong>: the possibilities of exchange and wonder, of trade and encounter, of training and employment. The infrastructure needs in the region are colossal. In an area made up of island countries, the question of network connectivity and its transport networks is central, both economically and politically. The challenge is to build, with our partners, quality transport and communication infrastructures that guarantee the free movement of people, information and goods, that are economically sustainable and that respect the sovereignty of the States in terms of debt. Connectivity is the first pillar of the economic strategy to be developed for the region.<\/p>\n<\/blockquote>\n<p style=\"text-align: justify;\">This triple priority should enable the IOC to <strong>respond to the challenges of sustainable development in the region.<\/strong> Of course, this prioritisation cannot ignore the cross-cutting challenges that must create the conditions for the emergence of sustainable cities, or rather sustainable islands: green energy, agroecology, education and training, health, equality, empowerment of women and youth and, at the beginning of everything, peace and stability.<\/p>\n<h2 style=\"text-align: justify;\">Reconciling economy and ecology<\/h2>\n<p style=\"text-align: justify;\">The IOC has a unique voice in this region of the world, on an African scale. It carries an island voice, determined to reconcile the ecological and economic agendas. This makes it a fully political organisation, in the etymological sense.<\/p>\n<p style=\"text-align: justify;\">With the IOC, we must seal a pact for the future with women and men who are bearers of a strong identity open to the world, women and men concerned about their future and capable of reconciling continents. We must have this ambition for our youth, for the generations to come. This is a political ambition for the IOC. It is a strategic axis. It is a daily responsibility against risks, against relegation. In other words, for our development.<\/p>\n<\/div><div class=\"fusion-clearfix\"><\/div><\/div><\/div><\/div><\/div><\/p>\n","protected":false},"excerpt":{"rendered":"","protected":false},"author":32,"featured_media":37738,"parent":0,"menu_order":0,"comment_status":"closed","ping_status":"closed","template":"","meta":{"footnotes":""},"class_list":["post-45096","page","type-page","status-publish","has-post-thumbnail","hentry"],"yoast_head":"<!-- This site is optimized with the Yoast SEO Premium plugin v26.5 (Yoast SEO v27.2) - https:\/\/yoast.com\/product\/yoast-seo-premium-wordpress\/ -->\n<title>Message of the Secretary General - Commission de l&#039;oc\u00e9an Indien<\/title>\n<meta name=\"robots\" content=\"index, follow, max-snippet:-1, max-image-preview:large, max-video-preview:-1\" \/>\n<link rel=\"canonical\" href=\"https:\/\/www.commissionoceanindien.org\/message-secretaire-general\/\" \/>\n<meta property=\"og:locale\" content=\"en_US\" \/>\n<meta property=\"og:type\" content=\"article\" \/>\n<meta property=\"og:title\" content=\"Message of the Secretary General\" \/>\n<meta property=\"og:url\" content=\"https:\/\/www.commissionoceanindien.org\/message-secretaire-general\/\" \/>\n<meta property=\"og:site_name\" content=\"Commission de l&#039;oc\u00e9an Indien\" \/>\n<meta property=\"article:modified_time\" content=\"2023-03-27T07:45:57+00:00\" \/>\n<meta property=\"og:image\" content=\"https:\/\/www.commissionoceanindien.org\/wp-content\/uploads\/2020\/03\/MessageSG.png\" \/>\n\t<meta property=\"og:image:width\" content=\"800\" \/>\n\t<meta property=\"og:image:height\" content=\"530\" \/>\n\t<meta property=\"og:image:type\" content=\"image\/png\" \/>\n<meta name=\"twitter:card\" content=\"summary_large_image\" \/>\n<meta name=\"twitter:label1\" content=\"Est. reading time\" \/>\n\t<meta name=\"twitter:data1\" content=\"8 minutes\" \/>\n<script type=\"application\/ld+json\" class=\"yoast-schema-graph\">{\"@context\":\"https:\/\/schema.org\",\"@graph\":[{\"@type\":\"WebPage\",\"@id\":\"https:\/\/www.commissionoceanindien.org\/message-secretaire-general\/\",\"url\":\"https:\/\/www.commissionoceanindien.org\/message-secretaire-general\/\",\"name\":\"Message of the Secretary General - Commission de l&#039;oc\u00e9an Indien\",\"isPartOf\":{\"@id\":\"https:\/\/www.commissionoceanindien.org\/#website\"},\"primaryImageOfPage\":{\"@id\":\"https:\/\/www.commissionoceanindien.org\/message-secretaire-general\/#primaryimage\"},\"image\":{\"@id\":\"https:\/\/www.commissionoceanindien.org\/message-secretaire-general\/#primaryimage\"},\"thumbnailUrl\":\"https:\/\/www.commissionoceanindien.org\/wp-content\/uploads\/2020\/03\/MessageSG.png\",\"datePublished\":\"2018-12-18T06:21:55+00:00\",\"dateModified\":\"2023-03-27T07:45:57+00:00\",\"breadcrumb\":{\"@id\":\"https:\/\/www.commissionoceanindien.org\/message-secretaire-general\/#breadcrumb\"},\"inLanguage\":\"en-US\",\"potentialAction\":[{\"@type\":\"ReadAction\",\"target\":[\"https:\/\/www.commissionoceanindien.org\/message-secretaire-general\/\"]}]},{\"@type\":\"ImageObject\",\"inLanguage\":\"en-US\",\"@id\":\"https:\/\/www.commissionoceanindien.org\/message-secretaire-general\/#primaryimage\",\"url\":\"https:\/\/www.commissionoceanindien.org\/wp-content\/uploads\/2020\/03\/MessageSG.png\",\"contentUrl\":\"https:\/\/www.commissionoceanindien.org\/wp-content\/uploads\/2020\/03\/MessageSG.png\",\"width\":800,\"height\":530},{\"@type\":\"BreadcrumbList\",\"@id\":\"https:\/\/www.commissionoceanindien.org\/message-secretaire-general\/#breadcrumb\",\"itemListElement\":[{\"@type\":\"ListItem\",\"position\":1,\"name\":\"Accueil\",\"item\":\"https:\/\/www.commissionoceanindien.org\/en\/\"},{\"@type\":\"ListItem\",\"position\":2,\"name\":\"Message of the Secretary General\"}]},{\"@type\":\"WebSite\",\"@id\":\"https:\/\/www.commissionoceanindien.org\/#website\",\"url\":\"https:\/\/www.commissionoceanindien.org\/\",\"name\":\"Commission de l&#039;oc\u00e9an Indien\",\"description\":\"Assurer la s\u00e9curit\u00e9 de l\u2019Indianoc\u00e9anie sur tous les fronts\",\"publisher\":{\"@id\":\"https:\/\/www.commissionoceanindien.org\/#organization\"},\"potentialAction\":[{\"@type\":\"SearchAction\",\"target\":{\"@type\":\"EntryPoint\",\"urlTemplate\":\"https:\/\/www.commissionoceanindien.org\/?s={search_term_string}\"},\"query-input\":{\"@type\":\"PropertyValueSpecification\",\"valueRequired\":true,\"valueName\":\"search_term_string\"}}],\"inLanguage\":\"en-US\"},{\"@type\":\"Organization\",\"@id\":\"https:\/\/www.commissionoceanindien.org\/#organization\",\"name\":\"Commission de l'oc\u00e9an Indien\",\"url\":\"https:\/\/www.commissionoceanindien.org\/\",\"logo\":{\"@type\":\"ImageObject\",\"inLanguage\":\"en-US\",\"@id\":\"https:\/\/www.commissionoceanindien.org\/#\/schema\/logo\/image\/\",\"url\":\"https:\/\/www.commissionoceanindien.org\/wp-content\/uploads\/2019\/10\/french-coi-logo-100px-french-logo.png\",\"contentUrl\":\"https:\/\/www.commissionoceanindien.org\/wp-content\/uploads\/2019\/10\/french-coi-logo-100px-french-logo.png\",\"width\":276,\"height\":100,\"caption\":\"Commission de l'oc\u00e9an Indien\"},\"image\":{\"@id\":\"https:\/\/www.commissionoceanindien.org\/#\/schema\/logo\/image\/\"}}]}<\/script>\n<!-- \/ Yoast SEO Premium plugin. -->","yoast_head_json":{"title":"Message of the Secretary General - Commission de l&#039;oc\u00e9an Indien","robots":{"index":"index","follow":"follow","max-snippet":"max-snippet:-1","max-image-preview":"max-image-preview:large","max-video-preview":"max-video-preview:-1"},"canonical":"https:\/\/www.commissionoceanindien.org\/message-secretaire-general\/","og_locale":"en_US","og_type":"article","og_title":"Message of the Secretary General","og_url":"https:\/\/www.commissionoceanindien.org\/message-secretaire-general\/","og_site_name":"Commission de l&#039;oc\u00e9an Indien","article_modified_time":"2023-03-27T07:45:57+00:00","og_image":[{"width":800,"height":530,"url":"https:\/\/www.commissionoceanindien.org\/wp-content\/uploads\/2020\/03\/MessageSG.png","type":"image\/png"}],"twitter_card":"summary_large_image","twitter_misc":{"Est. reading time":"8 minutes"},"schema":{"@context":"https:\/\/schema.org","@graph":[{"@type":"WebPage","@id":"https:\/\/www.commissionoceanindien.org\/message-secretaire-general\/","url":"https:\/\/www.commissionoceanindien.org\/message-secretaire-general\/","name":"Message of the Secretary General - Commission de l&#039;oc\u00e9an Indien","isPartOf":{"@id":"https:\/\/www.commissionoceanindien.org\/#website"},"primaryImageOfPage":{"@id":"https:\/\/www.commissionoceanindien.org\/message-secretaire-general\/#primaryimage"},"image":{"@id":"https:\/\/www.commissionoceanindien.org\/message-secretaire-general\/#primaryimage"},"thumbnailUrl":"https:\/\/www.commissionoceanindien.org\/wp-content\/uploads\/2020\/03\/MessageSG.png","datePublished":"2018-12-18T06:21:55+00:00","dateModified":"2023-03-27T07:45:57+00:00","breadcrumb":{"@id":"https:\/\/www.commissionoceanindien.org\/message-secretaire-general\/#breadcrumb"},"inLanguage":"en-US","potentialAction":[{"@type":"ReadAction","target":["https:\/\/www.commissionoceanindien.org\/message-secretaire-general\/"]}]},{"@type":"ImageObject","inLanguage":"en-US","@id":"https:\/\/www.commissionoceanindien.org\/message-secretaire-general\/#primaryimage","url":"https:\/\/www.commissionoceanindien.org\/wp-content\/uploads\/2020\/03\/MessageSG.png","contentUrl":"https:\/\/www.commissionoceanindien.org\/wp-content\/uploads\/2020\/03\/MessageSG.png","width":800,"height":530},{"@type":"BreadcrumbList","@id":"https:\/\/www.commissionoceanindien.org\/message-secretaire-general\/#breadcrumb","itemListElement":[{"@type":"ListItem","position":1,"name":"Accueil","item":"https:\/\/www.commissionoceanindien.org\/en\/"},{"@type":"ListItem","position":2,"name":"Message of the Secretary General"}]},{"@type":"WebSite","@id":"https:\/\/www.commissionoceanindien.org\/#website","url":"https:\/\/www.commissionoceanindien.org\/","name":"Commission de l&#039;oc\u00e9an Indien","description":"Assurer la s\u00e9curit\u00e9 de l\u2019Indianoc\u00e9anie sur tous les fronts","publisher":{"@id":"https:\/\/www.commissionoceanindien.org\/#organization"},"potentialAction":[{"@type":"SearchAction","target":{"@type":"EntryPoint","urlTemplate":"https:\/\/www.commissionoceanindien.org\/?s={search_term_string}"},"query-input":{"@type":"PropertyValueSpecification","valueRequired":true,"valueName":"search_term_string"}}],"inLanguage":"en-US"},{"@type":"Organization","@id":"https:\/\/www.commissionoceanindien.org\/#organization","name":"Commission de l'oc\u00e9an Indien","url":"https:\/\/www.commissionoceanindien.org\/","logo":{"@type":"ImageObject","inLanguage":"en-US","@id":"https:\/\/www.commissionoceanindien.org\/#\/schema\/logo\/image\/","url":"https:\/\/www.commissionoceanindien.org\/wp-content\/uploads\/2019\/10\/french-coi-logo-100px-french-logo.png","contentUrl":"https:\/\/www.commissionoceanindien.org\/wp-content\/uploads\/2019\/10\/french-coi-logo-100px-french-logo.png","width":276,"height":100,"caption":"Commission de l'oc\u00e9an Indien"},"image":{"@id":"https:\/\/www.commissionoceanindien.org\/#\/schema\/logo\/image\/"}}]}},"_links":{"self":[{"href":"https:\/\/www.commissionoceanindien.org\/en\/wp-json\/wp\/v2\/pages\/45096","targetHints":{"allow":["GET"]}}],"collection":[{"href":"https:\/\/www.commissionoceanindien.org\/en\/wp-json\/wp\/v2\/pages"}],"about":[{"href":"https:\/\/www.commissionoceanindien.org\/en\/wp-json\/wp\/v2\/types\/page"}],"author":[{"embeddable":true,"href":"https:\/\/www.commissionoceanindien.org\/en\/wp-json\/wp\/v2\/users\/32"}],"replies":[{"embeddable":true,"href":"https:\/\/www.commissionoceanindien.org\/en\/wp-json\/wp\/v2\/comments?post=45096"}],"version-history":[{"count":4,"href":"https:\/\/www.commissionoceanindien.org\/en\/wp-json\/wp\/v2\/pages\/45096\/revisions"}],"predecessor-version":[{"id":45100,"href":"https:\/\/www.commissionoceanindien.org\/en\/wp-json\/wp\/v2\/pages\/45096\/revisions\/45100"}],"wp:featuredmedia":[{"embeddable":true,"href":"https:\/\/www.commissionoceanindien.org\/en\/wp-json\/wp\/v2\/media\/37738"}],"wp:attachment":[{"href":"https:\/\/www.commissionoceanindien.org\/en\/wp-json\/wp\/v2\/media?parent=45096"}],"curies":[{"name":"wp","href":"https:\/\/api.w.org\/{rel}","templated":true}]}}