{"id":45087,"date":"2018-12-20T11:39:02","date_gmt":"2018-12-20T07:39:02","guid":{"rendered":"https:\/\/www.commissionoceanindien.org\/?page_id=45087"},"modified":"2025-09-18T09:17:11","modified_gmt":"2025-09-18T05:17:11","slug":"strategic-areas","status":"publish","type":"page","link":"https:\/\/www.commissionoceanindien.org\/en\/strategic-areas\/","title":{"rendered":"Strategic Pillars"},"content":{"rendered":"<div class=\"fusion-fullwidth fullwidth-box fusion-builder-row-1 nonhundred-percent-fullwidth non-hundred-percent-height-scrolling\" style=\"--awb-border-radius-top-left:0px;--awb-border-radius-top-right:0px;--awb-border-radius-bottom-right:0px;--awb-border-radius-bottom-left:0px;--awb-flex-wrap:wrap;\" ><div class=\"fusion-builder-row fusion-row\"><div class=\"fusion-layout-column fusion_builder_column fusion-builder-column-0 fusion_builder_column_1_1 1_1 fusion-one-full fusion-column-first fusion-column-last\" style=\"--awb-bg-size:cover;\"><div class=\"fusion-column-wrapper fusion-flex-column-wrapper-legacy\"><div class=\"fusion-text fusion-text-1\"><p>The Indian Ocean Commission&#8217;s activities are based on a Strategic Development Plan 2018-2021 adopted by the 33rd Council of Ministers in September 2018.<\/p>\n<p>This Strategic Development Plan is structured around four strategic axes that set the general direction of the Indian Ocean Commission. These strategic areas are then broken down into 17 fields of action.<\/p>\n<\/div><div class=\"fusion-text fusion-text-2\"><p>The Secretary General, with the support of a Director at the General Secretariat, is responsible for the operational implementation of all the decisions of the Council of Ministers and thus of the Strategic Development Plan. The actual implementation of the strategic axes and fields of action is entrusted to the Intervention Areas (IA). These IAs are headed by five policy officers appointed by the Member States.<\/p>\n<p>The 36th IOC Council of Ministers mandated the General Secretariat to develop a new Strategic Development Plan. In order to do so, it was agreed to adopt a co-construction approach. Consultation workshops with national stakeholders in each of the Member States were held between June and September 2022. The new Strategic Development Plan, which will cover the period 2023-2033, will be structured around 3 to 5 year operational plans. It will be presented for adoption at the 37th ordinary session of the IOC Council of Ministers in 2023.<\/p>\n<\/div><div class=\"fusion-clearfix\"><\/div><\/div><\/div><\/div><\/div>\n","protected":false},"excerpt":{"rendered":"","protected":false},"author":32,"featured_media":37726,"parent":0,"menu_order":0,"comment_status":"closed","ping_status":"closed","template":"","meta":{"footnotes":""},"class_list":["post-45087","page","type-page","status-publish","has-post-thumbnail","hentry"],"yoast_head":"<!-- This site is optimized with the Yoast SEO Premium plugin v26.5 (Yoast SEO v27.2) - https:\/\/yoast.com\/product\/yoast-seo-premium-wordpress\/ -->\n<title>Indian Ocean Commission - Strategic areas<\/title>\n<meta name=\"description\" content=\"This Strategic Development Plan is structured around four strategic axes that set the general direction of the Indian Ocean Commission. These strategic areas are then broken down into 17 fields of action.\" \/>\n<meta name=\"robots\" content=\"index, follow, max-snippet:-1, max-image-preview:large, max-video-preview:-1\" \/>\n<link rel=\"canonical\" href=\"https:\/\/www.commissionoceanindien.org\/en\/strategic-areas\/\" \/>\n<meta property=\"og:locale\" content=\"en_US\" \/>\n<meta property=\"og:type\" content=\"article\" \/>\n<meta property=\"og:title\" content=\"Strategic Pillars\" \/>\n<meta property=\"og:description\" content=\"This Strategic Development Plan is structured around four strategic axes that set the general direction of the Indian Ocean Commission. These strategic areas are then broken down into 17 fields of action.\" \/>\n<meta property=\"og:url\" content=\"https:\/\/www.commissionoceanindien.org\/en\/strategic-areas\/\" \/>\n<meta property=\"og:site_name\" content=\"Commission de l&#039;oc\u00e9an Indien\" \/>\n<meta property=\"article:modified_time\" content=\"2025-09-18T05:17:11+00:00\" \/>\n<meta property=\"og:image\" content=\"https:\/\/www.commissionoceanindien.org\/wp-content\/uploads\/2020\/03\/AxesStrategiques.png\" \/>\n\t<meta property=\"og:image:width\" content=\"800\" \/>\n\t<meta property=\"og:image:height\" content=\"530\" \/>\n\t<meta property=\"og:image:type\" content=\"image\/png\" \/>\n<meta name=\"twitter:card\" content=\"summary_large_image\" \/>\n<meta name=\"twitter:label1\" content=\"Est. reading time\" \/>\n\t<meta name=\"twitter:data1\" content=\"2 minutes\" \/>\n<script type=\"application\/ld+json\" class=\"yoast-schema-graph\">{\"@context\":\"https:\/\/schema.org\",\"@graph\":[{\"@type\":\"WebPage\",\"@id\":\"https:\/\/www.commissionoceanindien.org\/en\/strategic-areas\/\",\"url\":\"https:\/\/www.commissionoceanindien.org\/en\/strategic-areas\/\",\"name\":\"Indian Ocean Commission - Strategic areas\",\"isPartOf\":{\"@id\":\"https:\/\/www.commissionoceanindien.org\/#website\"},\"primaryImageOfPage\":{\"@id\":\"https:\/\/www.commissionoceanindien.org\/en\/strategic-areas\/#primaryimage\"},\"image\":{\"@id\":\"https:\/\/www.commissionoceanindien.org\/en\/strategic-areas\/#primaryimage\"},\"thumbnailUrl\":\"https:\/\/www.commissionoceanindien.org\/wp-content\/uploads\/2020\/03\/AxesStrategiques.png\",\"datePublished\":\"2018-12-20T07:39:02+00:00\",\"dateModified\":\"2025-09-18T05:17:11+00:00\",\"description\":\"This Strategic Development Plan is structured around four strategic axes that set the general direction of the Indian Ocean Commission. These strategic areas are then broken down into 17 fields of action.\",\"breadcrumb\":{\"@id\":\"https:\/\/www.commissionoceanindien.org\/en\/strategic-areas\/#breadcrumb\"},\"inLanguage\":\"en-US\",\"potentialAction\":[{\"@type\":\"ReadAction\",\"target\":[\"https:\/\/www.commissionoceanindien.org\/en\/strategic-areas\/\"]}]},{\"@type\":\"ImageObject\",\"inLanguage\":\"en-US\",\"@id\":\"https:\/\/www.commissionoceanindien.org\/en\/strategic-areas\/#primaryimage\",\"url\":\"https:\/\/www.commissionoceanindien.org\/wp-content\/uploads\/2020\/03\/AxesStrategiques.png\",\"contentUrl\":\"https:\/\/www.commissionoceanindien.org\/wp-content\/uploads\/2020\/03\/AxesStrategiques.png\",\"width\":800,\"height\":530},{\"@type\":\"BreadcrumbList\",\"@id\":\"https:\/\/www.commissionoceanindien.org\/en\/strategic-areas\/#breadcrumb\",\"itemListElement\":[{\"@type\":\"ListItem\",\"position\":1,\"name\":\"Accueil\",\"item\":\"https:\/\/www.commissionoceanindien.org\/en\/\"},{\"@type\":\"ListItem\",\"position\":2,\"name\":\"Strategic Pillars\"}]},{\"@type\":\"WebSite\",\"@id\":\"https:\/\/www.commissionoceanindien.org\/#website\",\"url\":\"https:\/\/www.commissionoceanindien.org\/\",\"name\":\"Commission de l&#039;oc\u00e9an Indien\",\"description\":\"Assurer la s\u00e9curit\u00e9 de l\u2019Indianoc\u00e9anie sur tous les fronts\",\"publisher\":{\"@id\":\"https:\/\/www.commissionoceanindien.org\/#organization\"},\"potentialAction\":[{\"@type\":\"SearchAction\",\"target\":{\"@type\":\"EntryPoint\",\"urlTemplate\":\"https:\/\/www.commissionoceanindien.org\/?s={search_term_string}\"},\"query-input\":{\"@type\":\"PropertyValueSpecification\",\"valueRequired\":true,\"valueName\":\"search_term_string\"}}],\"inLanguage\":\"en-US\"},{\"@type\":\"Organization\",\"@id\":\"https:\/\/www.commissionoceanindien.org\/#organization\",\"name\":\"Commission de l'oc\u00e9an Indien\",\"url\":\"https:\/\/www.commissionoceanindien.org\/\",\"logo\":{\"@type\":\"ImageObject\",\"inLanguage\":\"en-US\",\"@id\":\"https:\/\/www.commissionoceanindien.org\/#\/schema\/logo\/image\/\",\"url\":\"https:\/\/www.commissionoceanindien.org\/wp-content\/uploads\/2019\/10\/french-coi-logo-100px-french-logo.png\",\"contentUrl\":\"https:\/\/www.commissionoceanindien.org\/wp-content\/uploads\/2019\/10\/french-coi-logo-100px-french-logo.png\",\"width\":276,\"height\":100,\"caption\":\"Commission de l'oc\u00e9an Indien\"},\"image\":{\"@id\":\"https:\/\/www.commissionoceanindien.org\/#\/schema\/logo\/image\/\"}}]}<\/script>\n<!-- \/ Yoast SEO Premium plugin. -->","yoast_head_json":{"title":"Indian Ocean Commission - Strategic areas","description":"This Strategic Development Plan is structured around four strategic axes that set the general direction of the Indian Ocean Commission. These strategic areas are then broken down into 17 fields of action.","robots":{"index":"index","follow":"follow","max-snippet":"max-snippet:-1","max-image-preview":"max-image-preview:large","max-video-preview":"max-video-preview:-1"},"canonical":"https:\/\/www.commissionoceanindien.org\/en\/strategic-areas\/","og_locale":"en_US","og_type":"article","og_title":"Strategic Pillars","og_description":"This Strategic Development Plan is structured around four strategic axes that set the general direction of the Indian Ocean Commission. These strategic areas are then broken down into 17 fields of action.","og_url":"https:\/\/www.commissionoceanindien.org\/en\/strategic-areas\/","og_site_name":"Commission de l&#039;oc\u00e9an Indien","article_modified_time":"2025-09-18T05:17:11+00:00","og_image":[{"width":800,"height":530,"url":"https:\/\/www.commissionoceanindien.org\/wp-content\/uploads\/2020\/03\/AxesStrategiques.png","type":"image\/png"}],"twitter_card":"summary_large_image","twitter_misc":{"Est. reading time":"2 minutes"},"schema":{"@context":"https:\/\/schema.org","@graph":[{"@type":"WebPage","@id":"https:\/\/www.commissionoceanindien.org\/en\/strategic-areas\/","url":"https:\/\/www.commissionoceanindien.org\/en\/strategic-areas\/","name":"Indian Ocean Commission - Strategic areas","isPartOf":{"@id":"https:\/\/www.commissionoceanindien.org\/#website"},"primaryImageOfPage":{"@id":"https:\/\/www.commissionoceanindien.org\/en\/strategic-areas\/#primaryimage"},"image":{"@id":"https:\/\/www.commissionoceanindien.org\/en\/strategic-areas\/#primaryimage"},"thumbnailUrl":"https:\/\/www.commissionoceanindien.org\/wp-content\/uploads\/2020\/03\/AxesStrategiques.png","datePublished":"2018-12-20T07:39:02+00:00","dateModified":"2025-09-18T05:17:11+00:00","description":"This Strategic Development Plan is structured around four strategic axes that set the general direction of the Indian Ocean Commission. These strategic areas are then broken down into 17 fields of action.","breadcrumb":{"@id":"https:\/\/www.commissionoceanindien.org\/en\/strategic-areas\/#breadcrumb"},"inLanguage":"en-US","potentialAction":[{"@type":"ReadAction","target":["https:\/\/www.commissionoceanindien.org\/en\/strategic-areas\/"]}]},{"@type":"ImageObject","inLanguage":"en-US","@id":"https:\/\/www.commissionoceanindien.org\/en\/strategic-areas\/#primaryimage","url":"https:\/\/www.commissionoceanindien.org\/wp-content\/uploads\/2020\/03\/AxesStrategiques.png","contentUrl":"https:\/\/www.commissionoceanindien.org\/wp-content\/uploads\/2020\/03\/AxesStrategiques.png","width":800,"height":530},{"@type":"BreadcrumbList","@id":"https:\/\/www.commissionoceanindien.org\/en\/strategic-areas\/#breadcrumb","itemListElement":[{"@type":"ListItem","position":1,"name":"Accueil","item":"https:\/\/www.commissionoceanindien.org\/en\/"},{"@type":"ListItem","position":2,"name":"Strategic Pillars"}]},{"@type":"WebSite","@id":"https:\/\/www.commissionoceanindien.org\/#website","url":"https:\/\/www.commissionoceanindien.org\/","name":"Commission de l&#039;oc\u00e9an Indien","description":"Assurer la s\u00e9curit\u00e9 de l\u2019Indianoc\u00e9anie sur tous les fronts","publisher":{"@id":"https:\/\/www.commissionoceanindien.org\/#organization"},"potentialAction":[{"@type":"SearchAction","target":{"@type":"EntryPoint","urlTemplate":"https:\/\/www.commissionoceanindien.org\/?s={search_term_string}"},"query-input":{"@type":"PropertyValueSpecification","valueRequired":true,"valueName":"search_term_string"}}],"inLanguage":"en-US"},{"@type":"Organization","@id":"https:\/\/www.commissionoceanindien.org\/#organization","name":"Commission de l'oc\u00e9an Indien","url":"https:\/\/www.commissionoceanindien.org\/","logo":{"@type":"ImageObject","inLanguage":"en-US","@id":"https:\/\/www.commissionoceanindien.org\/#\/schema\/logo\/image\/","url":"https:\/\/www.commissionoceanindien.org\/wp-content\/uploads\/2019\/10\/french-coi-logo-100px-french-logo.png","contentUrl":"https:\/\/www.commissionoceanindien.org\/wp-content\/uploads\/2019\/10\/french-coi-logo-100px-french-logo.png","width":276,"height":100,"caption":"Commission de l'oc\u00e9an Indien"},"image":{"@id":"https:\/\/www.commissionoceanindien.org\/#\/schema\/logo\/image\/"}}]}},"_links":{"self":[{"href":"https:\/\/www.commissionoceanindien.org\/en\/wp-json\/wp\/v2\/pages\/45087","targetHints":{"allow":["GET"]}}],"collection":[{"href":"https:\/\/www.commissionoceanindien.org\/en\/wp-json\/wp\/v2\/pages"}],"about":[{"href":"https:\/\/www.commissionoceanindien.org\/en\/wp-json\/wp\/v2\/types\/page"}],"author":[{"embeddable":true,"href":"https:\/\/www.commissionoceanindien.org\/en\/wp-json\/wp\/v2\/users\/32"}],"replies":[{"embeddable":true,"href":"https:\/\/www.commissionoceanindien.org\/en\/wp-json\/wp\/v2\/comments?post=45087"}],"version-history":[{"count":9,"href":"https:\/\/www.commissionoceanindien.org\/en\/wp-json\/wp\/v2\/pages\/45087\/revisions"}],"predecessor-version":[{"id":70277,"href":"https:\/\/www.commissionoceanindien.org\/en\/wp-json\/wp\/v2\/pages\/45087\/revisions\/70277"}],"wp:featuredmedia":[{"embeddable":true,"href":"https:\/\/www.commissionoceanindien.org\/en\/wp-json\/wp\/v2\/media\/37726"}],"wp:attachment":[{"href":"https:\/\/www.commissionoceanindien.org\/en\/wp-json\/wp\/v2\/media?parent=45087"}],"curies":[{"name":"wp","href":"https:\/\/api.w.org\/{rel}","templated":true}]}}