{"id":45003,"date":"2019-06-28T11:13:05","date_gmt":"2019-06-28T07:13:05","guid":{"rendered":"https:\/\/www.commissionoceanindien.org\/?page_id=45003"},"modified":"2023-03-24T15:21:30","modified_gmt":"2023-03-24T11:21:30","slug":"summit-indian-ocean-commission","status":"publish","type":"page","link":"https:\/\/www.commissionoceanindien.org\/en\/our-authorities\/summit-indian-ocean-commission\/","title":{"rendered":"Summit"},"content":{"rendered":"<div class=\"fusion-fullwidth fullwidth-box fusion-builder-row-1 nonhundred-percent-fullwidth non-hundred-percent-height-scrolling\" style=\"--awb-border-radius-top-left:0px;--awb-border-radius-top-right:0px;--awb-border-radius-bottom-right:0px;--awb-border-radius-bottom-left:0px;--awb-flex-wrap:wrap;\" ><div class=\"fusion-builder-row fusion-row\"><div class=\"fusion-layout-column fusion_builder_column fusion-builder-column-0 fusion_builder_column_1_3 1_3 fusion-one-third fusion-column-first fusion-column-inner-bg-wrapper\" style=\"--awb-inner-bg-size:cover;width:33.333333333333%;width:calc(33.333333333333% - ( ( 4% ) * 0.33333333333333 ) );margin-right: 4%;\"><span class=\"fusion-column-inner-bg hover-type-none\"><a class=\"fusion-column-anchor\" href=\"https:\/\/www.commissionoceanindien.org\/wp-content\/uploads\/2019\/07\/2014-08-22_Declaration_IVe_Sommet_COI.pdf\"><span class=\"fusion-column-inner-bg-image\"><\/span><\/a><\/span><div class=\"fusion-column-wrapper fusion-column-has-shadow fusion-flex-column-wrapper-legacy\"><div class=\"fusion-image-element fusion-image-align-center in-legacy-container\" style=\"text-align:center;--awb-caption-title-font-family:var(--h2_typography-font-family);--awb-caption-title-font-weight:var(--h2_typography-font-weight);--awb-caption-title-font-style:var(--h2_typography-font-style);--awb-caption-title-size:var(--h2_typography-font-size);--awb-caption-title-transform:var(--h2_typography-text-transform);--awb-caption-title-line-height:var(--h2_typography-line-height);--awb-caption-title-letter-spacing:var(--h2_typography-letter-spacing);\"><div class=\"imageframe-align-center\"><span class=\" fusion-imageframe imageframe-none imageframe-1 hover-type-none\"><img decoding=\"async\" width=\"300\" height=\"290\" title=\"4e Sommet COI\" src=\"https:\/\/www.commissionoceanindien.org\/wp-content\/uploads\/2019\/07\/4e-Sommet-COI-300x290.jpg\" alt class=\"img-responsive wp-image-36100\" srcset=\"https:\/\/www.commissionoceanindien.org\/wp-content\/uploads\/2019\/07\/4e-Sommet-COI-200x193.jpg 200w, https:\/\/www.commissionoceanindien.org\/wp-content\/uploads\/2019\/07\/4e-Sommet-COI-400x386.jpg 400w, https:\/\/www.commissionoceanindien.org\/wp-content\/uploads\/2019\/07\/4e-Sommet-COI-600x580.jpg 600w, https:\/\/www.commissionoceanindien.org\/wp-content\/uploads\/2019\/07\/4e-Sommet-COI.jpg 621w\" sizes=\"(max-width: 800px) 100vw, 400px\" \/><\/span><\/div><\/div><div class=\"fusion-text fusion-text-1\"><p style=\"text-align: center;\">Declaration of the IVth IOC Summit<\/p>\n<p style=\"text-align: center;\">Moroni, August 23, 2014<\/p>\n<\/div><div class=\"fusion-clearfix\"><\/div><\/div><\/div><div class=\"fusion-layout-column fusion_builder_column fusion-builder-column-1 fusion_builder_column_1_3 1_3 fusion-one-third fusion-column-last fusion-column-inner-bg-wrapper\" style=\"--awb-inner-bg-size:cover;width:33.333333333333%;width:calc(33.333333333333% - ( ( 4% ) * 0.33333333333333 ) );\"><span class=\"fusion-column-inner-bg hover-type-none\"><a class=\"fusion-column-anchor\" href=\"https:\/\/www.commissionoceanindien.org\/wp-content\/uploads\/2019\/07\/2014-08-22_Declaration_IVe_Sommet_COI.pdf\"><span class=\"fusion-column-inner-bg-image\"><\/span><\/a><\/span><div class=\"fusion-column-wrapper fusion-column-has-shadow fusion-flex-column-wrapper-legacy\"><div class=\"fusion-image-element fusion-image-align-center in-legacy-container\" style=\"text-align:center;--awb-caption-title-font-family:var(--h2_typography-font-family);--awb-caption-title-font-weight:var(--h2_typography-font-weight);--awb-caption-title-font-style:var(--h2_typography-font-style);--awb-caption-title-size:var(--h2_typography-font-size);--awb-caption-title-transform:var(--h2_typography-text-transform);--awb-caption-title-line-height:var(--h2_typography-line-height);--awb-caption-title-letter-spacing:var(--h2_typography-letter-spacing);\"><div class=\"imageframe-align-center\"><span class=\" fusion-imageframe imageframe-none imageframe-2 hover-type-none\"><a class=\"fusion-no-lightbox\" href=\"https:\/\/www.commissionoceanindien.org\/wp-content\/uploads\/2019\/07\/Declaration_finale_Sommet_2005_Madagascar.pdf\" target=\"_self\" aria-label=\"3eSommetCOI\"><img decoding=\"async\" width=\"300\" height=\"206\" src=\"https:\/\/www.commissionoceanindien.org\/wp-content\/uploads\/2019\/07\/3eSommetCOI-300x206.jpg\" alt class=\"img-responsive wp-image-36253\" srcset=\"https:\/\/www.commissionoceanindien.org\/wp-content\/uploads\/2019\/07\/3eSommetCOI-200x138.jpg 200w, https:\/\/www.commissionoceanindien.org\/wp-content\/uploads\/2019\/07\/3eSommetCOI-400x275.jpg 400w, https:\/\/www.commissionoceanindien.org\/wp-content\/uploads\/2019\/07\/3eSommetCOI-600x413.jpg 600w, https:\/\/www.commissionoceanindien.org\/wp-content\/uploads\/2019\/07\/3eSommetCOI.jpg 800w\" sizes=\"(max-width: 800px) 100vw, 400px\" \/><\/a><\/span><\/div><\/div><div class=\"fusion-text fusion-text-2\"><p style=\"text-align: center;\">Declaration of the 3rd IOC Summit<\/p>\n<p style=\"text-align: center;\">Antananarivo, July 22, 2005<\/p>\n<\/div><div class=\"fusion-clearfix\"><\/div><\/div><\/div><\/div><\/div>\n","protected":false},"excerpt":{"rendered":"","protected":false},"author":32,"featured_media":0,"parent":43200,"menu_order":0,"comment_status":"closed","ping_status":"closed","template":"","meta":{"footnotes":""},"class_list":["post-45003","page","type-page","status-publish","hentry"],"yoast_head":"<!-- This site is optimized with the Yoast SEO Premium plugin v26.5 (Yoast SEO v27.2) - https:\/\/yoast.com\/product\/yoast-seo-premium-wordpress\/ -->\n<title>Summit Indian Ocean Commission<\/title>\n<meta name=\"description\" content=\"Summit Indian Ocean Commission - The IOC is at the service of its Member States. It is an instrument of their willingness to cooperate.\" \/>\n<meta name=\"robots\" content=\"index, follow, max-snippet:-1, max-image-preview:large, max-video-preview:-1\" \/>\n<link rel=\"canonical\" href=\"https:\/\/www.commissionoceanindien.org\/nos-instances\/sommet\/\" \/>\n<meta property=\"og:locale\" content=\"en_US\" \/>\n<meta property=\"og:type\" content=\"article\" \/>\n<meta property=\"og:title\" content=\"Summit\" \/>\n<meta property=\"og:description\" content=\"Summit Indian Ocean Commission - The IOC is at the service of its Member States. It is an instrument of their willingness to cooperate.\" \/>\n<meta property=\"og:url\" content=\"https:\/\/www.commissionoceanindien.org\/nos-instances\/sommet\/\" \/>\n<meta property=\"og:site_name\" content=\"Commission de l&#039;oc\u00e9an Indien\" \/>\n<meta property=\"article:modified_time\" content=\"2023-03-24T11:21:30+00:00\" \/>\n<meta name=\"twitter:card\" content=\"summary_large_image\" \/>\n<meta name=\"twitter:label1\" content=\"Est. reading time\" \/>\n\t<meta name=\"twitter:data1\" content=\"2 minutes\" \/>\n<script type=\"application\/ld+json\" class=\"yoast-schema-graph\">{\"@context\":\"https:\/\/schema.org\",\"@graph\":[{\"@type\":\"WebPage\",\"@id\":\"https:\/\/www.commissionoceanindien.org\/nos-instances\/sommet\/\",\"url\":\"https:\/\/www.commissionoceanindien.org\/nos-instances\/sommet\/\",\"name\":\"Summit Indian Ocean Commission\",\"isPartOf\":{\"@id\":\"https:\/\/www.commissionoceanindien.org\/#website\"},\"datePublished\":\"2019-06-28T07:13:05+00:00\",\"dateModified\":\"2023-03-24T11:21:30+00:00\",\"description\":\"Summit Indian Ocean Commission - The IOC is at the service of its Member States. It is an instrument of their willingness to cooperate.\",\"breadcrumb\":{\"@id\":\"https:\/\/www.commissionoceanindien.org\/nos-instances\/sommet\/#breadcrumb\"},\"inLanguage\":\"en-US\",\"potentialAction\":[{\"@type\":\"ReadAction\",\"target\":[\"https:\/\/www.commissionoceanindien.org\/nos-instances\/sommet\/\"]}]},{\"@type\":\"BreadcrumbList\",\"@id\":\"https:\/\/www.commissionoceanindien.org\/nos-instances\/sommet\/#breadcrumb\",\"itemListElement\":[{\"@type\":\"ListItem\",\"position\":1,\"name\":\"Accueil\",\"item\":\"https:\/\/www.commissionoceanindien.org\/en\/\"},{\"@type\":\"ListItem\",\"position\":2,\"name\":\"Our authorities\",\"item\":\"https:\/\/www.commissionoceanindien.org\/nos-instances\/\"},{\"@type\":\"ListItem\",\"position\":3,\"name\":\"Summit\"}]},{\"@type\":\"WebSite\",\"@id\":\"https:\/\/www.commissionoceanindien.org\/#website\",\"url\":\"https:\/\/www.commissionoceanindien.org\/\",\"name\":\"Commission de l&#039;oc\u00e9an Indien\",\"description\":\"Assurer la s\u00e9curit\u00e9 de l\u2019Indianoc\u00e9anie sur tous les fronts\",\"publisher\":{\"@id\":\"https:\/\/www.commissionoceanindien.org\/#organization\"},\"potentialAction\":[{\"@type\":\"SearchAction\",\"target\":{\"@type\":\"EntryPoint\",\"urlTemplate\":\"https:\/\/www.commissionoceanindien.org\/?s={search_term_string}\"},\"query-input\":{\"@type\":\"PropertyValueSpecification\",\"valueRequired\":true,\"valueName\":\"search_term_string\"}}],\"inLanguage\":\"en-US\"},{\"@type\":\"Organization\",\"@id\":\"https:\/\/www.commissionoceanindien.org\/#organization\",\"name\":\"Commission de l'oc\u00e9an Indien\",\"url\":\"https:\/\/www.commissionoceanindien.org\/\",\"logo\":{\"@type\":\"ImageObject\",\"inLanguage\":\"en-US\",\"@id\":\"https:\/\/www.commissionoceanindien.org\/#\/schema\/logo\/image\/\",\"url\":\"https:\/\/www.commissionoceanindien.org\/wp-content\/uploads\/2019\/10\/french-coi-logo-100px-french-logo.png\",\"contentUrl\":\"https:\/\/www.commissionoceanindien.org\/wp-content\/uploads\/2019\/10\/french-coi-logo-100px-french-logo.png\",\"width\":276,\"height\":100,\"caption\":\"Commission de l'oc\u00e9an Indien\"},\"image\":{\"@id\":\"https:\/\/www.commissionoceanindien.org\/#\/schema\/logo\/image\/\"}}]}<\/script>\n<!-- \/ Yoast SEO Premium plugin. -->","yoast_head_json":{"title":"Summit Indian Ocean Commission","description":"Summit Indian Ocean Commission - The IOC is at the service of its Member States. It is an instrument of their willingness to cooperate.","robots":{"index":"index","follow":"follow","max-snippet":"max-snippet:-1","max-image-preview":"max-image-preview:large","max-video-preview":"max-video-preview:-1"},"canonical":"https:\/\/www.commissionoceanindien.org\/nos-instances\/sommet\/","og_locale":"en_US","og_type":"article","og_title":"Summit","og_description":"Summit Indian Ocean Commission - The IOC is at the service of its Member States. It is an instrument of their willingness to cooperate.","og_url":"https:\/\/www.commissionoceanindien.org\/nos-instances\/sommet\/","og_site_name":"Commission de l&#039;oc\u00e9an Indien","article_modified_time":"2023-03-24T11:21:30+00:00","twitter_card":"summary_large_image","twitter_misc":{"Est. reading time":"2 minutes"},"schema":{"@context":"https:\/\/schema.org","@graph":[{"@type":"WebPage","@id":"https:\/\/www.commissionoceanindien.org\/nos-instances\/sommet\/","url":"https:\/\/www.commissionoceanindien.org\/nos-instances\/sommet\/","name":"Summit Indian Ocean Commission","isPartOf":{"@id":"https:\/\/www.commissionoceanindien.org\/#website"},"datePublished":"2019-06-28T07:13:05+00:00","dateModified":"2023-03-24T11:21:30+00:00","description":"Summit Indian Ocean Commission - The IOC is at the service of its Member States. It is an instrument of their willingness to cooperate.","breadcrumb":{"@id":"https:\/\/www.commissionoceanindien.org\/nos-instances\/sommet\/#breadcrumb"},"inLanguage":"en-US","potentialAction":[{"@type":"ReadAction","target":["https:\/\/www.commissionoceanindien.org\/nos-instances\/sommet\/"]}]},{"@type":"BreadcrumbList","@id":"https:\/\/www.commissionoceanindien.org\/nos-instances\/sommet\/#breadcrumb","itemListElement":[{"@type":"ListItem","position":1,"name":"Accueil","item":"https:\/\/www.commissionoceanindien.org\/en\/"},{"@type":"ListItem","position":2,"name":"Our authorities","item":"https:\/\/www.commissionoceanindien.org\/nos-instances\/"},{"@type":"ListItem","position":3,"name":"Summit"}]},{"@type":"WebSite","@id":"https:\/\/www.commissionoceanindien.org\/#website","url":"https:\/\/www.commissionoceanindien.org\/","name":"Commission de l&#039;oc\u00e9an Indien","description":"Assurer la s\u00e9curit\u00e9 de l\u2019Indianoc\u00e9anie sur tous les fronts","publisher":{"@id":"https:\/\/www.commissionoceanindien.org\/#organization"},"potentialAction":[{"@type":"SearchAction","target":{"@type":"EntryPoint","urlTemplate":"https:\/\/www.commissionoceanindien.org\/?s={search_term_string}"},"query-input":{"@type":"PropertyValueSpecification","valueRequired":true,"valueName":"search_term_string"}}],"inLanguage":"en-US"},{"@type":"Organization","@id":"https:\/\/www.commissionoceanindien.org\/#organization","name":"Commission de l'oc\u00e9an Indien","url":"https:\/\/www.commissionoceanindien.org\/","logo":{"@type":"ImageObject","inLanguage":"en-US","@id":"https:\/\/www.commissionoceanindien.org\/#\/schema\/logo\/image\/","url":"https:\/\/www.commissionoceanindien.org\/wp-content\/uploads\/2019\/10\/french-coi-logo-100px-french-logo.png","contentUrl":"https:\/\/www.commissionoceanindien.org\/wp-content\/uploads\/2019\/10\/french-coi-logo-100px-french-logo.png","width":276,"height":100,"caption":"Commission de l'oc\u00e9an Indien"},"image":{"@id":"https:\/\/www.commissionoceanindien.org\/#\/schema\/logo\/image\/"}}]}},"_links":{"self":[{"href":"https:\/\/www.commissionoceanindien.org\/en\/wp-json\/wp\/v2\/pages\/45003","targetHints":{"allow":["GET"]}}],"collection":[{"href":"https:\/\/www.commissionoceanindien.org\/en\/wp-json\/wp\/v2\/pages"}],"about":[{"href":"https:\/\/www.commissionoceanindien.org\/en\/wp-json\/wp\/v2\/types\/page"}],"author":[{"embeddable":true,"href":"https:\/\/www.commissionoceanindien.org\/en\/wp-json\/wp\/v2\/users\/32"}],"replies":[{"embeddable":true,"href":"https:\/\/www.commissionoceanindien.org\/en\/wp-json\/wp\/v2\/comments?post=45003"}],"version-history":[{"count":1,"href":"https:\/\/www.commissionoceanindien.org\/en\/wp-json\/wp\/v2\/pages\/45003\/revisions"}],"predecessor-version":[{"id":45004,"href":"https:\/\/www.commissionoceanindien.org\/en\/wp-json\/wp\/v2\/pages\/45003\/revisions\/45004"}],"up":[{"embeddable":true,"href":"https:\/\/www.commissionoceanindien.org\/en\/wp-json\/wp\/v2\/pages\/43200"}],"wp:attachment":[{"href":"https:\/\/www.commissionoceanindien.org\/en\/wp-json\/wp\/v2\/media?parent=45003"}],"curies":[{"name":"wp","href":"https:\/\/api.w.org\/{rel}","templated":true}]}}