{"id":41318,"date":"2019-03-08T14:05:07","date_gmt":"2019-03-08T10:05:07","guid":{"rendered":"https:\/\/www.commissionoceanindien.org\/?page_id=41318"},"modified":"2023-03-27T10:09:42","modified_gmt":"2023-03-27T06:09:42","slug":"our-values-and-our-mandate","status":"publish","type":"page","link":"https:\/\/www.commissionoceanindien.org\/en\/our-values-and-our-mandate\/","title":{"rendered":"Our values and our mandate"},"content":{"rendered":"<p><div class=\"fusion-fullwidth fullwidth-box fusion-builder-row-1 nonhundred-percent-fullwidth non-hundred-percent-height-scrolling\" style=\"--awb-border-radius-top-left:0px;--awb-border-radius-top-right:0px;--awb-border-radius-bottom-right:0px;--awb-border-radius-bottom-left:0px;--awb-flex-wrap:wrap;\" ><div class=\"fusion-builder-row fusion-row\"><div class=\"fusion-layout-column fusion_builder_column fusion-builder-column-0 fusion_builder_column_1_3 1_3 fusion-one-third fusion-column-first\" style=\"--awb-bg-size:cover;width:33.333333333333%;width:calc(33.333333333333% - ( ( 4% ) * 0.33333333333333 ) );margin-right: 4%;\"><div class=\"fusion-column-wrapper fusion-flex-column-wrapper-legacy\"><div class=\"fusion-flip-boxes flip-boxes row fusion-columns-1 flip-effect-classic\"><div class=\"fusion-flip-box-wrapper fusion-column col-lg-12 col-md-12 col-sm-12\"><div class=\"fusion-flip-box flip-right\" tabindex=\"0\"><div class=\"flip-box-inner-wrapper\"><div class=\"flip-box-front\" style=\"--awb-background-color-front:#00bcd4;--awb-text-front-color:#000000;\"><div class=\"flip-box-front-inner\"><h2 class=\"flip-box-heading\">OUR MAIN VALUE<\/h2>Solidarity<\/div><\/div><div class=\"flip-box-back\" style=\"--awb-background-color-back:#ff9800;--awb-title-back-color:#ffffff;\"><div class=\"flip-box-back-inner\"><h3 class=\"flip-box-heading-back\">But also<\/h3>\n<p>Respect for national sovereignty<br \/>\nSubsidiarity of actions<br \/>\nTransparency<\/p>\n<\/div><\/div><\/div><\/div><\/div><\/div><div class=\"clearfix\"><\/div><div class=\"fusion-clearfix\"><\/div><\/div><\/div><div class=\"fusion-layout-column fusion_builder_column fusion-builder-column-1 fusion_builder_column_2_3 2_3 fusion-two-third fusion-column-last\" style=\"--awb-bg-size:cover;width:66.666666666667%;width:calc(66.666666666667% - ( ( 4% ) * 0.66666666666667 ) );\"><div class=\"fusion-column-wrapper fusion-flex-column-wrapper-legacy\"><div class=\"fusion-text fusion-text-1\"><h2>Our values<\/h2>\n<p>The Indian Ocean Commission is an intergovernmental organization of proximity. This proximity is not only geographical, it is above all historical, cultural and human.<\/p>\n<p>Since its creation, it is this proximity of peoples that has led the governments of the Member States to want to come together within the framework of collective actions to respond to common issues and challenges.<\/p>\n<p><strong>Solidarity is therefore the key value<\/strong>. It is a natural solidarity that underpins the actions of the IOC in a wide range of sectors.<\/p>\n<p>In addition to this, there is the respect of principles essential to successful collective action: <strong>respect for national sovereignty, subsidiarity of actions and transparency.<\/strong><\/p>\n<\/div><div class=\"fusion-clearfix\"><\/div><\/div><\/div><\/div><\/div><div class=\"fusion-fullwidth fullwidth-box fusion-builder-row-2 nonhundred-percent-fullwidth non-hundred-percent-height-scrolling\" style=\"--awb-border-radius-top-left:0px;--awb-border-radius-top-right:0px;--awb-border-radius-bottom-right:0px;--awb-border-radius-bottom-left:0px;--awb-padding-bottom:10px;--awb-flex-wrap:wrap;\" ><div class=\"fusion-builder-row fusion-row\"><div class=\"fusion-layout-column fusion_builder_column fusion-builder-column-2 fusion_builder_column_1_1 1_1 fusion-one-full fusion-column-first fusion-column-last\" style=\"--awb-bg-size:cover;\"><div class=\"fusion-column-wrapper fusion-column-has-shadow fusion-flex-column-wrapper-legacy\"><div class=\"fusion-sep-clear\"><\/div><div class=\"fusion-separator fusion-full-width-sep\" style=\"margin-left: auto;margin-right: auto;width:100%;\"><div class=\"fusion-separator-border sep-shadow\" style=\"--awb-height:20px;--awb-amount:20px;background:radial-gradient(ellipse at 50% -50% , #e0dede 0px, rgba(255, 255, 255, 0) 80%) repeat scroll 0 0 rgba(0, 0, 0, 0);background:-webkit-radial-gradient(ellipse at 50% -50% , #e0dede 0px, rgba(255, 255, 255, 0) 80%) repeat scroll 0 0 rgba(0, 0, 0, 0);background:-moz-radial-gradient(ellipse at 50% -50% , #e0dede 0px, rgba(255, 255, 255, 0) 80%) repeat scroll 0 0 rgba(0, 0, 0, 0);background:-o-radial-gradient(ellipse at 50% -50% , #e0dede 0px, rgba(255, 255, 255, 0) 80%) repeat scroll 0 0 rgba(0, 0, 0, 0);\"><\/div><\/div><div class=\"fusion-sep-clear\"><\/div><div class=\"fusion-clearfix\"><\/div><\/div><\/div><\/div><\/div><div class=\"fusion-fullwidth fullwidth-box fusion-builder-row-3 nonhundred-percent-fullwidth non-hundred-percent-height-scrolling\" style=\"--awb-border-radius-top-left:0px;--awb-border-radius-top-right:0px;--awb-border-radius-bottom-right:0px;--awb-border-radius-bottom-left:0px;--awb-flex-wrap:wrap;\" ><div class=\"fusion-builder-row fusion-row\"><div class=\"fusion-layout-column fusion_builder_column fusion-builder-column-3 fusion_builder_column_2_3 2_3 fusion-two-third fusion-column-first\" style=\"--awb-bg-size:cover;width:66.666666666667%;width:calc(66.666666666667% - ( ( 4% ) * 0.66666666666667 ) );margin-right: 4%;\"><div class=\"fusion-column-wrapper fusion-flex-column-wrapper-legacy\"><div class=\"fusion-text fusion-text-2\"><p>The mission of the Indian Ocean Commission is to strengthen the links between the islands of the Indian Ocean region and to support its member states in the path towards sustainable development. The Indian Ocean Commission thus intervenes in areas where regional action has a strong added value.<\/p>\n<p>The Indian Ocean Commission is at the service of its <strong>Member States<\/strong> and therefore intervenes at their request.<\/p>\n<p>As an intergovernmental cooperation organization, the Indian Ocean Commission acts in favor of peace and stability, maritime security, food security, preservation of the environment, fisheries, adaptation to climate change, the interests of developing island states, public health or cultural expression.<\/p>\n<p>Its action is thus in line with the international frameworks to which its member states are signatories, such as the <a href=\"https:\/\/www.un.org\/sustainabledevelopment\/\"><strong>Global Agenda for Sustainable Development 2030<\/strong> <\/a>and the <strong><a href=\"https:\/\/unfccc.int\/fr\/a-propos-des-ndcs\/l-accord-de-paris#:~:text=Qu'est%2Dce%20que%20l,vigueur%20le%204%20novembre%202016.\">Global Climate Agreement<\/a><\/strong>, among others. To do so, the Indian Ocean Commission is supported by a dozen international and regional partners.<\/p>\n<\/div><div class=\"fusion-clearfix\"><\/div><\/div><\/div><div class=\"fusion-layout-column fusion_builder_column fusion-builder-column-4 fusion_builder_column_1_3 1_3 fusion-one-third fusion-column-last\" style=\"--awb-bg-size:cover;width:33.333333333333%;width:calc(33.333333333333% - ( ( 4% ) * 0.33333333333333 ) );\"><div class=\"fusion-column-wrapper fusion-flex-column-wrapper-legacy\"><div class=\"fusion-sep-clear\"><\/div><div class=\"fusion-separator fusion-full-width-sep\" style=\"margin-left: auto;margin-right: auto;margin-bottom:10px;width:100%;\"><\/div><div class=\"fusion-sep-clear\"><\/div><div class=\"fusion-content-boxes content-boxes columns row fusion-columns-1 fusion-columns-total-1 fusion-content-boxes-1 content-boxes-icon-on-top content-left\" style=\"--awb-body-color:#768894;--awb-title-color:#000000;--awb-iconcolor:#01acc8;--awb-hover-accent-color:#9fc6c6;--awb-circle-hover-accent-color:#9fc6c6;--awb-item-margin-bottom:40px;\" data-animationOffset=\"top-into-view\"><div style=\"--awb-backgroundcolor:rgba(255,255,255,0);--awb-iconcolor:#ff8300;\" class=\"fusion-column content-box-column content-box-column content-box-column-1 col-lg-12 col-md-12 col-sm-12 fusion-content-box-hover content-box-column-last content-box-column-last-in-row\"><div class=\"col content-box-wrapper content-wrapper link-area-link-icon content-icon-wrapper-yes icon-hover-animation-fade fusion-animated\" data-animationType=\"fadeInUp\" data-animationDuration=\"1.0\" data-animationOffset=\"top-into-view\"><div class=\"heading heading-with-icon icon-left\"><div class=\"icon\"><span style=\"height:160px;width:160px;line-height:85px;border-color:rgba(255,255,255,0);border-width:15px;border-style:solid;background-color:rgba(51,51,51,0);box-sizing:content-box;border-radius:50%;\"><i style=\"border-color:rgba(51,51,51,0);border-width:5px;background-color:#01acc8;box-sizing:content-box;height:150px;width:150px;line-height:150px;border-radius:50%;position:relative;top:auto;left:auto;margin:0;border-radius:50%;font-size:75px;\" aria-hidden=\"true\" class=\"fontawesome-icon fa-book fas circle-yes\"><\/i><\/span><\/div><h2 class=\"content-box-heading\" style=\"--h2_typography-font-size:18px;line-height:23px;\">Our mandates<\/h2><\/div><\/div><\/div><div class=\"fusion-clearfix\"><\/div><\/div><div class=\"fusion-clearfix\"><\/div><\/div><\/div><\/div><\/div><\/p>\n","protected":false},"excerpt":{"rendered":"","protected":false},"author":32,"featured_media":37748,"parent":0,"menu_order":0,"comment_status":"closed","ping_status":"closed","template":"","meta":{"footnotes":""},"class_list":["post-41318","page","type-page","status-publish","has-post-thumbnail","hentry"],"yoast_head":"<!-- This site is optimized with the Yoast SEO Premium plugin v26.5 (Yoast SEO v27.2) - https:\/\/yoast.com\/product\/yoast-seo-premium-wordpress\/ -->\n<title>Our values and our mandate - Commission de l&#039;oc\u00e9an Indien<\/title>\n<meta name=\"description\" content=\"The Indian Ocean Commission is an intergovernmental organization of proximity. This proximity is not only geographical, it is above all historical, cultural and human.\" \/>\n<meta name=\"robots\" content=\"index, follow, max-snippet:-1, max-image-preview:large, max-video-preview:-1\" \/>\n<link rel=\"canonical\" href=\"https:\/\/www.commissionoceanindien.org\/en\/our-values-and-our-mandate\/\" \/>\n<meta property=\"og:locale\" content=\"en_US\" \/>\n<meta property=\"og:type\" content=\"article\" \/>\n<meta property=\"og:title\" content=\"Our values and our mandate\" \/>\n<meta property=\"og:description\" content=\"The Indian Ocean Commission is an intergovernmental organization of proximity. This proximity is not only geographical, it is above all historical, cultural and human.\" \/>\n<meta property=\"og:url\" content=\"https:\/\/www.commissionoceanindien.org\/en\/our-values-and-our-mandate\/\" \/>\n<meta property=\"og:site_name\" content=\"Commission de l&#039;oc\u00e9an Indien\" \/>\n<meta property=\"article:modified_time\" content=\"2023-03-27T06:09:42+00:00\" \/>\n<meta property=\"og:image\" content=\"https:\/\/www.commissionoceanindien.org\/wp-content\/uploads\/2020\/03\/ValeursetMandats.png\" \/>\n\t<meta property=\"og:image:width\" content=\"800\" \/>\n\t<meta property=\"og:image:height\" content=\"530\" \/>\n\t<meta property=\"og:image:type\" content=\"image\/png\" \/>\n<meta name=\"twitter:card\" content=\"summary_large_image\" \/>\n<meta name=\"twitter:label1\" content=\"Est. reading time\" \/>\n\t<meta name=\"twitter:data1\" content=\"5 minutes\" \/>\n<script type=\"application\/ld+json\" class=\"yoast-schema-graph\">{\"@context\":\"https:\/\/schema.org\",\"@graph\":[{\"@type\":\"WebPage\",\"@id\":\"https:\/\/www.commissionoceanindien.org\/en\/our-values-and-our-mandate\/\",\"url\":\"https:\/\/www.commissionoceanindien.org\/en\/our-values-and-our-mandate\/\",\"name\":\"Our values and our mandate - Commission de l&#039;oc\u00e9an Indien\",\"isPartOf\":{\"@id\":\"https:\/\/www.commissionoceanindien.org\/#website\"},\"primaryImageOfPage\":{\"@id\":\"https:\/\/www.commissionoceanindien.org\/en\/our-values-and-our-mandate\/#primaryimage\"},\"image\":{\"@id\":\"https:\/\/www.commissionoceanindien.org\/en\/our-values-and-our-mandate\/#primaryimage\"},\"thumbnailUrl\":\"https:\/\/www.commissionoceanindien.org\/wp-content\/uploads\/2020\/03\/ValeursetMandats.png\",\"datePublished\":\"2019-03-08T10:05:07+00:00\",\"dateModified\":\"2023-03-27T06:09:42+00:00\",\"description\":\"The Indian Ocean Commission is an intergovernmental organization of proximity. This proximity is not only geographical, it is above all historical, cultural and human.\",\"breadcrumb\":{\"@id\":\"https:\/\/www.commissionoceanindien.org\/en\/our-values-and-our-mandate\/#breadcrumb\"},\"inLanguage\":\"en-US\",\"potentialAction\":[{\"@type\":\"ReadAction\",\"target\":[\"https:\/\/www.commissionoceanindien.org\/en\/our-values-and-our-mandate\/\"]}]},{\"@type\":\"ImageObject\",\"inLanguage\":\"en-US\",\"@id\":\"https:\/\/www.commissionoceanindien.org\/en\/our-values-and-our-mandate\/#primaryimage\",\"url\":\"https:\/\/www.commissionoceanindien.org\/wp-content\/uploads\/2020\/03\/ValeursetMandats.png\",\"contentUrl\":\"https:\/\/www.commissionoceanindien.org\/wp-content\/uploads\/2020\/03\/ValeursetMandats.png\",\"width\":800,\"height\":530},{\"@type\":\"BreadcrumbList\",\"@id\":\"https:\/\/www.commissionoceanindien.org\/en\/our-values-and-our-mandate\/#breadcrumb\",\"itemListElement\":[{\"@type\":\"ListItem\",\"position\":1,\"name\":\"Accueil\",\"item\":\"https:\/\/www.commissionoceanindien.org\/en\/\"},{\"@type\":\"ListItem\",\"position\":2,\"name\":\"Our values and our mandate\"}]},{\"@type\":\"WebSite\",\"@id\":\"https:\/\/www.commissionoceanindien.org\/#website\",\"url\":\"https:\/\/www.commissionoceanindien.org\/\",\"name\":\"Commission de l&#039;oc\u00e9an Indien\",\"description\":\"Assurer la s\u00e9curit\u00e9 de l\u2019Indianoc\u00e9anie sur tous les fronts\",\"publisher\":{\"@id\":\"https:\/\/www.commissionoceanindien.org\/#organization\"},\"potentialAction\":[{\"@type\":\"SearchAction\",\"target\":{\"@type\":\"EntryPoint\",\"urlTemplate\":\"https:\/\/www.commissionoceanindien.org\/?s={search_term_string}\"},\"query-input\":{\"@type\":\"PropertyValueSpecification\",\"valueRequired\":true,\"valueName\":\"search_term_string\"}}],\"inLanguage\":\"en-US\"},{\"@type\":\"Organization\",\"@id\":\"https:\/\/www.commissionoceanindien.org\/#organization\",\"name\":\"Commission de l'oc\u00e9an Indien\",\"url\":\"https:\/\/www.commissionoceanindien.org\/\",\"logo\":{\"@type\":\"ImageObject\",\"inLanguage\":\"en-US\",\"@id\":\"https:\/\/www.commissionoceanindien.org\/#\/schema\/logo\/image\/\",\"url\":\"https:\/\/www.commissionoceanindien.org\/wp-content\/uploads\/2019\/10\/french-coi-logo-100px-french-logo.png\",\"contentUrl\":\"https:\/\/www.commissionoceanindien.org\/wp-content\/uploads\/2019\/10\/french-coi-logo-100px-french-logo.png\",\"width\":276,\"height\":100,\"caption\":\"Commission de l'oc\u00e9an Indien\"},\"image\":{\"@id\":\"https:\/\/www.commissionoceanindien.org\/#\/schema\/logo\/image\/\"}}]}<\/script>\n<!-- \/ Yoast SEO Premium plugin. -->","yoast_head_json":{"title":"Our values and our mandate - Commission de l&#039;oc\u00e9an Indien","description":"The Indian Ocean Commission is an intergovernmental organization of proximity. This proximity is not only geographical, it is above all historical, cultural and human.","robots":{"index":"index","follow":"follow","max-snippet":"max-snippet:-1","max-image-preview":"max-image-preview:large","max-video-preview":"max-video-preview:-1"},"canonical":"https:\/\/www.commissionoceanindien.org\/en\/our-values-and-our-mandate\/","og_locale":"en_US","og_type":"article","og_title":"Our values and our mandate","og_description":"The Indian Ocean Commission is an intergovernmental organization of proximity. This proximity is not only geographical, it is above all historical, cultural and human.","og_url":"https:\/\/www.commissionoceanindien.org\/en\/our-values-and-our-mandate\/","og_site_name":"Commission de l&#039;oc\u00e9an Indien","article_modified_time":"2023-03-27T06:09:42+00:00","og_image":[{"width":800,"height":530,"url":"https:\/\/www.commissionoceanindien.org\/wp-content\/uploads\/2020\/03\/ValeursetMandats.png","type":"image\/png"}],"twitter_card":"summary_large_image","twitter_misc":{"Est. reading time":"5 minutes"},"schema":{"@context":"https:\/\/schema.org","@graph":[{"@type":"WebPage","@id":"https:\/\/www.commissionoceanindien.org\/en\/our-values-and-our-mandate\/","url":"https:\/\/www.commissionoceanindien.org\/en\/our-values-and-our-mandate\/","name":"Our values and our mandate - Commission de l&#039;oc\u00e9an Indien","isPartOf":{"@id":"https:\/\/www.commissionoceanindien.org\/#website"},"primaryImageOfPage":{"@id":"https:\/\/www.commissionoceanindien.org\/en\/our-values-and-our-mandate\/#primaryimage"},"image":{"@id":"https:\/\/www.commissionoceanindien.org\/en\/our-values-and-our-mandate\/#primaryimage"},"thumbnailUrl":"https:\/\/www.commissionoceanindien.org\/wp-content\/uploads\/2020\/03\/ValeursetMandats.png","datePublished":"2019-03-08T10:05:07+00:00","dateModified":"2023-03-27T06:09:42+00:00","description":"The Indian Ocean Commission is an intergovernmental organization of proximity. This proximity is not only geographical, it is above all historical, cultural and human.","breadcrumb":{"@id":"https:\/\/www.commissionoceanindien.org\/en\/our-values-and-our-mandate\/#breadcrumb"},"inLanguage":"en-US","potentialAction":[{"@type":"ReadAction","target":["https:\/\/www.commissionoceanindien.org\/en\/our-values-and-our-mandate\/"]}]},{"@type":"ImageObject","inLanguage":"en-US","@id":"https:\/\/www.commissionoceanindien.org\/en\/our-values-and-our-mandate\/#primaryimage","url":"https:\/\/www.commissionoceanindien.org\/wp-content\/uploads\/2020\/03\/ValeursetMandats.png","contentUrl":"https:\/\/www.commissionoceanindien.org\/wp-content\/uploads\/2020\/03\/ValeursetMandats.png","width":800,"height":530},{"@type":"BreadcrumbList","@id":"https:\/\/www.commissionoceanindien.org\/en\/our-values-and-our-mandate\/#breadcrumb","itemListElement":[{"@type":"ListItem","position":1,"name":"Accueil","item":"https:\/\/www.commissionoceanindien.org\/en\/"},{"@type":"ListItem","position":2,"name":"Our values and our mandate"}]},{"@type":"WebSite","@id":"https:\/\/www.commissionoceanindien.org\/#website","url":"https:\/\/www.commissionoceanindien.org\/","name":"Commission de l&#039;oc\u00e9an Indien","description":"Assurer la s\u00e9curit\u00e9 de l\u2019Indianoc\u00e9anie sur tous les fronts","publisher":{"@id":"https:\/\/www.commissionoceanindien.org\/#organization"},"potentialAction":[{"@type":"SearchAction","target":{"@type":"EntryPoint","urlTemplate":"https:\/\/www.commissionoceanindien.org\/?s={search_term_string}"},"query-input":{"@type":"PropertyValueSpecification","valueRequired":true,"valueName":"search_term_string"}}],"inLanguage":"en-US"},{"@type":"Organization","@id":"https:\/\/www.commissionoceanindien.org\/#organization","name":"Commission de l'oc\u00e9an Indien","url":"https:\/\/www.commissionoceanindien.org\/","logo":{"@type":"ImageObject","inLanguage":"en-US","@id":"https:\/\/www.commissionoceanindien.org\/#\/schema\/logo\/image\/","url":"https:\/\/www.commissionoceanindien.org\/wp-content\/uploads\/2019\/10\/french-coi-logo-100px-french-logo.png","contentUrl":"https:\/\/www.commissionoceanindien.org\/wp-content\/uploads\/2019\/10\/french-coi-logo-100px-french-logo.png","width":276,"height":100,"caption":"Commission de l'oc\u00e9an Indien"},"image":{"@id":"https:\/\/www.commissionoceanindien.org\/#\/schema\/logo\/image\/"}}]}},"_links":{"self":[{"href":"https:\/\/www.commissionoceanindien.org\/en\/wp-json\/wp\/v2\/pages\/41318","targetHints":{"allow":["GET"]}}],"collection":[{"href":"https:\/\/www.commissionoceanindien.org\/en\/wp-json\/wp\/v2\/pages"}],"about":[{"href":"https:\/\/www.commissionoceanindien.org\/en\/wp-json\/wp\/v2\/types\/page"}],"author":[{"embeddable":true,"href":"https:\/\/www.commissionoceanindien.org\/en\/wp-json\/wp\/v2\/users\/32"}],"replies":[{"embeddable":true,"href":"https:\/\/www.commissionoceanindien.org\/en\/wp-json\/wp\/v2\/comments?post=41318"}],"version-history":[{"count":3,"href":"https:\/\/www.commissionoceanindien.org\/en\/wp-json\/wp\/v2\/pages\/41318\/revisions"}],"predecessor-version":[{"id":41321,"href":"https:\/\/www.commissionoceanindien.org\/en\/wp-json\/wp\/v2\/pages\/41318\/revisions\/41321"}],"wp:featuredmedia":[{"embeddable":true,"href":"https:\/\/www.commissionoceanindien.org\/en\/wp-json\/wp\/v2\/media\/37748"}],"wp:attachment":[{"href":"https:\/\/www.commissionoceanindien.org\/en\/wp-json\/wp\/v2\/media?parent=41318"}],"curies":[{"name":"wp","href":"https:\/\/api.w.org\/{rel}","templated":true}]}}