{"id":41302,"date":"2018-12-17T15:40:10","date_gmt":"2018-12-17T11:40:10","guid":{"rendered":"https:\/\/www.commissionoceanindien.org\/?page_id=41302"},"modified":"2023-03-24T12:26:38","modified_gmt":"2023-03-24T08:26:38","slug":"ioc-presentation","status":"publish","type":"page","link":"https:\/\/www.commissionoceanindien.org\/en\/ioc-presentation\/","title":{"rendered":"IOC presentation"},"content":{"rendered":"<p><div class=\"fusion-fullwidth fullwidth-box fusion-builder-row-1 nonhundred-percent-fullwidth non-hundred-percent-height-scrolling\" style=\"--awb-border-radius-top-left:0px;--awb-border-radius-top-right:0px;--awb-border-radius-bottom-right:0px;--awb-border-radius-bottom-left:0px;--awb-flex-wrap:wrap;\" ><div class=\"fusion-builder-row fusion-row\"><div class=\"fusion-layout-column fusion_builder_column fusion-builder-column-0 fusion_builder_column_1_2 1_2 fusion-one-half fusion-column-first\" style=\"--awb-bg-size:cover;width:50%;width:calc(50% - ( ( 4% ) * 0.5 ) );margin-right: 4%;\"><div class=\"fusion-column-wrapper fusion-flex-column-wrapper-legacy\"><div class=\"fusion-text fusion-text-1\"><p><strong>The Indian Ocean Commission (IOC) is an intergovernmental organization that brings together five Member States: the Union of the Comoros, France on behalf of Reunion, Madagascar, Mauritius and Seychelles. <\/strong><strong>Created by the Port Louis Declaration in 1982, the IOC was institutionalized in Seychelles in 1984 by the General Agreement on Cooperation, better known as the &#8220;Victoria Agreement&#8221;.<\/strong><\/p>\n<p>The only regional organization in Africa composed exclusively of islands, it defends the specificities of its Member States on the continental and international scenes. With the active support of a dozen international partners, the IOC gives substance to regional solidarity through cooperation projects covering a wide range of sectors: preservation of ecosystems, sustainable management of natural resources, maritime safety, entrepreneurship, public health, renewable energy and culture.<\/p>\n<p>While taking care to respect the principles of coordination, complementarity and subsidiarity, the IOC assumes a role of accompaniment, or even impetus, in areas where its Member States need specific support and where collective action constitutes an added value.<\/p>\n<\/div><div class=\"fusion-clearfix\"><\/div><\/div><\/div><div class=\"fusion-layout-column fusion_builder_column fusion-builder-column-1 fusion_builder_column_1_2 1_2 fusion-one-half fusion-column-last\" style=\"--awb-bg-size:cover;width:50%;width:calc(50% - ( ( 4% ) * 0.5 ) );\"><div class=\"fusion-column-wrapper fusion-flex-column-wrapper-legacy\"><div class=\"fusion-video fusion-youtube\" style=\"--awb-max-width:600px;--awb-max-height:360px;\"><div class=\"video-shortcode\"><div class=\"fluid-width-video-wrapper\" style=\"padding-top:60%;\" ><iframe title=\"YouTube video player 1\" src=\"https:\/\/www.youtube.com\/embed\/pWacYG9Qw3Q?wmode=transparent&autoplay=0\" width=\"600\" height=\"360\" allowfullscreen allow=\"autoplay; clipboard-write; encrypted-media; gyroscope; picture-in-picture;\"><\/iframe><\/div><\/div><\/div><div class=\"fusion-clearfix\"><\/div><\/div><\/div><\/div><\/div><div class=\"fusion-fullwidth fullwidth-box fusion-builder-row-2 nonhundred-percent-fullwidth non-hundred-percent-height-scrolling\" style=\"--awb-border-radius-top-left:0px;--awb-border-radius-top-right:0px;--awb-border-radius-bottom-right:0px;--awb-border-radius-bottom-left:0px;--awb-flex-wrap:wrap;\" ><div class=\"fusion-builder-row fusion-row\"><div class=\"fusion-layout-column fusion_builder_column fusion-builder-column-2 fusion_builder_column_1_2 1_2 fusion-one-half fusion-column-first\" style=\"--awb-bg-size:cover;width:50%;width:calc(50% - ( ( 4% ) * 0.5 ) );margin-right: 4%;\"><div class=\"fusion-column-wrapper fusion-flex-column-wrapper-legacy\"><div class=\"fusion-video fusion-youtube\" style=\"--awb-max-width:600px;--awb-max-height:360px;\"><div class=\"video-shortcode\"><div class=\"fluid-width-video-wrapper\" style=\"padding-top:60%;\" ><iframe title=\"YouTube video player 2\" src=\"https:\/\/www.youtube.com\/embed\/17kF1VUfWlk?wmode=transparent&autoplay=0\" width=\"600\" height=\"360\" allowfullscreen allow=\"autoplay; clipboard-write; encrypted-media; gyroscope; picture-in-picture;\"><\/iframe><\/div><\/div><\/div><div class=\"fusion-clearfix\"><\/div><\/div><\/div><div class=\"fusion-layout-column fusion_builder_column fusion-builder-column-3 fusion_builder_column_1_2 1_2 fusion-one-half fusion-column-last\" style=\"--awb-bg-size:cover;width:50%;width:calc(50% - ( ( 4% ) * 0.5 ) );\"><div class=\"fusion-column-wrapper fusion-flex-column-wrapper-legacy\"><div class=\"fusion-text fusion-text-2\"><p>This experience accumulated over the course of projects makes the IOC a key player with recognized expertise that is useful for achieving the Sustainable Development Goals. In addition, the IOC implements cooperation projects that go beyond the geographical framework of its Member States to cover the countries of Eastern and Southern Africa, and even the island countries of the western side of the continent.<\/p>\n<p>Gaining in attractiveness and political stature, the IOC has not only strengthened and diversified its partnerships with the community of technical and financial partners but also welcomed since 2016 observer members.<\/p>\n<p>Solicited on several fronts, the IOC has been leading for more than thirty-five years the collective action of a region, the Indian Ocean, vulnerable by nature and ambitious by choice.<\/p>\n<\/div><div class=\"fusion-clearfix\"><\/div><\/div><\/div><\/div><\/div><div class=\"fusion-fullwidth fullwidth-box fusion-builder-row-3 nonhundred-percent-fullwidth non-hundred-percent-height-scrolling\" style=\"--awb-border-radius-top-left:0px;--awb-border-radius-top-right:0px;--awb-border-radius-bottom-right:0px;--awb-border-radius-bottom-left:0px;--awb-flex-wrap:wrap;\" ><div class=\"fusion-builder-row fusion-row\"><div class=\"fusion-layout-column fusion_builder_column fusion-builder-column-4 fusion_builder_column_1_1 1_1 fusion-one-full fusion-column-first fusion-column-last\" style=\"--awb-bg-size:cover;\"><div class=\"fusion-column-wrapper fusion-flex-column-wrapper-legacy\"><div class=\"fusion-aligncenter\"><a class=\"fusion-button button-flat fusion-button-default-size button-default fusion-button-default button-1 fusion-button-default-span fusion-button-default-type\" target=\"_blank\" rel=\"noopener noreferrer\" download href=\"\/wp-content\/uploads\/2018\/12\/BD_3276_Depliant_RV-INT.pdf\"><span class=\"fusion-button-text awb-button__text awb-button__text--default\">Download Our Brochure (french only)<\/span><\/a><\/div><div class=\"fusion-clearfix\"><\/div><\/div><\/div><\/div><\/div><\/p>\n","protected":false},"excerpt":{"rendered":"","protected":false},"author":2,"featured_media":37724,"parent":0,"menu_order":0,"comment_status":"closed","ping_status":"closed","template":"","meta":{"footnotes":""},"class_list":["post-41302","page","type-page","status-publish","has-post-thumbnail","hentry"],"yoast_head":"<!-- This site is optimized with the Yoast SEO Premium plugin v26.5 (Yoast SEO v27.2) - https:\/\/yoast.com\/product\/yoast-seo-premium-wordpress\/ -->\n<title>IOC presentation - Commission de l&#039;oc\u00e9an Indien<\/title>\n<meta name=\"description\" content=\"The Indian Ocean Commission (IOC) is an intergovernmental organization that brings together five Member States: the Union of the Comoros, France on behalf of Reunion, Madagascar, Mauritius and Seychelles.\" \/>\n<meta name=\"robots\" content=\"index, follow, max-snippet:-1, max-image-preview:large, max-video-preview:-1\" \/>\n<link rel=\"canonical\" href=\"https:\/\/www.commissionoceanindien.org\/en\/ioc-presentation\/\" \/>\n<meta property=\"og:locale\" content=\"en_US\" \/>\n<meta property=\"og:type\" content=\"article\" \/>\n<meta property=\"og:title\" content=\"IOC presentation\" \/>\n<meta property=\"og:description\" content=\"The Indian Ocean Commission (IOC) is an intergovernmental organization that brings together five Member States: the Union of the Comoros, France on behalf of Reunion, Madagascar, Mauritius and Seychelles.\" \/>\n<meta property=\"og:url\" content=\"https:\/\/www.commissionoceanindien.org\/en\/ioc-presentation\/\" \/>\n<meta property=\"og:site_name\" content=\"Commission de l&#039;oc\u00e9an Indien\" \/>\n<meta property=\"article:modified_time\" content=\"2023-03-24T08:26:38+00:00\" \/>\n<meta property=\"og:image\" content=\"https:\/\/www.commissionoceanindien.org\/wp-content\/uploads\/2020\/03\/APropos.png\" \/>\n\t<meta property=\"og:image:width\" content=\"800\" \/>\n\t<meta property=\"og:image:height\" content=\"530\" \/>\n\t<meta property=\"og:image:type\" content=\"image\/png\" \/>\n<meta name=\"twitter:card\" content=\"summary_large_image\" \/>\n<meta name=\"twitter:label1\" content=\"Est. reading time\" \/>\n\t<meta name=\"twitter:data1\" content=\"4 minutes\" \/>\n<script type=\"application\/ld+json\" class=\"yoast-schema-graph\">{\"@context\":\"https:\/\/schema.org\",\"@graph\":[{\"@type\":\"WebPage\",\"@id\":\"https:\/\/www.commissionoceanindien.org\/en\/ioc-presentation\/\",\"url\":\"https:\/\/www.commissionoceanindien.org\/en\/ioc-presentation\/\",\"name\":\"IOC presentation - Commission de l&#039;oc\u00e9an Indien\",\"isPartOf\":{\"@id\":\"https:\/\/www.commissionoceanindien.org\/#website\"},\"primaryImageOfPage\":{\"@id\":\"https:\/\/www.commissionoceanindien.org\/en\/ioc-presentation\/#primaryimage\"},\"image\":{\"@id\":\"https:\/\/www.commissionoceanindien.org\/en\/ioc-presentation\/#primaryimage\"},\"thumbnailUrl\":\"https:\/\/www.commissionoceanindien.org\/wp-content\/uploads\/2020\/03\/APropos.png\",\"datePublished\":\"2018-12-17T11:40:10+00:00\",\"dateModified\":\"2023-03-24T08:26:38+00:00\",\"description\":\"The Indian Ocean Commission (IOC) is an intergovernmental organization that brings together five Member States: the Union of the Comoros, France on behalf of Reunion, Madagascar, Mauritius and Seychelles.\",\"breadcrumb\":{\"@id\":\"https:\/\/www.commissionoceanindien.org\/en\/ioc-presentation\/#breadcrumb\"},\"inLanguage\":\"en-US\",\"potentialAction\":[{\"@type\":\"ReadAction\",\"target\":[\"https:\/\/www.commissionoceanindien.org\/en\/ioc-presentation\/\"]}]},{\"@type\":\"ImageObject\",\"inLanguage\":\"en-US\",\"@id\":\"https:\/\/www.commissionoceanindien.org\/en\/ioc-presentation\/#primaryimage\",\"url\":\"https:\/\/www.commissionoceanindien.org\/wp-content\/uploads\/2020\/03\/APropos.png\",\"contentUrl\":\"https:\/\/www.commissionoceanindien.org\/wp-content\/uploads\/2020\/03\/APropos.png\",\"width\":800,\"height\":530},{\"@type\":\"BreadcrumbList\",\"@id\":\"https:\/\/www.commissionoceanindien.org\/en\/ioc-presentation\/#breadcrumb\",\"itemListElement\":[{\"@type\":\"ListItem\",\"position\":1,\"name\":\"Accueil\",\"item\":\"https:\/\/www.commissionoceanindien.org\/en\/\"},{\"@type\":\"ListItem\",\"position\":2,\"name\":\"IOC presentation\"}]},{\"@type\":\"WebSite\",\"@id\":\"https:\/\/www.commissionoceanindien.org\/#website\",\"url\":\"https:\/\/www.commissionoceanindien.org\/\",\"name\":\"Commission de l&#039;oc\u00e9an Indien\",\"description\":\"Assurer la s\u00e9curit\u00e9 de l\u2019Indianoc\u00e9anie sur tous les fronts\",\"publisher\":{\"@id\":\"https:\/\/www.commissionoceanindien.org\/#organization\"},\"potentialAction\":[{\"@type\":\"SearchAction\",\"target\":{\"@type\":\"EntryPoint\",\"urlTemplate\":\"https:\/\/www.commissionoceanindien.org\/?s={search_term_string}\"},\"query-input\":{\"@type\":\"PropertyValueSpecification\",\"valueRequired\":true,\"valueName\":\"search_term_string\"}}],\"inLanguage\":\"en-US\"},{\"@type\":\"Organization\",\"@id\":\"https:\/\/www.commissionoceanindien.org\/#organization\",\"name\":\"Commission de l'oc\u00e9an Indien\",\"url\":\"https:\/\/www.commissionoceanindien.org\/\",\"logo\":{\"@type\":\"ImageObject\",\"inLanguage\":\"en-US\",\"@id\":\"https:\/\/www.commissionoceanindien.org\/#\/schema\/logo\/image\/\",\"url\":\"https:\/\/www.commissionoceanindien.org\/wp-content\/uploads\/2019\/10\/french-coi-logo-100px-french-logo.png\",\"contentUrl\":\"https:\/\/www.commissionoceanindien.org\/wp-content\/uploads\/2019\/10\/french-coi-logo-100px-french-logo.png\",\"width\":276,\"height\":100,\"caption\":\"Commission de l'oc\u00e9an Indien\"},\"image\":{\"@id\":\"https:\/\/www.commissionoceanindien.org\/#\/schema\/logo\/image\/\"}}]}<\/script>\n<!-- \/ Yoast SEO Premium plugin. -->","yoast_head_json":{"title":"IOC presentation - Commission de l&#039;oc\u00e9an Indien","description":"The Indian Ocean Commission (IOC) is an intergovernmental organization that brings together five Member States: the Union of the Comoros, France on behalf of Reunion, Madagascar, Mauritius and Seychelles.","robots":{"index":"index","follow":"follow","max-snippet":"max-snippet:-1","max-image-preview":"max-image-preview:large","max-video-preview":"max-video-preview:-1"},"canonical":"https:\/\/www.commissionoceanindien.org\/en\/ioc-presentation\/","og_locale":"en_US","og_type":"article","og_title":"IOC presentation","og_description":"The Indian Ocean Commission (IOC) is an intergovernmental organization that brings together five Member States: the Union of the Comoros, France on behalf of Reunion, Madagascar, Mauritius and Seychelles.","og_url":"https:\/\/www.commissionoceanindien.org\/en\/ioc-presentation\/","og_site_name":"Commission de l&#039;oc\u00e9an Indien","article_modified_time":"2023-03-24T08:26:38+00:00","og_image":[{"width":800,"height":530,"url":"https:\/\/www.commissionoceanindien.org\/wp-content\/uploads\/2020\/03\/APropos.png","type":"image\/png"}],"twitter_card":"summary_large_image","twitter_misc":{"Est. reading time":"4 minutes"},"schema":{"@context":"https:\/\/schema.org","@graph":[{"@type":"WebPage","@id":"https:\/\/www.commissionoceanindien.org\/en\/ioc-presentation\/","url":"https:\/\/www.commissionoceanindien.org\/en\/ioc-presentation\/","name":"IOC presentation - Commission de l&#039;oc\u00e9an Indien","isPartOf":{"@id":"https:\/\/www.commissionoceanindien.org\/#website"},"primaryImageOfPage":{"@id":"https:\/\/www.commissionoceanindien.org\/en\/ioc-presentation\/#primaryimage"},"image":{"@id":"https:\/\/www.commissionoceanindien.org\/en\/ioc-presentation\/#primaryimage"},"thumbnailUrl":"https:\/\/www.commissionoceanindien.org\/wp-content\/uploads\/2020\/03\/APropos.png","datePublished":"2018-12-17T11:40:10+00:00","dateModified":"2023-03-24T08:26:38+00:00","description":"The Indian Ocean Commission (IOC) is an intergovernmental organization that brings together five Member States: the Union of the Comoros, France on behalf of Reunion, Madagascar, Mauritius and Seychelles.","breadcrumb":{"@id":"https:\/\/www.commissionoceanindien.org\/en\/ioc-presentation\/#breadcrumb"},"inLanguage":"en-US","potentialAction":[{"@type":"ReadAction","target":["https:\/\/www.commissionoceanindien.org\/en\/ioc-presentation\/"]}]},{"@type":"ImageObject","inLanguage":"en-US","@id":"https:\/\/www.commissionoceanindien.org\/en\/ioc-presentation\/#primaryimage","url":"https:\/\/www.commissionoceanindien.org\/wp-content\/uploads\/2020\/03\/APropos.png","contentUrl":"https:\/\/www.commissionoceanindien.org\/wp-content\/uploads\/2020\/03\/APropos.png","width":800,"height":530},{"@type":"BreadcrumbList","@id":"https:\/\/www.commissionoceanindien.org\/en\/ioc-presentation\/#breadcrumb","itemListElement":[{"@type":"ListItem","position":1,"name":"Accueil","item":"https:\/\/www.commissionoceanindien.org\/en\/"},{"@type":"ListItem","position":2,"name":"IOC presentation"}]},{"@type":"WebSite","@id":"https:\/\/www.commissionoceanindien.org\/#website","url":"https:\/\/www.commissionoceanindien.org\/","name":"Commission de l&#039;oc\u00e9an Indien","description":"Assurer la s\u00e9curit\u00e9 de l\u2019Indianoc\u00e9anie sur tous les fronts","publisher":{"@id":"https:\/\/www.commissionoceanindien.org\/#organization"},"potentialAction":[{"@type":"SearchAction","target":{"@type":"EntryPoint","urlTemplate":"https:\/\/www.commissionoceanindien.org\/?s={search_term_string}"},"query-input":{"@type":"PropertyValueSpecification","valueRequired":true,"valueName":"search_term_string"}}],"inLanguage":"en-US"},{"@type":"Organization","@id":"https:\/\/www.commissionoceanindien.org\/#organization","name":"Commission de l'oc\u00e9an Indien","url":"https:\/\/www.commissionoceanindien.org\/","logo":{"@type":"ImageObject","inLanguage":"en-US","@id":"https:\/\/www.commissionoceanindien.org\/#\/schema\/logo\/image\/","url":"https:\/\/www.commissionoceanindien.org\/wp-content\/uploads\/2019\/10\/french-coi-logo-100px-french-logo.png","contentUrl":"https:\/\/www.commissionoceanindien.org\/wp-content\/uploads\/2019\/10\/french-coi-logo-100px-french-logo.png","width":276,"height":100,"caption":"Commission de l'oc\u00e9an Indien"},"image":{"@id":"https:\/\/www.commissionoceanindien.org\/#\/schema\/logo\/image\/"}}]}},"_links":{"self":[{"href":"https:\/\/www.commissionoceanindien.org\/en\/wp-json\/wp\/v2\/pages\/41302","targetHints":{"allow":["GET"]}}],"collection":[{"href":"https:\/\/www.commissionoceanindien.org\/en\/wp-json\/wp\/v2\/pages"}],"about":[{"href":"https:\/\/www.commissionoceanindien.org\/en\/wp-json\/wp\/v2\/types\/page"}],"author":[{"embeddable":true,"href":"https:\/\/www.commissionoceanindien.org\/en\/wp-json\/wp\/v2\/users\/2"}],"replies":[{"embeddable":true,"href":"https:\/\/www.commissionoceanindien.org\/en\/wp-json\/wp\/v2\/comments?post=41302"}],"version-history":[{"count":17,"href":"https:\/\/www.commissionoceanindien.org\/en\/wp-json\/wp\/v2\/pages\/41302\/revisions"}],"predecessor-version":[{"id":44997,"href":"https:\/\/www.commissionoceanindien.org\/en\/wp-json\/wp\/v2\/pages\/41302\/revisions\/44997"}],"wp:featuredmedia":[{"embeddable":true,"href":"https:\/\/www.commissionoceanindien.org\/en\/wp-json\/wp\/v2\/media\/37724"}],"wp:attachment":[{"href":"https:\/\/www.commissionoceanindien.org\/en\/wp-json\/wp\/v2\/media?parent=41302"}],"curies":[{"name":"wp","href":"https:\/\/api.w.org\/{rel}","templated":true}]}}