{"id":41095,"date":"2022-07-19T19:06:10","date_gmt":"2022-07-19T15:06:10","guid":{"rendered":"https:\/\/www.commissionoceanindien.org\/?page_id=41095"},"modified":"2022-11-14T12:51:22","modified_gmt":"2022-11-14T08:51:22","slug":"iotc","status":"publish","type":"page","link":"https:\/\/www.commissionoceanindien.org\/en\/iotc\/","title":{"rendered":"IOTC"},"content":{"rendered":"<p><div class=\"fusion-fullwidth fullwidth-box fusion-builder-row-1 nonhundred-percent-fullwidth non-hundred-percent-height-scrolling\" style=\"--awb-border-radius-top-left:0px;--awb-border-radius-top-right:0px;--awb-border-radius-bottom-right:0px;--awb-border-radius-bottom-left:0px;--awb-flex-wrap:wrap;\" ><div class=\"fusion-builder-row fusion-row\"><div class=\"fusion-layout-column fusion_builder_column fusion-builder-column-0 fusion_builder_column_1_1 1_1 fusion-one-full fusion-column-first fusion-column-last\" style=\"--awb-bg-size:cover;\"><div class=\"fusion-column-wrapper fusion-column-has-shadow fusion-flex-column-wrapper-legacy\"><div class=\"fusion-title title fusion-title-1 fusion-sep-none fusion-title-text fusion-title-size-one\" style=\"--awb-text-color:#707400;--awb-margin-bottom:0px;\"><h1 class=\"fusion-title-heading title-heading-left\" style=\"margin:0;\">First subcomponent<\/h1><\/div><div class=\"fusion-title title fusion-title-2 fusion-sep-none fusion-title-text fusion-title-size-two\" style=\"--awb-text-color:#004169;--awb-margin-top:10px;--awb-margin-bottom:10px;\"><h2 class=\"fusion-title-heading title-heading-left\" style=\"margin:0;\">Implementation of the resolutions of the Indian Ocean Tuna Commission (IOTC) in the countries of the south-west Indian Ocean<\/h2><\/div><div class=\"fusion-clearfix\"><\/div><\/div><\/div><div class=\"fusion-layout-column fusion_builder_column fusion-builder-column-1 fusion_builder_column_1_6 1_6 fusion-one-sixth fusion-column-first\" style=\"--awb-bg-size:cover;width:16.666666666667%;width:calc(16.666666666667% - ( ( 4% + 4% ) * 0.16666666666667 ) );margin-right: 4%;\"><div class=\"fusion-column-wrapper fusion-column-has-shadow fusion-flex-column-wrapper-legacy\"><div class=\"fusion-clearfix\"><\/div><\/div><\/div><div class=\"fusion-layout-column fusion_builder_column fusion-builder-column-2 fusion_builder_column_3_5 3_5 fusion-three-fifth\" style=\"--awb-bg-size:cover;width:60%;width:calc(60% - ( ( 4% + 4% ) * 0.6 ) );margin-right: 4%;\"><div class=\"fusion-column-wrapper fusion-column-has-shadow fusion-flex-column-wrapper-legacy\"><div class=\"fusion-title title fusion-title-3 fusion-sep-none fusion-title-center fusion-title-text fusion-title-size-one\" style=\"--awb-text-color:#004169;--awb-margin-bottom:0px;\"><h1 class=\"fusion-title-heading title-heading-center\" style=\"margin:0;\">Budget<\/h1><\/div><div class=\"fusion-counters-box counters-box row fusion-clearfix fusion-columns-1\" style=\"--awb-body-color:#000000;--awb-border-color:rgba(224,222,222,0);--awb-color:#004169;--awb-border-color:rgba(224,222,222,0);\"><div class=\"fusion-counter-box fusion-column col-counter-box counter-box-wrapper col-lg-12 col-md-12 col-sm-12\" data-animationOffset=\"top-into-view\"><div class=\"counter-box-container\"><div class=\"content-box-percentage content-box-counter\"><span class=\"display-counter\" data-value=\"3600000\" data-delimiter=\" \" data-direction=\"up\" data-decimals=\"0\">0<\/span><span class=\"unit\"> USD <\/span><\/div><div class=\"counter-box-content\"><\/div><\/div><\/div><\/div><div class=\"clearfix\"><\/div><div class=\"fusion-clearfix\"><\/div><\/div><\/div><div class=\"fusion-layout-column fusion_builder_column fusion-builder-column-3 fusion_builder_column_1_6 1_6 fusion-one-sixth fusion-column-last\" style=\"--awb-bg-size:cover;width:16.666666666667%;width:calc(16.666666666667% - ( ( 4% + 4% ) * 0.16666666666667 ) );\"><div class=\"fusion-column-wrapper fusion-column-has-shadow fusion-flex-column-wrapper-legacy\"><div class=\"fusion-clearfix\"><\/div><\/div><\/div><\/div><\/div><div class=\"fusion-fullwidth fullwidth-box fusion-builder-row-2 fusion-flex-container nonhundred-percent-fullwidth non-hundred-percent-height-scrolling\" style=\"--awb-border-radius-top-left:0px;--awb-border-radius-top-right:0px;--awb-border-radius-bottom-right:0px;--awb-border-radius-bottom-left:0px;--awb-flex-wrap:wrap;\" ><div class=\"fusion-builder-row fusion-row fusion-flex-align-items-flex-start fusion-flex-content-wrap\" style=\"max-width:1144px;margin-left: calc(-4% \/ 2 );margin-right: calc(-4% \/ 2 );\"><div class=\"fusion-layout-column fusion_builder_column fusion-builder-column-4 fusion_builder_column_1_1 1_1 fusion-flex-column\" style=\"--awb-bg-size:cover;--awb-width-large:100%;--awb-margin-top-large:0px;--awb-spacing-right-large:1.92%;--awb-margin-bottom-large:20px;--awb-spacing-left-large:1.92%;--awb-width-medium:100%;--awb-order-medium:0;--awb-spacing-right-medium:1.92%;--awb-spacing-left-medium:1.92%;--awb-width-small:100%;--awb-order-small:0;--awb-spacing-right-small:1.92%;--awb-spacing-left-small:1.92%;\"><div class=\"fusion-column-wrapper fusion-column-has-shadow fusion-flex-justify-content-flex-start fusion-content-layout-column\"><div class=\"fusion-content-boxes content-boxes columns row fusion-columns-1 fusion-columns-total-1 fusion-content-boxes-1 content-boxes-clean-horizontal content-left content-boxes-icon-on-side fusion-delayed-animation\" style=\"--awb-backgroundcolor:#f9f9fb;--awb-body-color:#212326;--awb-title-color:#141617;--awb-iconcolor:#ffffff;--awb-margin-bottom:0px;--awb-hover-accent-color:#141617;--awb-circle-hover-accent-color:#141617;--awb-item-margin-bottom:40px;\" data-animation-delay=\"500\" data-animationOffset=\"top-into-view\"><div style=\"--awb-backgroundcolor:#f9f9fb;--awb-iconcolor:#ffffff;--awb-content-padding-left:68px;border-color:rgba(255,255,255,0);\" class=\"fusion-column content-box-column content-box-column content-box-column-1 col-lg-12 col-md-12 col-sm-12 fusion-content-box-hover content-box-column-last content-box-column-last-in-row\"><div class=\"col content-box-wrapper content-wrapper-background link-area-link-icon icon-hover-animation-slide fusion-animated\" data-animationType=\"fadeInLeft\" data-animationDuration=\"2.0\" data-animationOffset=\"top-into-view\"><div class=\"heading heading-with-icon icon-left\"><div class=\"icon\" style=\"-webkit-animation-duration: 500ms;animation-duration: 500ms;\"><i style=\"border-color:#333333;border-width:0px;background-color:#004169;box-sizing:content-box;height:48px;width:48px;line-height:48px;border-radius:8px;font-size:24px;\" aria-hidden=\"true\" class=\"fontawesome-icon fa-bullseye fas circle-yes\"><\/i><\/div><h3 class=\"content-box-heading\" style=\"--h3_typography-font-size:24px;line-height:29px;padding-left:68px;\">Objectives<\/h3><\/div><div class=\"fusion-clearfix\"><\/div><div class=\"content-container\">\n<div style=\"text-align: justify;\">\n<p><span style=\"font-family: var(--body_typography-font-family); font-size: var(--body_typography-font-size); font-style: var(--body_typography-font-style,normal); font-weight: var(--body_typography-font-weight); letter-spacing: var(--body_typography-letter-spacing);\">1. Renforce le soutien \u00e0 la coordination r\u00e9gionale dans le cadre de SWIOFish1 en ciblant la gestion du thon et des esp\u00e8ces apparent\u00e9es par le biais de la CTOI.<\/span><\/p>\n<p>2. <span style=\"font-family: var(--body_typography-font-family); font-size: var(--body_typography-font-size); font-style: var(--body_typography-font-style,normal); font-weight: var(--body_typography-font-weight); letter-spacing: var(--body_typography-letter-spacing);\">Support the participation of the countries of the South-West Indian Ocean <\/span><span style=\"font-family: var(--body_typography-font-family); font-size: var(--body_typography-font-size); font-style: var(--body_typography-font-style,normal); font-weight: var(--body_typography-font-weight); letter-spacing: var(--body_typography-letter-spacing);\">Fisheries Commission (SBSC) in the IOTC Forum<\/span><\/p>\n<p>3. Strengthen compliance with international fisheries obligations under the IOTC.<\/p>\n<p>4. <span style=\"font-family: var(--body_typography-font-family); font-size: var(--body_typography-font-size); font-style: var(--body_typography-font-style,normal); font-weight: var(--body_typography-font-weight); letter-spacing: var(--body_typography-letter-spacing);\">Assist the IOTC in providing support and training to Member States for the <\/span><span style=\"font-family: var(--body_typography-font-family); font-size: var(--body_typography-font-size); font-style: var(--body_typography-font-style,normal); font-weight: var(--body_typography-font-weight); letter-spacing: var(--body_typography-letter-spacing);\">implementation of IOTC resolutions for the sustainable management of tuna <\/span><span style=\"font-family: var(--body_typography-font-family); font-size: var(--body_typography-font-size); font-style: var(--body_typography-font-style,normal); font-weight: var(--body_typography-font-weight); letter-spacing: var(--body_typography-letter-spacing);\">fisheries.<\/span><\/p>\n<\/div>\n<\/div><\/div><\/div><div class=\"fusion-clearfix\"><\/div><\/div><div class=\"fusion-content-boxes content-boxes columns row fusion-columns-1 fusion-columns-total-1 fusion-content-boxes-2 content-boxes-clean-horizontal content-left content-boxes-icon-on-side fusion-delayed-animation\" style=\"--awb-backgroundcolor:#f9f9fb;--awb-body-color:#212326;--awb-title-color:#141617;--awb-iconcolor:#ffffff;--awb-margin-bottom:0px;--awb-hover-accent-color:#141617;--awb-circle-hover-accent-color:#141617;--awb-item-margin-bottom:40px;\" data-animation-delay=\"500\" data-animationOffset=\"top-into-view\"><div style=\"--awb-backgroundcolor:#f9f9fb;--awb-iconcolor:#ffffff;--awb-content-padding-left:68px;border-color:rgba(255,255,255,0);\" class=\"fusion-column content-box-column content-box-column content-box-column-1 col-lg-12 col-md-12 col-sm-12 fusion-content-box-hover content-box-column-last content-box-column-last-in-row\"><div class=\"col content-box-wrapper content-wrapper-background link-area-link-icon icon-hover-animation-slide fusion-animated\" data-animationType=\"fadeInLeft\" data-animationDuration=\"2.0\" data-animationOffset=\"top-into-view\"><div class=\"heading heading-with-icon icon-left\"><div class=\"icon\" style=\"-webkit-animation-duration: 500ms;animation-duration: 500ms;\"><i style=\"border-color:#333333;border-width:0px;background-color:#004169;box-sizing:content-box;height:48px;width:48px;line-height:48px;border-radius:8px;font-size:24px;\" aria-hidden=\"true\" class=\"fontawesome-icon fa-tasks fas circle-yes\"><\/i><\/div><h3 class=\"content-box-heading\" style=\"--h3_typography-font-size:24px;line-height:29px;padding-left:68px;\">Activities<\/h3><\/div><div class=\"fusion-clearfix\"><\/div><div class=\"content-container\">\n<p style=\"text-align: justify;\">1. <span style=\"font-family: var(--body_typography-font-family); font-size: var(--body_typography-font-size); font-style: var(--body_typography-font-style,normal); font-weight: var(--body_typography-font-weight); letter-spacing: var(--body_typography-letter-spacing);\">Strengthening the capacity of the IOTC Secretariat with long\u2010term <\/span><span style=\"font-family: var(--body_typography-font-family); font-size: var(--body_typography-font-size); font-style: var(--body_typography-font-style,normal); font-weight: var(--body_typography-font-weight); letter-spacing: var(--body_typography-letter-spacing);\">technical\/administrative and support staff for implementation of the subcomponent;<\/span><\/p>\n<p style=\"text-align: justify;\">2. <span style=\"font-family: var(--body_typography-font-family); font-size: var(--body_typography-font-size); font-style: var(--body_typography-font-style,normal); font-weight: var(--body_typography-font-weight); letter-spacing: var(--body_typography-letter-spacing);\">Carrying out sessions, intersessional meetings, and studies to inform the Working Parties <\/span><span style=\"font-family: var(--body_typography-font-family); font-size: var(--body_typography-font-size); font-style: var(--body_typography-font-style,normal); font-weight: var(--body_typography-font-weight); letter-spacing: var(--body_typography-letter-spacing);\">and Working Groups within the IOTC and to strengthen beneficiary countries\u2019 capacity on <\/span><span style=\"font-family: var(--body_typography-font-family); font-size: var(--body_typography-font-size); font-style: var(--body_typography-font-style,normal); font-weight: var(--body_typography-font-weight); letter-spacing: var(--body_typography-letter-spacing);\">compliance;<\/span><\/p>\n<p style=\"text-align: justify;\">3. <span style=\"font-family: var(--body_typography-font-family); font-size: var(--body_typography-font-size); font-style: var(--body_typography-font-style,normal); font-weight: var(--body_typography-font-weight); letter-spacing: var(--body_typography-letter-spacing);\">Reinforcing compliance with the IOTC Resolutions in the beneficiary countries, including <\/span><span style=\"font-family: var(--body_typography-font-family); font-size: var(--body_typography-font-size); font-style: var(--body_typography-font-style,normal); font-weight: var(--body_typography-font-weight); letter-spacing: var(--body_typography-letter-spacing);\">financing compliance missions on CMMs, the delivery of workshops and training, the <\/span><span style=\"font-family: var(--body_typography-font-family); font-size: var(--body_typography-font-size); font-style: var(--body_typography-font-style,normal); font-weight: var(--body_typography-font-weight); letter-spacing: var(--body_typography-letter-spacing);\">development of guidelines and a compendium, the transposition of IOTC\u2019s Resolutions into <\/span><span style=\"font-family: var(--body_typography-font-family); font-size: var(--body_typography-font-size); font-style: var(--body_typography-font-style,normal); font-weight: var(--body_typography-font-weight); letter-spacing: var(--body_typography-letter-spacing);\">national legislation, the development of an information system, the creation of a logbook <\/span><span style=\"font-family: var(--body_typography-font-family); font-size: var(--body_typography-font-size); font-style: var(--body_typography-font-style,normal); font-weight: var(--body_typography-font-weight); letter-spacing: var(--body_typography-letter-spacing);\">system, and the promotion of awareness on the IOTC\u2019s processes and CMMs;<\/span><\/p>\n<p style=\"text-align: justify;\">4. <span style=\"font-family: var(--body_typography-font-family); font-size: var(--body_typography-font-size); font-style: var(--body_typography-font-style,normal); font-weight: var(--body_typography-font-weight); letter-spacing: var(--body_typography-letter-spacing);\">Strengthening flag state performance of beneficiary countries through a better <\/span><span style=\"font-family: var(--body_typography-font-family); font-size: var(--body_typography-font-size); font-style: var(--body_typography-font-style,normal); font-weight: var(--body_typography-font-weight); letter-spacing: var(--body_typography-letter-spacing);\">understanding and implementation of their obligations; (e) strengthening the implementation <\/span><span style=\"font-family: var(--body_typography-font-family); font-size: var(--body_typography-font-size); font-style: var(--body_typography-font-style,normal); font-weight: var(--body_typography-font-weight); letter-spacing: var(--body_typography-letter-spacing);\">of port states of measures to fight against illegal, unreported, and unregulated fishing, <\/span><span style=\"font-family: var(--body_typography-font-family); font-size: var(--body_typography-font-size); font-style: var(--body_typography-font-style,normal); font-weight: var(--body_typography-font-weight); letter-spacing: var(--body_typography-letter-spacing);\">through the required administrative and operational support underpinning, delivery of <\/span><span style=\"font-family: var(--body_typography-font-family); font-size: var(--body_typography-font-size); font-style: var(--body_typography-font-style,normal); font-weight: var(--body_typography-font-weight); letter-spacing: var(--body_typography-letter-spacing);\">regional training for national interagency cooperation and regional cooperation, the <\/span><span style=\"font-family: var(--body_typography-font-family); font-size: var(--body_typography-font-size); font-style: var(--body_typography-font-style,normal); font-weight: var(--body_typography-font-weight); letter-spacing: var(--body_typography-letter-spacing);\">development and improvement of an electronic application and the training of coastal <\/span><span style=\"font-family: var(--body_typography-font-family); font-size: var(--body_typography-font-size); font-style: var(--body_typography-font-style,normal); font-weight: var(--body_typography-font-weight); letter-spacing: var(--body_typography-letter-spacing);\">countries in its use, and promotion of awareness and provision of legal support; and<\/span><\/p>\n<p style=\"text-align: justify;\">5. <span style=\"font-family: var(--body_typography-font-family); font-size: var(--body_typography-font-size); font-style: var(--body_typography-font-style,normal); font-weight: var(--body_typography-font-weight); letter-spacing: var(--body_typography-letter-spacing);\">Strengthening the beneficiary countries\u2019 capacity for MCS of tuna and tuna\u2010like fisheries, <\/span><span style=\"font-family: var(--body_typography-font-family); font-size: var(--body_typography-font-size); font-style: var(--body_typography-font-style,normal); font-weight: var(--body_typography-font-weight); letter-spacing: var(--body_typography-letter-spacing);\">through the production of a best practices manual and related guidelines and technical <\/span><span style=\"font-family: var(--body_typography-font-family); font-size: var(--body_typography-font-size); font-style: var(--body_typography-font-style,normal); font-weight: var(--body_typography-font-weight); letter-spacing: var(--body_typography-letter-spacing);\">assistance for implementation of the newly adopted IOTC Resolutions.<\/span><\/p>\n<\/div><\/div><\/div><div class=\"fusion-clearfix\"><\/div><\/div><\/div><\/div><\/div><\/div><\/p>\n","protected":false},"excerpt":{"rendered":"","protected":false},"author":2,"featured_media":0,"parent":0,"menu_order":0,"comment_status":"closed","ping_status":"closed","template":"","meta":{"footnotes":""},"class_list":["post-41095","page","type-page","status-publish","hentry"],"yoast_head":"<!-- This site is optimized with the Yoast SEO Premium plugin v26.5 (Yoast SEO v27.2) - https:\/\/yoast.com\/product\/yoast-seo-premium-wordpress\/ -->\n<title>IOTC - Commission de l&#039;oc\u00e9an Indien<\/title>\n<meta name=\"description\" content=\"Implementation of the resolutions of the Indian Ocean Tuna Commission (IOTC) in the countries of the south-west Indian Ocean\" \/>\n<meta name=\"robots\" content=\"index, follow, max-snippet:-1, max-image-preview:large, max-video-preview:-1\" \/>\n<link rel=\"canonical\" href=\"https:\/\/www.commissionoceanindien.org\/en\/iotc\/\" \/>\n<meta property=\"og:locale\" content=\"en_US\" \/>\n<meta property=\"og:type\" content=\"article\" \/>\n<meta property=\"og:title\" content=\"IOTC\" \/>\n<meta property=\"og:description\" content=\"Implementation of the resolutions of the Indian Ocean Tuna Commission (IOTC) in the countries of the south-west Indian Ocean\" \/>\n<meta property=\"og:url\" content=\"https:\/\/www.commissionoceanindien.org\/en\/iotc\/\" \/>\n<meta property=\"og:site_name\" content=\"Commission de l&#039;oc\u00e9an Indien\" \/>\n<meta property=\"article:modified_time\" content=\"2022-11-14T08:51:22+00:00\" \/>\n<meta name=\"twitter:card\" content=\"summary_large_image\" \/>\n<meta name=\"twitter:label1\" content=\"Est. reading time\" \/>\n\t<meta name=\"twitter:data1\" content=\"5 minutes\" \/>\n<script type=\"application\/ld+json\" class=\"yoast-schema-graph\">{\"@context\":\"https:\/\/schema.org\",\"@graph\":[{\"@type\":\"WebPage\",\"@id\":\"https:\/\/www.commissionoceanindien.org\/en\/iotc\/\",\"url\":\"https:\/\/www.commissionoceanindien.org\/en\/iotc\/\",\"name\":\"IOTC - Commission de l&#039;oc\u00e9an Indien\",\"isPartOf\":{\"@id\":\"https:\/\/www.commissionoceanindien.org\/#website\"},\"datePublished\":\"2022-07-19T15:06:10+00:00\",\"dateModified\":\"2022-11-14T08:51:22+00:00\",\"description\":\"Implementation of the resolutions of the Indian Ocean Tuna Commission (IOTC) in the countries of the south-west Indian Ocean\",\"breadcrumb\":{\"@id\":\"https:\/\/www.commissionoceanindien.org\/en\/iotc\/#breadcrumb\"},\"inLanguage\":\"en-US\",\"potentialAction\":[{\"@type\":\"ReadAction\",\"target\":[\"https:\/\/www.commissionoceanindien.org\/en\/iotc\/\"]}]},{\"@type\":\"BreadcrumbList\",\"@id\":\"https:\/\/www.commissionoceanindien.org\/en\/iotc\/#breadcrumb\",\"itemListElement\":[{\"@type\":\"ListItem\",\"position\":1,\"name\":\"Accueil\",\"item\":\"https:\/\/www.commissionoceanindien.org\/en\/\"},{\"@type\":\"ListItem\",\"position\":2,\"name\":\"IOTC\"}]},{\"@type\":\"WebSite\",\"@id\":\"https:\/\/www.commissionoceanindien.org\/#website\",\"url\":\"https:\/\/www.commissionoceanindien.org\/\",\"name\":\"Commission de l&#039;oc\u00e9an Indien\",\"description\":\"Assurer la s\u00e9curit\u00e9 de l\u2019Indianoc\u00e9anie sur tous les fronts\",\"publisher\":{\"@id\":\"https:\/\/www.commissionoceanindien.org\/#organization\"},\"potentialAction\":[{\"@type\":\"SearchAction\",\"target\":{\"@type\":\"EntryPoint\",\"urlTemplate\":\"https:\/\/www.commissionoceanindien.org\/?s={search_term_string}\"},\"query-input\":{\"@type\":\"PropertyValueSpecification\",\"valueRequired\":true,\"valueName\":\"search_term_string\"}}],\"inLanguage\":\"en-US\"},{\"@type\":\"Organization\",\"@id\":\"https:\/\/www.commissionoceanindien.org\/#organization\",\"name\":\"Commission de l'oc\u00e9an Indien\",\"url\":\"https:\/\/www.commissionoceanindien.org\/\",\"logo\":{\"@type\":\"ImageObject\",\"inLanguage\":\"en-US\",\"@id\":\"https:\/\/www.commissionoceanindien.org\/#\/schema\/logo\/image\/\",\"url\":\"https:\/\/www.commissionoceanindien.org\/wp-content\/uploads\/2019\/10\/french-coi-logo-100px-french-logo.png\",\"contentUrl\":\"https:\/\/www.commissionoceanindien.org\/wp-content\/uploads\/2019\/10\/french-coi-logo-100px-french-logo.png\",\"width\":276,\"height\":100,\"caption\":\"Commission de l'oc\u00e9an Indien\"},\"image\":{\"@id\":\"https:\/\/www.commissionoceanindien.org\/#\/schema\/logo\/image\/\"}}]}<\/script>\n<!-- \/ Yoast SEO Premium plugin. -->","yoast_head_json":{"title":"IOTC - Commission de l&#039;oc\u00e9an Indien","description":"Implementation of the resolutions of the Indian Ocean Tuna Commission (IOTC) in the countries of the south-west Indian Ocean","robots":{"index":"index","follow":"follow","max-snippet":"max-snippet:-1","max-image-preview":"max-image-preview:large","max-video-preview":"max-video-preview:-1"},"canonical":"https:\/\/www.commissionoceanindien.org\/en\/iotc\/","og_locale":"en_US","og_type":"article","og_title":"IOTC","og_description":"Implementation of the resolutions of the Indian Ocean Tuna Commission (IOTC) in the countries of the south-west Indian Ocean","og_url":"https:\/\/www.commissionoceanindien.org\/en\/iotc\/","og_site_name":"Commission de l&#039;oc\u00e9an Indien","article_modified_time":"2022-11-14T08:51:22+00:00","twitter_card":"summary_large_image","twitter_misc":{"Est. reading time":"5 minutes"},"schema":{"@context":"https:\/\/schema.org","@graph":[{"@type":"WebPage","@id":"https:\/\/www.commissionoceanindien.org\/en\/iotc\/","url":"https:\/\/www.commissionoceanindien.org\/en\/iotc\/","name":"IOTC - Commission de l&#039;oc\u00e9an Indien","isPartOf":{"@id":"https:\/\/www.commissionoceanindien.org\/#website"},"datePublished":"2022-07-19T15:06:10+00:00","dateModified":"2022-11-14T08:51:22+00:00","description":"Implementation of the resolutions of the Indian Ocean Tuna Commission (IOTC) in the countries of the south-west Indian Ocean","breadcrumb":{"@id":"https:\/\/www.commissionoceanindien.org\/en\/iotc\/#breadcrumb"},"inLanguage":"en-US","potentialAction":[{"@type":"ReadAction","target":["https:\/\/www.commissionoceanindien.org\/en\/iotc\/"]}]},{"@type":"BreadcrumbList","@id":"https:\/\/www.commissionoceanindien.org\/en\/iotc\/#breadcrumb","itemListElement":[{"@type":"ListItem","position":1,"name":"Accueil","item":"https:\/\/www.commissionoceanindien.org\/en\/"},{"@type":"ListItem","position":2,"name":"IOTC"}]},{"@type":"WebSite","@id":"https:\/\/www.commissionoceanindien.org\/#website","url":"https:\/\/www.commissionoceanindien.org\/","name":"Commission de l&#039;oc\u00e9an Indien","description":"Assurer la s\u00e9curit\u00e9 de l\u2019Indianoc\u00e9anie sur tous les fronts","publisher":{"@id":"https:\/\/www.commissionoceanindien.org\/#organization"},"potentialAction":[{"@type":"SearchAction","target":{"@type":"EntryPoint","urlTemplate":"https:\/\/www.commissionoceanindien.org\/?s={search_term_string}"},"query-input":{"@type":"PropertyValueSpecification","valueRequired":true,"valueName":"search_term_string"}}],"inLanguage":"en-US"},{"@type":"Organization","@id":"https:\/\/www.commissionoceanindien.org\/#organization","name":"Commission de l'oc\u00e9an Indien","url":"https:\/\/www.commissionoceanindien.org\/","logo":{"@type":"ImageObject","inLanguage":"en-US","@id":"https:\/\/www.commissionoceanindien.org\/#\/schema\/logo\/image\/","url":"https:\/\/www.commissionoceanindien.org\/wp-content\/uploads\/2019\/10\/french-coi-logo-100px-french-logo.png","contentUrl":"https:\/\/www.commissionoceanindien.org\/wp-content\/uploads\/2019\/10\/french-coi-logo-100px-french-logo.png","width":276,"height":100,"caption":"Commission de l'oc\u00e9an Indien"},"image":{"@id":"https:\/\/www.commissionoceanindien.org\/#\/schema\/logo\/image\/"}}]}},"_links":{"self":[{"href":"https:\/\/www.commissionoceanindien.org\/en\/wp-json\/wp\/v2\/pages\/41095","targetHints":{"allow":["GET"]}}],"collection":[{"href":"https:\/\/www.commissionoceanindien.org\/en\/wp-json\/wp\/v2\/pages"}],"about":[{"href":"https:\/\/www.commissionoceanindien.org\/en\/wp-json\/wp\/v2\/types\/page"}],"author":[{"embeddable":true,"href":"https:\/\/www.commissionoceanindien.org\/en\/wp-json\/wp\/v2\/users\/2"}],"replies":[{"embeddable":true,"href":"https:\/\/www.commissionoceanindien.org\/en\/wp-json\/wp\/v2\/comments?post=41095"}],"version-history":[{"count":1,"href":"https:\/\/www.commissionoceanindien.org\/en\/wp-json\/wp\/v2\/pages\/41095\/revisions"}],"predecessor-version":[{"id":41096,"href":"https:\/\/www.commissionoceanindien.org\/en\/wp-json\/wp\/v2\/pages\/41095\/revisions\/41096"}],"wp:attachment":[{"href":"https:\/\/www.commissionoceanindien.org\/en\/wp-json\/wp\/v2\/media?parent=41095"}],"curies":[{"name":"wp","href":"https:\/\/api.w.org\/{rel}","templated":true}]}}